{"id":1345,"date":"2025-02-13T13:17:35","date_gmt":"2025-02-13T13:17:35","guid":{"rendered":"https:\/\/rve.eu\/kontakt\/"},"modified":"2025-05-23T12:07:36","modified_gmt":"2025-05-23T12:07:36","slug":"kontakt","status":"publish","type":"page","link":"https:\/\/rve.eu\/de\/kontakt\/","title":{"rendered":"Kontakt"},"content":{"rendered":"\t\t<div data-elementor-type=\"wp-page\" data-elementor-id=\"1345\" class=\"elementor elementor-1345 elementor-518\" data-elementor-post-type=\"page\">\n\t\t\t\t<div class=\"elementor-element elementor-element-5b63ed0 e-con-full e-flex e-con e-parent\" data-id=\"5b63ed0\" data-element_type=\"container\" data-e-type=\"container\">\n\t\t\t\t<div class=\"elementor-element elementor-element-8a1a11c elementor-widget elementor-widget-rve-brandbox\" data-id=\"8a1a11c\" data-element_type=\"widget\" data-e-type=\"widget\" data-widget_type=\"rve-brandbox.default\">\n\t\t\t\t<div class=\"elementor-widget-container\">\n\t\t\t\t\t<div class=\"brandbox\">\n            <nav aria-label=\"breadcrumbs\" class=\"rank-math-breadcrumb\"><p><span class=\"last\">RVE<\/span><\/p><\/nav>    \n    <div class=\"container\">\n        <div class=\"brandbox-content\">\n                            <h1>Kontakt <i>aufnehmen<\/i><\/h1>\n            \n                            <p>M\u00f6chten Sie mehr \u00fcber RVE wissen oder sind Sie neugierig, was wir f\u00fcr Sie tun k\u00f6nnen? Dann k\u00f6nnen Sie gerne Kontakt mit uns aufnehmen. Wir helfen Ihnen gerne!  <\/p>\n            \n            <div class=\"brandbox-btn\">\n                \n                                    <a class=\"btn-primary\" href=\"#contact-form\">Kontakt<\/a>\n                \n                            <\/div>\n        <\/div>\n    <\/div>\n\n    <div class=\"brandbox-media\">\n                    <img fetchpriority=\"high\" decoding=\"async\" width=\"2048\" height=\"1536\" src=\"https:\/\/rve.eu\/wp-content\/uploads\/2025\/01\/IMG_3694.jpeg\" class=\"attachment-full size-full\" alt=\"\" srcset=\"https:\/\/rve.eu\/wp-content\/uploads\/2025\/01\/IMG_3694.jpeg 2048w, https:\/\/rve.eu\/wp-content\/uploads\/2025\/01\/IMG_3694-300x225.jpeg 300w, https:\/\/rve.eu\/wp-content\/uploads\/2025\/01\/IMG_3694-1024x768.jpeg 1024w, https:\/\/rve.eu\/wp-content\/uploads\/2025\/01\/IMG_3694-768x576.jpeg 768w, https:\/\/rve.eu\/wp-content\/uploads\/2025\/01\/IMG_3694-1536x1152.jpeg 1536w\" sizes=\"(max-width: 2048px) 100vw, 2048px\" \/>        \n            <\/div>\n<\/div>\t\t\t\t<\/div>\n\t\t\t\t<\/div>\n\t\t\t\t<\/div>\n\t\t<div class=\"elementor-element elementor-element-98295d3 e-flex e-con-boxed e-con e-parent\" data-id=\"98295d3\" data-element_type=\"container\" data-e-type=\"container\">\n\t\t\t\t\t<div class=\"e-con-inner\">\n\t\t<div class=\"elementor-element elementor-element-79455df e-con-full e-flex e-con e-child\" data-id=\"79455df\" data-element_type=\"container\" data-e-type=\"container\">\n\t\t\t\t<div class=\"elementor-element elementor-element-855d086 elementor-widget elementor-widget-heading\" data-id=\"855d086\" data-element_type=\"widget\" data-e-type=\"widget\" data-widget_type=\"heading.default\">\n\t\t\t\t<div class=\"elementor-widget-container\">\n\t\t\t\t\t<h3 class=\"elementor-heading-title elementor-size-default\">Kontakt<\/h3>\t\t\t\t<\/div>\n\t\t\t\t<\/div>\n\t\t\t\t<div class=\"elementor-element elementor-element-2dba2c0 elementor-widget elementor-widget-text-editor\" data-id=\"2dba2c0\" data-element_type=\"widget\" data-e-type=\"widget\" data-widget_type=\"text-editor.default\">\n\t\t\t\t<div class=\"elementor-widget-container\">\n\t\t\t\t\t\t\t\t\t<p>F\u00fcllen Sie bitte das nebenstehende Formular aus, dann nehmen wir so schnell wie m\u00f6glich Kontakt mit Ihnen auf.<\/p>\t\t\t\t\t\t\t\t<\/div>\n\t\t\t\t<\/div>\n\t\t<div class=\"elementor-element elementor-element-fdb3006 e-con-full e-flex e-con e-child\" data-id=\"fdb3006\" data-element_type=\"container\" data-e-type=\"container\">\n\t\t\t\t<div class=\"elementor-element elementor-element-4b6bd9a elementor-view-default elementor-widget elementor-widget-icon\" data-id=\"4b6bd9a\" data-element_type=\"widget\" data-e-type=\"widget\" data-widget_type=\"icon.default\">\n\t\t\t\t<div class=\"elementor-widget-container\">\n\t\t\t\t\t\t\t<div class=\"elementor-icon-wrapper\">\n\t\t\t<div class=\"elementor-icon\">\n\t\t\t<svg xmlns=\"http:\/\/www.w3.org\/2000\/svg\" width=\"30\" height=\"36\" viewBox=\"0 0 30 36\" fill=\"none\"><path d=\"M14.9991 33.354C18.7581 30.082 21.73 26.7543 23.9146 23.371C26.0993 19.9877 27.1916 17.0615 27.1916 14.5925C27.1916 10.9335 26.0333 7.9135 23.7166 5.5325C21.4 3.15183 18.4941 1.9615 14.9991 1.9615C11.5041 1.9615 8.59831 3.15183 6.28164 5.5325C3.96497 7.9135 2.80664 10.9335 2.80664 14.5925C2.80664 17.0615 3.89897 19.9877 6.08364 23.371C8.26831 26.7543 11.2401 30.082 14.9991 33.354ZM14.9991 35.1115C14.6865 35.1115 14.3736 35.0602 14.0606 34.9575C13.748 34.8552 13.4595 34.6885 13.1951 34.4575C11.7721 33.1498 10.3298 31.6935 8.86814 30.0885C7.40681 28.4835 6.07931 26.8213 4.88564 25.102C3.69197 23.3827 2.71381 21.6275 1.95114 19.8365C1.18814 18.0455 0.806641 16.2975 0.806641 14.5925C0.806641 10.3615 2.18431 6.87167 4.93964 4.123C7.69464 1.37433 11.0478 0 14.9991 0C18.9505 0 22.3036 1.37433 25.0586 4.123C27.814 6.87167 29.1916 10.3615 29.1916 14.5925C29.1916 16.2975 28.8101 18.0392 28.0471 19.8175C27.2845 21.5955 26.3126 23.3505 25.1316 25.0825C23.951 26.8148 22.6298 28.477 21.1681 30.069C19.7068 31.6613 18.2646 33.1113 16.8416 34.419C16.5866 34.65 16.297 34.8232 15.9726 34.9385C15.648 35.0538 15.3235 35.1115 14.9991 35.1115ZM15.0061 17.4615C15.8965 17.4615 16.6563 17.1445 17.2856 16.5105C17.9153 15.8765 18.2301 15.1143 18.2301 14.224C18.2301 13.3337 17.913 12.5737 17.2786 11.944C16.6446 11.3147 15.8825 11 14.9921 11C14.1018 11 13.342 11.317 12.7126 11.951C12.083 12.585 11.7681 13.3472 11.7681 14.2375C11.7681 15.1278 12.0853 15.8878 12.7196 16.5175C13.3536 17.1468 14.1158 17.4615 15.0061 17.4615Z\" fill=\"#004289\"><\/path><\/svg>\t\t\t<\/div>\n\t\t<\/div>\n\t\t\t\t\t\t<\/div>\n\t\t\t\t<\/div>\n\t\t\t\t<div class=\"elementor-element elementor-element-4ca9d75 elementor-widget elementor-widget-text-editor\" data-id=\"4ca9d75\" data-element_type=\"widget\" data-e-type=\"widget\" data-widget_type=\"text-editor.default\">\n\t\t\t\t<div class=\"elementor-widget-container\">\n\t\t\t\t\t\t\t\t\t<p><strong>RVE Hauptgesch\u00e4ftsstelle<\/strong><br>Laan van Verhof 77A<br>2231 DZ Rijnsburg<\/p><p>+31 71 4015 499<\/p><p><a href=\"https:\/\/maps.app.goo.gl\/987qoEXJFP524WeX7\" target=\"_blank\" rel=\"noopener\">Navigieren Sie \u00fcber Google Maps<\/a><\/p>\t\t\t\t\t\t\t\t<\/div>\n\t\t\t\t<\/div>\n\t\t\t\t<\/div>\n\t\t\t\t<\/div>\n\t\t<div class=\"elementor-element elementor-element-39ab5db e-con-full e-flex e-con e-child\" data-id=\"39ab5db\" data-element_type=\"container\" data-e-type=\"container\">\n\t\t\t\t<div class=\"elementor-element elementor-element-d79384a elementor-widget elementor-widget-heading\" data-id=\"d79384a\" data-element_type=\"widget\" data-e-type=\"widget\" data-widget_type=\"heading.default\">\n\t\t\t\t<div class=\"elementor-widget-container\">\n\t\t\t\t\t<h3 class=\"elementor-heading-title elementor-size-default\">Nehmen Sie Kontakt auf<\/h3>\t\t\t\t<\/div>\n\t\t\t\t<\/div>\n\t\t\t\t<div class=\"elementor-element elementor-element-5fdae60 elementor-button-align-start elementor-widget elementor-widget-form\" data-id=\"5fdae60\" data-element_type=\"widget\" data-e-type=\"widget\" id=\"contact-form\" data-settings=\"{&quot;step_next_label&quot;:&quot;N\\u00e4chste&quot;,&quot;step_previous_label&quot;:&quot;Vorherige&quot;,&quot;button_width&quot;:&quot;100&quot;,&quot;step_type&quot;:&quot;number_text&quot;,&quot;step_icon_shape&quot;:&quot;circle&quot;}\" data-widget_type=\"form.default\">\n\t\t\t\t<div class=\"elementor-widget-container\">\n\t\t\t\t\t\t\t<form class=\"elementor-form\" method=\"post\" name=\"Neues Formular\" aria-label=\"Neues Formular\">\n\t\t\t<input type=\"hidden\" name=\"post_id\" value=\"1345\"\/>\n\t\t\t<input type=\"hidden\" name=\"form_id\" value=\"5fdae60\"\/>\n\t\t\t<input type=\"hidden\" name=\"referer_title\" value=\"Kontakt - RVE\" \/>\n\n\t\t\t\t\t\t\t<input type=\"hidden\" name=\"queried_id\" value=\"1345\"\/>\n\t\t\t\n\t\t\t<div class=\"elementor-form-fields-wrapper elementor-labels-\">\n\t\t\t\t\t\t\t\t<div class=\"elementor-field-type-text elementor-field-group elementor-column elementor-field-group-name elementor-col-50\">\n\t\t\t\t\t\t\t\t\t\t\t\t<label for=\"form-field-name\" class=\"elementor-field-label elementor-screen-only\">\n\t\t\t\t\t\t\t\tName\t\t\t\t\t\t\t<\/label>\n\t\t\t\t\t\t\t\t\t\t\t\t\t\t<input size=\"1\" type=\"text\" name=\"form_fields[name]\" id=\"form-field-name\" class=\"elementor-field elementor-size-sm  elementor-field-textual\" placeholder=\"Name\">\n\t\t\t\t\t\t\t\t\t\t\t<\/div>\n\t\t\t\t\t\t\t\t<div class=\"elementor-field-type-tel elementor-field-group elementor-column elementor-field-group-field_eb28d3f elementor-col-50\">\n\t\t\t\t\t\t\t\t\t\t\t\t<label for=\"form-field-field_eb28d3f\" class=\"elementor-field-label elementor-screen-only\">\n\t\t\t\t\t\t\t\tTelefonnummer\t\t\t\t\t\t\t<\/label>\n\t\t\t\t\t\t\t\t<input size=\"1\" type=\"tel\" name=\"form_fields[field_eb28d3f]\" id=\"form-field-field_eb28d3f\" class=\"elementor-field elementor-size-sm  elementor-field-textual\" placeholder=\"Telefonnummer\" pattern=\"[0-9()#&amp;+*-=.]+\" title=\"Nur Nummern oder Telefon-Zeichen (#, -, *, etc) werden akzeptiert.\">\n\n\t\t\t\t\t\t<\/div>\n\t\t\t\t\t\t\t\t<div class=\"elementor-field-type-email elementor-field-group elementor-column elementor-field-group-email elementor-col-100 elementor-field-required\">\n\t\t\t\t\t\t\t\t\t\t\t\t<label for=\"form-field-email\" class=\"elementor-field-label elementor-screen-only\">\n\t\t\t\t\t\t\t\tE-Mail-Adresse\t\t\t\t\t\t\t<\/label>\n\t\t\t\t\t\t\t\t\t\t\t\t\t\t<input size=\"1\" type=\"email\" name=\"form_fields[email]\" id=\"form-field-email\" class=\"elementor-field elementor-size-sm  elementor-field-textual\" placeholder=\"E-Mail-Adresse\" required=\"required\">\n\t\t\t\t\t\t\t\t\t\t\t<\/div>\n\t\t\t\t\t\t\t\t<div class=\"elementor-field-type-textarea elementor-field-group elementor-column elementor-field-group-message elementor-col-100\">\n\t\t\t\t\t\t\t\t\t\t\t\t<label for=\"form-field-message\" class=\"elementor-field-label elementor-screen-only\">\n\t\t\t\t\t\t\t\tWie lautet Ihre Adresse?\t\t\t\t\t\t\t<\/label>\n\t\t\t\t\t\t<textarea class=\"elementor-field-textual elementor-field  elementor-size-sm\" name=\"form_fields[message]\" id=\"form-field-message\" rows=\"4\" placeholder=\"Wie lautet Ihre Adresse?\"><\/textarea>\t\t\t\t<\/div>\n\t\t\t\t\t\t\t\t<div class=\"elementor-field-type-textarea elementor-field-group elementor-column elementor-field-group-field_962a378 elementor-col-100\">\n\t\t\t\t\t\t\t\t\t\t\t\t<label for=\"form-field-field_962a378\" class=\"elementor-field-label elementor-screen-only\">\n\t\t\t\t\t\t\t\tNachricht\t\t\t\t\t\t\t<\/label>\n\t\t\t\t\t\t<textarea class=\"elementor-field-textual elementor-field  elementor-size-sm\" name=\"form_fields[field_962a378]\" id=\"form-field-field_962a378\" rows=\"4\" placeholder=\"Nachricht\"><\/textarea>\t\t\t\t<\/div>\n\t\t\t\t\t\t\t\t<div class=\"elementor-field-type-acceptance elementor-field-group elementor-column elementor-field-group-field_d1fba2f elementor-col-100\">\n\t\t\t\t\t\t\t\t\t\t\t\t<label for=\"form-field-field_d1fba2f\" class=\"elementor-field-label elementor-screen-only\">\n\t\t\t\t\t\t\t\tDatenschutzerkl\u00e4rung\t\t\t\t\t\t\t<\/label>\n\t\t\t\t\t\t\t\t<div class=\"elementor-field-subgroup\">\n\t\t\t<span class=\"elementor-field-option\">\n\t\t\t\t<input type=\"checkbox\" name=\"form_fields[field_d1fba2f]\" id=\"form-field-field_d1fba2f\" class=\"elementor-field elementor-size-sm  elementor-acceptance-field\">\n\t\t\t\t<label for=\"form-field-field_d1fba2f\">Ich stimme der <a href=\"https:\/\/rve.eu\/privacy-policy\/\" target=\"_blank\">Datenschutzerkl\u00e4rung<\/a> zu<\/label>\t\t\t<\/span>\n\t\t<\/div>\n\t\t\t\t\t\t<\/div>\n\t\t\t\t\t\t\t\t<div class=\"elementor-field-type-recaptcha elementor-field-group elementor-column elementor-field-group-field_6913ced elementor-col-100\">\n\t\t\t\t\t<div class=\"elementor-field\" id=\"form-field-field_6913ced\"><div class=\"elementor-g-recaptcha\" data-sitekey=\"6LfKdPMqAAAAAD9a9OiCAeq54emuyzDRLIdOUBrY\" data-type=\"v2_checkbox\" data-theme=\"light\" data-size=\"normal\"><\/div><\/div>\t\t\t\t<\/div>\n\t\t\t\t\t\t\t\t<div class=\"elementor-field-group elementor-column elementor-field-type-submit elementor-col-100 e-form__buttons\">\n\t\t\t\t\t<button class=\"elementor-button elementor-size-sm\" type=\"submit\">\n\t\t\t\t\t\t<span class=\"elementor-button-content-wrapper\">\n\t\t\t\t\t\t\t\t\t\t\t\t\t\t\t\t\t\t\t\t\t\t<span class=\"elementor-button-text\">Formular ausf\u00fcllen<\/span>\n\t\t\t\t\t\t\t\t\t\t\t\t\t<\/span>\n\t\t\t\t\t<\/button>\n\t\t\t\t<\/div>\n\t\t\t<\/div>\n\t\t<\/form>\n\t\t\t\t\t\t<\/div>\n\t\t\t\t<\/div>\n\t\t\t\t<\/div>\n\t\t\t\t\t<\/div>\n\t\t\t\t<\/div>\n\t\t<div class=\"elementor-element elementor-element-200dd81 e-flex e-con-boxed e-con e-parent\" data-id=\"200dd81\" data-element_type=\"container\" data-e-type=\"container\">\n\t\t\t\t\t<div class=\"e-con-inner\">\n\t\t<div class=\"elementor-element elementor-element-c08af9b e-con-full e-flex e-con e-child\" data-id=\"c08af9b\" data-element_type=\"container\" data-e-type=\"container\">\n\t\t<div class=\"elementor-element elementor-element-f52b5e2 e-con-full e-flex e-con e-child\" data-id=\"f52b5e2\" data-element_type=\"container\" data-e-type=\"container\" data-settings=\"{&quot;background_background&quot;:&quot;classic&quot;,&quot;background_motion_fx_motion_fx_scrolling&quot;:&quot;yes&quot;,&quot;background_motion_fx_scale_effect&quot;:&quot;yes&quot;,&quot;background_motion_fx_scale_speed&quot;:{&quot;unit&quot;:&quot;px&quot;,&quot;size&quot;:1,&quot;sizes&quot;:[]},&quot;background_motion_fx_scale_range&quot;:{&quot;unit&quot;:&quot;%&quot;,&quot;size&quot;:&quot;&quot;,&quot;sizes&quot;:{&quot;start&quot;:0,&quot;end&quot;:100}},&quot;background_motion_fx_scale_direction&quot;:&quot;out-in&quot;,&quot;background_motion_fx_devices&quot;:[&quot;desktop&quot;,&quot;tablet&quot;,&quot;mobile&quot;]}\">\n\t\t<div class=\"elementor-element elementor-element-a6dadb2 e-con-full e-flex e-con e-child\" data-id=\"a6dadb2\" data-element_type=\"container\" data-e-type=\"container\" data-settings=\"{&quot;background_background&quot;:&quot;classic&quot;}\">\n\t\t\t\t<div class=\"elementor-element elementor-element-c4eba92 elementor-widget elementor-widget-heading\" data-id=\"c4eba92\" data-element_type=\"widget\" data-e-type=\"widget\" data-widget_type=\"heading.default\">\n\t\t\t\t<div class=\"elementor-widget-container\">\n\t\t\t\t\t<h3 class=\"elementor-heading-title elementor-size-default\">M\u00f6chten Sie auch Teil dieses ehrgeizigen Unternehmens mit dem famili\u00e4ren Arbeitsklima sein?<\/h3>\t\t\t\t<\/div>\n\t\t\t\t<\/div>\n\t\t\t\t<div class=\"elementor-element elementor-element-9ca51df elementor-widget elementor-widget-text-editor\" data-id=\"9ca51df\" data-element_type=\"widget\" data-e-type=\"widget\" data-widget_type=\"text-editor.default\">\n\t\t\t\t<div class=\"elementor-widget-container\">\n\t\t\t\t\t\t\t\t\t<p>Bei RVE zu arbeiten, ist mehr als nur ein Job. Es ist ein Gef\u00fchl, eine Leidenschaft, die wir teilen. In unserer Firma herrscht eine warme, offene und engagierte Kultur. Sehen Sie sich schnell unsere Stellenangebote an.  <\/p>\t\t\t\t\t\t\t\t<\/div>\n\t\t\t\t<\/div>\n\t\t\t\t<div class=\"elementor-element elementor-element-1656549 elementor-button-success elementor-widget elementor-widget-button\" data-id=\"1656549\" data-element_type=\"widget\" data-e-type=\"widget\" data-widget_type=\"button.default\">\n\t\t\t\t<div class=\"elementor-widget-container\">\n\t\t\t\t\t\t\t\t\t<div class=\"elementor-button-wrapper\">\n\t\t\t\t\t<a class=\"elementor-button elementor-button-link elementor-size-sm\" href=\"https:\/\/rve.eu\/de\/arbeiten-bei\/\">\n\t\t\t\t\t\t<span class=\"elementor-button-content-wrapper\">\n\t\t\t\t\t\t<span class=\"elementor-button-icon\">\n\t\t\t\t<svg xmlns=\"http:\/\/www.w3.org\/2000\/svg\" width=\"16\" height=\"12\" viewBox=\"0 0 16 12\" fill=\"none\"><path d=\"M12.15 6.72548H1C0.716667 6.72548 0.479167 6.62964 0.2875 6.43798C0.0958333 6.24631 0 6.00881 0 5.72548C0 5.44214 0.0958333 5.20464 0.2875 5.01298C0.479167 4.82131 0.716667 4.72548 1 4.72548H12.15L9.3 1.87548C9.1 1.67548 9.00417 1.44214 9.0125 1.17548C9.02083 0.908809 9.11667 0.675476 9.3 0.475476C9.5 0.275476 9.7375 0.171309 10.0125 0.162976C10.2875 0.154642 10.525 0.250476 10.725 0.450476L15.3 5.02548C15.4 5.12548 15.4708 5.23381 15.5125 5.35048C15.5542 5.46714 15.575 5.59214 15.575 5.72548C15.575 5.85881 15.5542 5.98381 15.5125 6.10048C15.4708 6.21714 15.4 6.32548 15.3 6.42548L10.725 11.0005C10.525 11.2005 10.2875 11.2963 10.0125 11.288C9.7375 11.2796 9.5 11.1755 9.3 10.9755C9.11667 10.7755 9.02083 10.5421 9.0125 10.2755C9.00417 10.0088 9.1 9.77548 9.3 9.57548L12.15 6.72548Z\" fill=\"white\"><\/path><\/svg>\t\t\t<\/span>\n\t\t\t\t\t\t\t\t\t<span class=\"elementor-button-text\">Arbeiten bei<\/span>\n\t\t\t\t\t<\/span>\n\t\t\t\t\t<\/a>\n\t\t\t\t<\/div>\n\t\t\t\t\t\t\t\t<\/div>\n\t\t\t\t<\/div>\n\t\t\t\t<\/div>\n\t\t\t\t<\/div>\n\t\t\t\t<\/div>\n\t\t\t\t\t<\/div>\n\t\t\t\t<\/div>\n\t\t\t\t<\/div>\n\t\t","protected":false},"excerpt":{"rendered":"<p>RVE Kontakt aufnehmen M\u00f6chten Sie mehr \u00fcber RVE wissen oder sind Sie neugierig, was wir f\u00fcr Sie tun k\u00f6nnen? Dann k\u00f6nnen Sie gerne Kontakt mit uns aufnehmen. Wir helfen Ihnen gerne! Kontakt Kontakt F\u00fcllen Sie bitte das nebenstehende Formular aus, dann nehmen wir so schnell wie m\u00f6glich Kontakt mit Ihnen auf. RVE Hauptgesch\u00e4ftsstelleLaan van Verhof [&hellip;]<\/p>\n","protected":false},"author":1,"featured_media":0,"parent":0,"menu_order":0,"comment_status":"closed","ping_status":"closed","template":"elementor_header_footer","meta":{"_acf_changed":false,"footnotes":""},"class_list":["post-1345","page","type-page","status-publish","hentry"],"acf":[],"_links":{"self":[{"href":"https:\/\/rve.eu\/de\/wp-json\/wp\/v2\/pages\/1345","targetHints":{"allow":["GET"]}}],"collection":[{"href":"https:\/\/rve.eu\/de\/wp-json\/wp\/v2\/pages"}],"about":[{"href":"https:\/\/rve.eu\/de\/wp-json\/wp\/v2\/types\/page"}],"author":[{"embeddable":true,"href":"https:\/\/rve.eu\/de\/wp-json\/wp\/v2\/users\/1"}],"replies":[{"embeddable":true,"href":"https:\/\/rve.eu\/de\/wp-json\/wp\/v2\/comments?post=1345"}],"version-history":[{"count":6,"href":"https:\/\/rve.eu\/de\/wp-json\/wp\/v2\/pages\/1345\/revisions"}],"predecessor-version":[{"id":1740,"href":"https:\/\/rve.eu\/de\/wp-json\/wp\/v2\/pages\/1345\/revisions\/1740"}],"wp:attachment":[{"href":"https:\/\/rve.eu\/de\/wp-json\/wp\/v2\/media?parent=1345"}],"curies":[{"name":"wp","href":"https:\/\/api.w.org\/{rel}","templated":true}]}}