{"id":1356,"date":"2025-01-24T09:41:03","date_gmt":"2025-01-24T09:41:03","guid":{"rendered":"https:\/\/rve.eu\/nachhaltigkeit\/"},"modified":"2025-03-03T08:12:06","modified_gmt":"2025-03-03T08:12:06","slug":"nachhaltigkeit","status":"publish","type":"page","link":"https:\/\/rve.eu\/de\/nachhaltigkeit\/","title":{"rendered":"Nachhaltigkeit"},"content":{"rendered":"\t\t<div data-elementor-type=\"wp-page\" data-elementor-id=\"1356\" class=\"elementor elementor-1356 elementor-258\" data-elementor-post-type=\"page\">\n\t\t\t\t<div class=\"elementor-element elementor-element-93b8301 e-con-full e-flex e-con e-parent\" data-id=\"93b8301\" data-element_type=\"container\" data-e-type=\"container\">\n\t\t\t\t<div class=\"elementor-element elementor-element-2b36218 elementor-widget elementor-widget-rve-brandbox\" data-id=\"2b36218\" data-element_type=\"widget\" data-e-type=\"widget\" data-widget_type=\"rve-brandbox.default\">\n\t\t\t\t<div class=\"elementor-widget-container\">\n\t\t\t\t\t<div class=\"brandbox\">\n            <nav aria-label=\"breadcrumbs\" class=\"rank-math-breadcrumb\"><p><span class=\"last\">RVE<\/span><\/p><\/nav>    \n    <div class=\"container\">\n        <div class=\"brandbox-content\">\n                            <h1>Unser <i>umweltfreunliches<\/i> Vorgehen<\/h1>\n            \n                            <p>Mit gro\u00dfer Sorgfalt stellen wir unser Sortiment zusammen und sorgen f\u00fcr ein frisches Angebot im Gesch\u00e4ft. Dies tun wir mit Liebe zur Natur, zur Umwelt und zu unseren Mitarbeitern. Unsere Kette haben wir so effizient und nachhaltig wie m\u00f6glich gestaltet, sodass die Welt durch unsere Aktivit\u00e4ten m\u00f6glichst wenig belastet wird.  <\/p>\n            \n            <div class=\"brandbox-btn\">\n                \n                \n                            <\/div>\n        <\/div>\n    <\/div>\n\n    <div class=\"brandbox-media\">\n                    <img fetchpriority=\"high\" decoding=\"async\" width=\"1620\" height=\"1080\" src=\"https:\/\/rve.eu\/wp-content\/uploads\/2025\/02\/Headerfoto-duurzaamheid.jpg\" class=\"attachment-full size-full\" alt=\"\" srcset=\"https:\/\/rve.eu\/wp-content\/uploads\/2025\/02\/Headerfoto-duurzaamheid.jpg 1620w, https:\/\/rve.eu\/wp-content\/uploads\/2025\/02\/Headerfoto-duurzaamheid-300x200.jpg 300w, https:\/\/rve.eu\/wp-content\/uploads\/2025\/02\/Headerfoto-duurzaamheid-1024x683.jpg 1024w, https:\/\/rve.eu\/wp-content\/uploads\/2025\/02\/Headerfoto-duurzaamheid-768x512.jpg 768w, https:\/\/rve.eu\/wp-content\/uploads\/2025\/02\/Headerfoto-duurzaamheid-1536x1024.jpg 1536w\" sizes=\"(max-width: 1620px) 100vw, 1620px\" \/>        \n            <\/div>\n<\/div>\t\t\t\t<\/div>\n\t\t\t\t<\/div>\n\t\t\t\t<\/div>\n\t\t<div class=\"elementor-element elementor-element-113e1b5 e-flex e-con-boxed e-con e-parent\" data-id=\"113e1b5\" data-element_type=\"container\" data-e-type=\"container\">\n\t\t\t\t\t<div class=\"e-con-inner\">\n\t\t<div class=\"elementor-element elementor-element-629cdd6 e-con-full e-flex e-con e-child\" data-id=\"629cdd6\" data-element_type=\"container\" data-e-type=\"container\">\n\t\t\t\t<div class=\"elementor-element elementor-element-1765330 elementor-widget elementor-widget-heading\" data-id=\"1765330\" data-element_type=\"widget\" data-e-type=\"widget\" data-widget_type=\"heading.default\">\n\t\t\t\t<div class=\"elementor-widget-container\">\n\t\t\t\t\t<h2 class=\"elementor-heading-title elementor-size-default\">Bewusst auf dem Weg in die Zukunft<\/h2>\t\t\t\t<\/div>\n\t\t\t\t<\/div>\n\t\t\t\t<div class=\"elementor-element elementor-element-7326f28 elementor-widget elementor-widget-text-editor\" data-id=\"7326f28\" data-element_type=\"widget\" data-e-type=\"widget\" data-widget_type=\"text-editor.default\">\n\t\t\t\t<div class=\"elementor-widget-container\">\n\t\t\t\t\t\t\t\t\t<p>Der Ausspruch \u2018Eine bessere Welt beginnt bei dir selbst\u2019 ist vielleicht ein Klischee, aber dennoch mehr als wahr. RVE \u00fcbernimmt Verantwortung f\u00fcr die m\u00f6glichst nachhaltige und effiziente Gestaltung der Kette. Um dies zu erreichen, haben wir uns der <a href=\"https:\/\/www.fsi2025.com\/\" target=\"_blank\" rel=\"noopener\">Floriculture Sustainability Initiative (FSI) <\/a>angeschlossen und erf\u00fcllen die CSRD-Richtlinie. Unsere nachhaltigen Unternehmensziele koppeln wir an die internationalen Ziele von ESG. So machen wir jeden Tag einen Schritt auf eine bessere Zukunft zu.&#8220;    <\/p>\t\t\t\t\t\t\t\t<\/div>\n\t\t\t\t<\/div>\n\t\t\t\t<\/div>\n\t\t\t\t\t<\/div>\n\t\t\t\t<\/div>\n\t\t<div class=\"elementor-element elementor-element-19fd345 e-flex e-con-boxed e-con e-parent\" data-id=\"19fd345\" data-element_type=\"container\" data-e-type=\"container\">\n\t\t\t\t\t<div class=\"e-con-inner\">\n\t\t<div class=\"elementor-element elementor-element-990254e e-con-full e-flex e-con e-child\" data-id=\"990254e\" data-element_type=\"container\" data-e-type=\"container\">\n\t\t<div class=\"elementor-element elementor-element-9652080 e-con-full e-flex e-con e-child\" data-id=\"9652080\" data-element_type=\"container\" data-e-type=\"container\" data-settings=\"{&quot;background_background&quot;:&quot;classic&quot;,&quot;sticky&quot;:&quot;top&quot;,&quot;sticky_offset&quot;:200,&quot;sticky_offset_mobile&quot;:150,&quot;sticky_effects_offset&quot;:200,&quot;sticky_parent&quot;:&quot;yes&quot;,&quot;sticky_on&quot;:[&quot;desktop&quot;,&quot;tablet&quot;,&quot;mobile&quot;],&quot;sticky_anchor_link_offset&quot;:0}\">\n\t\t\t\t<div class=\"elementor-element elementor-element-39ab83c elementor-widget elementor-widget-image\" data-id=\"39ab83c\" data-element_type=\"widget\" data-e-type=\"widget\" data-widget_type=\"image.default\">\n\t\t\t\t<div class=\"elementor-widget-container\">\n\t\t\t\t\t\t\t\t\t\t\t\t\t\t\t<img decoding=\"async\" width=\"175\" height=\"176\" src=\"https:\/\/rve.eu\/wp-content\/uploads\/2025\/02\/Frame-93.png\" class=\"attachment-large size-large wp-image-1217\" alt=\"\" srcset=\"https:\/\/rve.eu\/wp-content\/uploads\/2025\/02\/Frame-93.png 175w, https:\/\/rve.eu\/wp-content\/uploads\/2025\/02\/Frame-93-150x150.png 150w\" sizes=\"(max-width: 175px) 100vw, 175px\" \/>\t\t\t\t\t\t\t\t\t\t\t\t\t\t\t<\/div>\n\t\t\t\t<\/div>\n\t\t<div class=\"elementor-element elementor-element-f49cf38 e-con-full e-flex e-con e-child\" data-id=\"f49cf38\" data-element_type=\"container\" data-e-type=\"container\">\n\t\t\t\t<div class=\"elementor-element elementor-element-ca6a6fb elementor-widget elementor-widget-heading\" data-id=\"ca6a6fb\" data-element_type=\"widget\" data-e-type=\"widget\" data-widget_type=\"heading.default\">\n\t\t\t\t<div class=\"elementor-widget-container\">\n\t\t\t\t\t<h3 class=\"elementor-heading-title elementor-size-default\">Strom<\/h3>\t\t\t\t<\/div>\n\t\t\t\t<\/div>\n\t\t\t\t<div class=\"elementor-element elementor-element-0c89953 elementor-widget elementor-widget-text-editor\" data-id=\"0c89953\" data-element_type=\"widget\" data-e-type=\"widget\" data-widget_type=\"text-editor.default\">\n\t\t\t\t<div class=\"elementor-widget-container\">\n\t\t\t\t\t\t\t\t\t<p>Unser neuer Standort, ein Teil des Geb\u00e4udekomplexes der Hoek Group, ist mit einem innovativen gr\u00fcnen Dach versehen, das teilweise mit Tausenden Sonnenkollektoren und teilweise mit einem Moosdach ausgestattet ist. Dieses Moosdach f\u00f6rdert die Biodiversit\u00e4t und zieht Insekten und Bienen an. Hoek Group investiert zudem weiterhin in nachhaltige Entwicklungen, um unseren Fu\u00dfabdruck weiter zu verkleinern.  <\/p>\t\t\t\t\t\t\t\t<\/div>\n\t\t\t\t<\/div>\n\t\t\t\t<\/div>\n\t\t\t\t<\/div>\n\t\t<div class=\"elementor-element elementor-element-59aba95 e-con-full e-flex e-con e-child\" data-id=\"59aba95\" data-element_type=\"container\" data-e-type=\"container\" data-settings=\"{&quot;background_background&quot;:&quot;classic&quot;,&quot;sticky&quot;:&quot;top&quot;,&quot;sticky_offset&quot;:220,&quot;sticky_offset_mobile&quot;:170,&quot;sticky_parent&quot;:&quot;yes&quot;,&quot;sticky_on&quot;:[&quot;desktop&quot;,&quot;tablet&quot;,&quot;mobile&quot;],&quot;sticky_effects_offset&quot;:0,&quot;sticky_anchor_link_offset&quot;:0}\">\n\t\t\t\t<div class=\"elementor-element elementor-element-6fec98e elementor-widget elementor-widget-image\" data-id=\"6fec98e\" data-element_type=\"widget\" data-e-type=\"widget\" data-widget_type=\"image.default\">\n\t\t\t\t<div class=\"elementor-widget-container\">\n\t\t\t\t\t\t\t\t\t\t\t\t\t\t\t<img decoding=\"async\" width=\"175\" height=\"182\" src=\"https:\/\/rve.eu\/wp-content\/uploads\/2025\/02\/Group-60-1.png\" class=\"attachment-large size-large wp-image-1201\" alt=\"\" \/>\t\t\t\t\t\t\t\t\t\t\t\t\t\t\t<\/div>\n\t\t\t\t<\/div>\n\t\t<div class=\"elementor-element elementor-element-b30d5d0 e-con-full e-flex e-con e-child\" data-id=\"b30d5d0\" data-element_type=\"container\" data-e-type=\"container\">\n\t\t\t\t<div class=\"elementor-element elementor-element-d2952a1 elementor-widget elementor-widget-heading\" data-id=\"d2952a1\" data-element_type=\"widget\" data-e-type=\"widget\" data-widget_type=\"heading.default\">\n\t\t\t\t<div class=\"elementor-widget-container\">\n\t\t\t\t\t<h3 class=\"elementor-heading-title elementor-size-default\">Wasser<\/h3>\t\t\t\t<\/div>\n\t\t\t\t<\/div>\n\t\t\t\t<div class=\"elementor-element elementor-element-ff1e6f3 elementor-widget elementor-widget-text-editor\" data-id=\"ff1e6f3\" data-element_type=\"widget\" data-e-type=\"widget\" data-widget_type=\"text-editor.default\">\n\t\t\t\t<div class=\"elementor-widget-container\">\n\t\t\t\t\t\t\t\t\t<p>Bei RVE wird Handelsware verkaufsbereit transportiert, was bedeutet, dass Blumen auf Wasser bef\u00f6rdert werden. F\u00fcr jedes Produkt wird genau die richtige Menge Wasser abgemessen. RVE stimuliert Initiativen von Z\u00fcchtern und Lieferanten, um den Wasserverbrauch weiter zu verringern.&#8220;  <\/p>\t\t\t\t\t\t\t\t<\/div>\n\t\t\t\t<\/div>\n\t\t\t\t<\/div>\n\t\t\t\t<\/div>\n\t\t<div class=\"elementor-element elementor-element-687e86e e-con-full e-flex e-con e-child\" data-id=\"687e86e\" data-element_type=\"container\" data-e-type=\"container\" data-settings=\"{&quot;background_background&quot;:&quot;classic&quot;,&quot;sticky&quot;:&quot;top&quot;,&quot;sticky_offset&quot;:240,&quot;sticky_offset_mobile&quot;:190,&quot;sticky_effects_offset&quot;:200,&quot;sticky_parent&quot;:&quot;yes&quot;,&quot;sticky_on&quot;:[&quot;desktop&quot;,&quot;tablet&quot;,&quot;mobile&quot;],&quot;sticky_anchor_link_offset&quot;:0}\">\n\t\t\t\t<div class=\"elementor-element elementor-element-a13e53e elementor-widget elementor-widget-image\" data-id=\"a13e53e\" data-element_type=\"widget\" data-e-type=\"widget\" data-widget_type=\"image.default\">\n\t\t\t\t<div class=\"elementor-widget-container\">\n\t\t\t\t\t\t\t\t\t\t\t\t\t\t\t<img loading=\"lazy\" decoding=\"async\" width=\"175\" height=\"182\" src=\"https:\/\/rve.eu\/wp-content\/uploads\/2025\/02\/Laag_1-1.png\" class=\"attachment-large size-large wp-image-1205\" alt=\"\" \/>\t\t\t\t\t\t\t\t\t\t\t\t\t\t\t<\/div>\n\t\t\t\t<\/div>\n\t\t<div class=\"elementor-element elementor-element-55da413 e-con-full e-flex e-con e-child\" data-id=\"55da413\" data-element_type=\"container\" data-e-type=\"container\">\n\t\t\t\t<div class=\"elementor-element elementor-element-0385f6e elementor-widget elementor-widget-heading\" data-id=\"0385f6e\" data-element_type=\"widget\" data-e-type=\"widget\" data-widget_type=\"heading.default\">\n\t\t\t\t<div class=\"elementor-widget-container\">\n\t\t\t\t\t<h3 class=\"elementor-heading-title elementor-size-default\">Distribution<\/h3>\t\t\t\t<\/div>\n\t\t\t\t<\/div>\n\t\t\t\t<div class=\"elementor-element elementor-element-063fb55 elementor-widget elementor-widget-text-editor\" data-id=\"063fb55\" data-element_type=\"widget\" data-e-type=\"widget\" data-widget_type=\"text-editor.default\">\n\t\t\t\t<div class=\"elementor-widget-container\">\n\t\t\t\t\t\t\t\t\t<p>Der Transport von Blumen und Pflanzen bildet die Kernaktivit\u00e4t von RVE. Es hat daher unsere h\u00f6chste Priorit\u00e4t, unseren Fuhrpark so nachhaltig wie m\u00f6glich zu gestalten. Unsere LKWs erf\u00fcllen die strengsten Umweltnormen. Die Fahrten werden so effizient wie m\u00f6glich geplant, sodass jeder gefahrene Kilometer optimal genutzt wird.&#8220;   <\/p>\t\t\t\t\t\t\t\t<\/div>\n\t\t\t\t<\/div>\n\t\t\t\t<\/div>\n\t\t\t\t<\/div>\n\t\t<div class=\"elementor-element elementor-element-9140f92 e-con-full e-flex e-con e-child\" data-id=\"9140f92\" data-element_type=\"container\" data-e-type=\"container\" data-settings=\"{&quot;background_background&quot;:&quot;classic&quot;,&quot;sticky&quot;:&quot;top&quot;,&quot;sticky_offset&quot;:260,&quot;sticky_offset_mobile&quot;:210,&quot;sticky_parent&quot;:&quot;yes&quot;,&quot;sticky_on&quot;:[&quot;desktop&quot;,&quot;tablet&quot;,&quot;mobile&quot;],&quot;sticky_effects_offset&quot;:0,&quot;sticky_anchor_link_offset&quot;:0}\">\n\t\t\t\t<div class=\"elementor-element elementor-element-2c40c28 elementor-widget elementor-widget-image\" data-id=\"2c40c28\" data-element_type=\"widget\" data-e-type=\"widget\" data-widget_type=\"image.default\">\n\t\t\t\t<div class=\"elementor-widget-container\">\n\t\t\t\t\t\t\t\t\t\t\t\t\t\t\t<img loading=\"lazy\" decoding=\"async\" width=\"175\" height=\"182\" src=\"https:\/\/rve.eu\/wp-content\/uploads\/2025\/02\/Group-62-1.png\" class=\"attachment-large size-large wp-image-1209\" alt=\"\" \/>\t\t\t\t\t\t\t\t\t\t\t\t\t\t\t<\/div>\n\t\t\t\t<\/div>\n\t\t<div class=\"elementor-element elementor-element-f7222c9 e-con-full e-flex e-con e-child\" data-id=\"f7222c9\" data-element_type=\"container\" data-e-type=\"container\">\n\t\t\t\t<div class=\"elementor-element elementor-element-1ada258 elementor-widget elementor-widget-heading\" data-id=\"1ada258\" data-element_type=\"widget\" data-e-type=\"widget\" data-widget_type=\"heading.default\">\n\t\t\t\t<div class=\"elementor-widget-container\">\n\t\t\t\t\t<h3 class=\"elementor-heading-title elementor-size-default\">Verpackungen<\/h3>\t\t\t\t<\/div>\n\t\t\t\t<\/div>\n\t\t\t\t<div class=\"elementor-element elementor-element-260f6f9 elementor-widget elementor-widget-text-editor\" data-id=\"260f6f9\" data-element_type=\"widget\" data-e-type=\"widget\" data-widget_type=\"text-editor.default\">\n\t\t\t\t<div class=\"elementor-widget-container\">\n\t\t\t\t\t\t\t\t\t<p>Auf dem Gebiet der nachhaltigen Verpackungen arbeiten wir zusammen mit Lieferanten und Z\u00fcchtern hart an weiteren Verbesserungen. Unsere Produkte werden in 100% recycelf\u00e4hige Materialien verpackt. Wir streben den ausschlie\u00dflichen Gebrauch von recyceltem Material (ohne neue Rohstoffe) und nat\u00fcrlichen Materialien an.  <\/p>\t\t\t\t\t\t\t\t<\/div>\n\t\t\t\t<\/div>\n\t\t\t\t<\/div>\n\t\t\t\t<\/div>\n\t\t<div class=\"elementor-element elementor-element-ebf319e e-con-full e-flex e-con e-child\" data-id=\"ebf319e\" data-element_type=\"container\" data-e-type=\"container\" data-settings=\"{&quot;background_background&quot;:&quot;classic&quot;,&quot;sticky&quot;:&quot;top&quot;,&quot;sticky_offset&quot;:260,&quot;sticky_parent&quot;:&quot;yes&quot;,&quot;sticky_on&quot;:[&quot;desktop&quot;,&quot;tablet&quot;,&quot;mobile&quot;],&quot;sticky_effects_offset&quot;:0,&quot;sticky_anchor_link_offset&quot;:0}\">\n\t\t\t\t<div class=\"elementor-element elementor-element-5f97abb elementor-widget elementor-widget-image\" data-id=\"5f97abb\" data-element_type=\"widget\" data-e-type=\"widget\" data-widget_type=\"image.default\">\n\t\t\t\t<div class=\"elementor-widget-container\">\n\t\t\t\t\t\t\t\t\t\t\t\t\t\t\t<img loading=\"lazy\" decoding=\"async\" width=\"175\" height=\"182\" src=\"https:\/\/rve.eu\/wp-content\/uploads\/2025\/02\/Group-63.png\" class=\"attachment-large size-large wp-image-1213\" alt=\"\" \/>\t\t\t\t\t\t\t\t\t\t\t\t\t\t\t<\/div>\n\t\t\t\t<\/div>\n\t\t<div class=\"elementor-element elementor-element-1c90955 e-con-full e-flex e-con e-child\" data-id=\"1c90955\" data-element_type=\"container\" data-e-type=\"container\">\n\t\t\t\t<div class=\"elementor-element elementor-element-a96c6dd elementor-widget elementor-widget-heading\" data-id=\"a96c6dd\" data-element_type=\"widget\" data-e-type=\"widget\" data-widget_type=\"heading.default\">\n\t\t\t\t<div class=\"elementor-widget-container\">\n\t\t\t\t\t<h3 class=\"elementor-heading-title elementor-size-default\">Soziales<\/h3>\t\t\t\t<\/div>\n\t\t\t\t<\/div>\n\t\t\t\t<div class=\"elementor-element elementor-element-ae45b43 elementor-widget elementor-widget-text-editor\" data-id=\"ae45b43\" data-element_type=\"widget\" data-e-type=\"widget\" data-widget_type=\"text-editor.default\">\n\t\t\t\t<div class=\"elementor-widget-container\">\n\t\t\t\t\t\t\t\t\t<p>Wir k\u00fcmmern uns nicht nur um die Umwelt und die Natur, sondern auch um eine nachhaltige Beziehung zu unseren Mitarbeitern. Wir finden es wichtig, dass sie sich wohlf\u00fchlen und ein gesundes Gleichgewicht zwischen Arbeit und Privatleben finden. <\/p>\t\t\t\t\t\t\t\t<\/div>\n\t\t\t\t<\/div>\n\t\t\t\t<\/div>\n\t\t\t\t<\/div>\n\t\t\t\t<\/div>\n\t\t\t\t\t<\/div>\n\t\t\t\t<\/div>\n\t\t<div class=\"elementor-element elementor-element-3f30544 e-flex e-con-boxed e-con e-parent\" data-id=\"3f30544\" data-element_type=\"container\" data-e-type=\"container\">\n\t\t\t\t\t<div class=\"e-con-inner\">\n\t\t<div class=\"elementor-element elementor-element-53c8220 e-con-full e-flex e-con e-child\" data-id=\"53c8220\" data-element_type=\"container\" data-e-type=\"container\">\n\t\t<div class=\"elementor-element elementor-element-370ef8b e-con-full e-flex e-con e-child\" data-id=\"370ef8b\" data-element_type=\"container\" data-e-type=\"container\" data-settings=\"{&quot;background_background&quot;:&quot;classic&quot;,&quot;background_motion_fx_motion_fx_scrolling&quot;:&quot;yes&quot;,&quot;background_motion_fx_scale_effect&quot;:&quot;yes&quot;,&quot;background_motion_fx_scale_speed&quot;:{&quot;unit&quot;:&quot;px&quot;,&quot;size&quot;:1,&quot;sizes&quot;:[]},&quot;background_motion_fx_scale_range&quot;:{&quot;unit&quot;:&quot;%&quot;,&quot;size&quot;:&quot;&quot;,&quot;sizes&quot;:{&quot;start&quot;:0,&quot;end&quot;:100}},&quot;background_motion_fx_scale_direction&quot;:&quot;out-in&quot;,&quot;background_motion_fx_devices&quot;:[&quot;desktop&quot;,&quot;tablet&quot;,&quot;mobile&quot;]}\">\n\t\t\t\t<\/div>\n\t\t<div class=\"elementor-element elementor-element-2513088 e-con-full e-flex e-con e-child\" data-id=\"2513088\" data-element_type=\"container\" data-e-type=\"container\" data-settings=\"{&quot;background_background&quot;:&quot;classic&quot;}\">\n\t\t\t\t<\/div>\n\t\t<div class=\"elementor-element elementor-element-19fb8c1 e-con-full e-flex e-con e-child\" data-id=\"19fb8c1\" data-element_type=\"container\" data-e-type=\"container\" data-settings=\"{&quot;background_background&quot;:&quot;classic&quot;}\">\n\t\t\t\t<div class=\"elementor-element elementor-element-fcbfc78 elementor-widget elementor-widget-heading\" data-id=\"fcbfc78\" data-element_type=\"widget\" data-e-type=\"widget\" data-widget_type=\"heading.default\">\n\t\t\t\t<div class=\"elementor-widget-container\">\n\t\t\t\t\t<h3 class=\"elementor-heading-title elementor-size-default\">Gemeinsam f\u00fcr eine bessere Welt<\/h3>\t\t\t\t<\/div>\n\t\t\t\t<\/div>\n\t\t\t\t<div class=\"elementor-element elementor-element-7326eb2 elementor-widget elementor-widget-text-editor\" data-id=\"7326eb2\" data-element_type=\"widget\" data-e-type=\"widget\" data-widget_type=\"text-editor.default\">\n\t\t\t\t<div class=\"elementor-widget-container\">\n\t\t\t\t\t\t\t\t\t<p>RVE legt gro\u00dfen Wert auf soziales Engagement, sowohl in der direkten Umgebung als auch unter den Mitarbeitern. Darum sponsert das Unternehmen verschiedene lokale Sport- und Musikvereine. Dar\u00fcber hinaus unterst\u00fctzt RVE verschiedene gute Zwecke, um zu einer positiven Auswirkung auf die Gesellschaft beizutragen.  <br><br><\/p>\t\t\t\t\t\t\t\t<\/div>\n\t\t\t\t<\/div>\n\t\t\t\t<div class=\"elementor-element elementor-element-a18aa65 elementor-widget elementor-widget-button\" data-id=\"a18aa65\" data-element_type=\"widget\" data-e-type=\"widget\" data-widget_type=\"button.default\">\n\t\t\t\t<div class=\"elementor-widget-container\">\n\t\t\t\t\t\t\t\t\t<div class=\"elementor-button-wrapper\">\n\t\t\t\t\t<a class=\"elementor-button elementor-button-link elementor-size-sm\" href=\"https:\/\/rve.eu\/de\/ueber-uns\/\">\n\t\t\t\t\t\t<span class=\"elementor-button-content-wrapper\">\n\t\t\t\t\t\t\t\t\t<span class=\"elementor-button-text\">\u00dcber uns<\/span>\n\t\t\t\t\t<\/span>\n\t\t\t\t\t<\/a>\n\t\t\t\t<\/div>\n\t\t\t\t\t\t\t\t<\/div>\n\t\t\t\t<\/div>\n\t\t\t\t<\/div>\n\t\t\t\t<\/div>\n\t\t\t\t\t<\/div>\n\t\t\t\t<\/div>\n\t\t\t\t<\/div>\n\t\t","protected":false},"excerpt":{"rendered":"<p>RVE Unser umweltfreunliches Vorgehen Mit gro\u00dfer Sorgfalt stellen wir unser Sortiment zusammen und sorgen f\u00fcr ein frisches Angebot im Gesch\u00e4ft. Dies tun wir mit Liebe zur Natur, zur Umwelt und zu unseren Mitarbeitern. Unsere Kette haben wir so effizient und nachhaltig wie m\u00f6glich gestaltet, sodass die Welt durch unsere Aktivit\u00e4ten m\u00f6glichst wenig belastet wird. Bewusst [&hellip;]<\/p>\n","protected":false},"author":1,"featured_media":0,"parent":0,"menu_order":0,"comment_status":"closed","ping_status":"closed","template":"elementor_header_footer","meta":{"_acf_changed":false,"footnotes":""},"class_list":["post-1356","page","type-page","status-publish","hentry"],"acf":[],"_links":{"self":[{"href":"https:\/\/rve.eu\/de\/wp-json\/wp\/v2\/pages\/1356","targetHints":{"allow":["GET"]}}],"collection":[{"href":"https:\/\/rve.eu\/de\/wp-json\/wp\/v2\/pages"}],"about":[{"href":"https:\/\/rve.eu\/de\/wp-json\/wp\/v2\/types\/page"}],"author":[{"embeddable":true,"href":"https:\/\/rve.eu\/de\/wp-json\/wp\/v2\/users\/1"}],"replies":[{"embeddable":true,"href":"https:\/\/rve.eu\/de\/wp-json\/wp\/v2\/comments?post=1356"}],"version-history":[{"count":2,"href":"https:\/\/rve.eu\/de\/wp-json\/wp\/v2\/pages\/1356\/revisions"}],"predecessor-version":[{"id":1611,"href":"https:\/\/rve.eu\/de\/wp-json\/wp\/v2\/pages\/1356\/revisions\/1611"}],"wp:attachment":[{"href":"https:\/\/rve.eu\/de\/wp-json\/wp\/v2\/media?parent=1356"}],"curies":[{"name":"wp","href":"https:\/\/api.w.org\/{rel}","templated":true}]}}