{"id":1381,"date":"2025-02-14T08:25:45","date_gmt":"2025-02-14T08:25:45","guid":{"rendered":"https:\/\/rve.eu\/was-wir-tun\/kunde-werden\/"},"modified":"2025-03-03T08:37:04","modified_gmt":"2025-03-03T08:37:04","slug":"kunde-werden","status":"publish","type":"page","link":"https:\/\/rve.eu\/de\/was-wir-tun\/kunde-werden\/","title":{"rendered":"Kunde werden"},"content":{"rendered":"\t\t<div data-elementor-type=\"wp-page\" data-elementor-id=\"1381\" class=\"elementor elementor-1381 elementor-677\" data-elementor-post-type=\"page\">\n\t\t\t\t<div class=\"elementor-element elementor-element-aed261a e-con-full e-flex e-con e-parent\" data-id=\"aed261a\" data-element_type=\"container\" data-e-type=\"container\">\n\t\t\t\t<div class=\"elementor-element elementor-element-5f32bba elementor-widget elementor-widget-rve-brandbox\" data-id=\"5f32bba\" data-element_type=\"widget\" data-e-type=\"widget\" data-widget_type=\"rve-brandbox.default\">\n\t\t\t\t<div class=\"elementor-widget-container\">\n\t\t\t\t\t<div class=\"brandbox\">\n            <nav aria-label=\"breadcrumbs\" class=\"rank-math-breadcrumb\"><p><span class=\"last\">RVE<\/span><\/p><\/nav>    \n    <div class=\"container\">\n        <div class=\"brandbox-content\">\n                            <h1>Kunde <i>werden<\/i><\/h1>\n            \n                            <p>Sind Sie auf der Suche nach einem Full-Service-Lieferanten von hochwertigen Blumen und Pflanzen? Entdecken Sie, wie wir Ihr Verkaufsregal in ein gewinnbringendes und farbenfrohes Ganzes verwandeln. \n<\/p>\n            \n            <div class=\"brandbox-btn\">\n                \n                                    <a class=\"btn-primary\" href=\"https:\/\/rve.eu\/wp-content\/uploads\/2025\/02\/Brochure_English.pdf\" target=\"_blank\" download-icon=\"\">Brosch\u00fcre herunterladen<\/a>\n                \n                                    <a class=\"btn-secondary\" href=\"https:\/\/rve.eu\/de\/kontakt\/\">Kontakt<\/a>\n                            <\/div>\n        <\/div>\n    <\/div>\n\n    <div class=\"brandbox-media\">\n                    <img fetchpriority=\"high\" decoding=\"async\" width=\"1620\" height=\"1080\" src=\"https:\/\/rve.eu\/wp-content\/uploads\/2025\/02\/Header-klant-worden.jpg\" class=\"attachment-full size-full\" alt=\"\" srcset=\"https:\/\/rve.eu\/wp-content\/uploads\/2025\/02\/Header-klant-worden.jpg 1620w, https:\/\/rve.eu\/wp-content\/uploads\/2025\/02\/Header-klant-worden-300x200.jpg 300w, https:\/\/rve.eu\/wp-content\/uploads\/2025\/02\/Header-klant-worden-1024x683.jpg 1024w, https:\/\/rve.eu\/wp-content\/uploads\/2025\/02\/Header-klant-worden-768x512.jpg 768w, https:\/\/rve.eu\/wp-content\/uploads\/2025\/02\/Header-klant-worden-1536x1024.jpg 1536w\" sizes=\"(max-width: 1620px) 100vw, 1620px\" \/>        \n            <\/div>\n<\/div>\t\t\t\t<\/div>\n\t\t\t\t<\/div>\n\t\t\t\t<\/div>\n\t\t<div class=\"elementor-element elementor-element-1d67434 e-flex e-con-boxed e-con e-parent\" data-id=\"1d67434\" data-element_type=\"container\" data-e-type=\"container\">\n\t\t\t\t\t<div class=\"e-con-inner\">\n\t\t<div class=\"elementor-element elementor-element-c1edfae e-con-full e-flex e-con e-child\" data-id=\"c1edfae\" data-element_type=\"container\" data-e-type=\"container\">\n\t\t\t\t<div class=\"elementor-element elementor-element-31d2c7d elementor-widget elementor-widget-heading\" data-id=\"31d2c7d\" data-element_type=\"widget\" data-e-type=\"widget\" data-widget_type=\"heading.default\">\n\t\t\t\t<div class=\"elementor-widget-container\">\n\t\t\t\t\t<h2 class=\"elementor-heading-title elementor-size-default\">Die Vorteile von Full-Service<\/h2>\t\t\t\t<\/div>\n\t\t\t\t<\/div>\n\t\t\t\t<div class=\"elementor-element elementor-element-135f53c elementor-widget elementor-widget-text-editor\" data-id=\"135f53c\" data-element_type=\"widget\" data-e-type=\"widget\" data-widget_type=\"text-editor.default\">\n\t\t\t\t<div class=\"elementor-widget-container\">\n\t\t\t\t\t\t\t\t\t<p>RVE ist Ihr zuverl\u00e4ssiger Partner f\u00fcr Blumen und Pflanzen. Mit unserer bew\u00e4hrten Vorgehensweise erzielen wir bei mehr als 2.500 Gesch\u00e4ften in Deutschland, Belgien und den Niederlanden ein Umsatzwachstum und \u00fcbernehmen dabei das gesamte Verkaufsrisiko. <\/p><p>Unsere erfahrenen Mitarbeiter liefern w\u00f6chentlich frische Produkte und sorgen f\u00fcr eine gepflegte, attraktive Pr\u00e4sentation im Gesch\u00e4ft. Dank intelligenter Datenanalyse und tiefen Einsichten in den Markt bieten wir immer das richtige Produkt im richtigen Moment an. So machen wir Ihr Blumen- und Pflanzenregal gewinnbringend und geben ihm einen echten Mehrwert f\u00fcr Ihr Gesch\u00e4ft.  <\/p>\t\t\t\t\t\t\t\t<\/div>\n\t\t\t\t<\/div>\n\t\t\t\t<\/div>\n\t\t\t\t\t<\/div>\n\t\t\t\t<\/div>\n\t\t<div class=\"elementor-element elementor-element-1a9ce234 e-flex e-con-boxed e-con e-parent\" data-id=\"1a9ce234\" data-element_type=\"container\" data-e-type=\"container\" data-settings=\"{&quot;background_background&quot;:&quot;classic&quot;}\">\n\t\t\t\t\t<div class=\"e-con-inner\">\n\t\t<div class=\"elementor-element elementor-element-489c96a4 e-con-full e-flex e-con e-child\" data-id=\"489c96a4\" data-element_type=\"container\" data-e-type=\"container\">\n\t\t\t\t<div class=\"elementor-element elementor-element-6589a2d4 elementor-widget elementor-widget-heading\" data-id=\"6589a2d4\" data-element_type=\"widget\" data-e-type=\"widget\" data-widget_type=\"heading.default\">\n\t\t\t\t<div class=\"elementor-widget-container\">\n\t\t\t\t\t<h2 class=\"elementor-heading-title elementor-size-default\">Warom RVE<\/h2>\t\t\t\t<\/div>\n\t\t\t\t<\/div>\n\t\t\t\t<div class=\"elementor-element elementor-element-4745a7a5 elementor-button-info elementor-widget elementor-widget-button\" data-id=\"4745a7a5\" data-element_type=\"widget\" data-e-type=\"widget\" data-widget_type=\"button.default\">\n\t\t\t\t<div class=\"elementor-widget-container\">\n\t\t\t\t\t\t\t\t\t<div class=\"elementor-button-wrapper\">\n\t\t\t\t\t<a class=\"elementor-button elementor-button-link elementor-size-sm\" href=\"https:\/\/rve.eu\/de\/ueber-uns\/\">\n\t\t\t\t\t\t<span class=\"elementor-button-content-wrapper\">\n\t\t\t\t\t\t\t\t\t<span class=\"elementor-button-text\">Unsere Geschichte<\/span>\n\t\t\t\t\t<\/span>\n\t\t\t\t\t<\/a>\n\t\t\t\t<\/div>\n\t\t\t\t\t\t\t\t<\/div>\n\t\t\t\t<\/div>\n\t\t\t\t<\/div>\n\t\t<div class=\"elementor-element elementor-element-3053a5b5 e-con-full e-flex e-con e-child\" data-id=\"3053a5b5\" data-element_type=\"container\" data-e-type=\"container\">\n\t\t\t\t<div class=\"elementor-element elementor-element-77945df elementor-widget elementor-widget-global elementor-global-1716 elementor-global-1427 elementor-widget-rve-usp\" data-id=\"77945df\" data-element_type=\"widget\" data-e-type=\"widget\" data-widget_type=\"rve-usp.default\">\n\t\t\t\t<div class=\"elementor-widget-container\">\n\t\t\t\t\t<div class=\"usps\">\n                        <div class=\"usp\">\n                                    <img decoding=\"async\" width=\"1920\" height=\"1080\" src=\"https:\/\/rve.eu\/wp-content\/uploads\/2025\/02\/RVE-8.jpg\" class=\"attachment-full size-full\" alt=\"\" srcset=\"https:\/\/rve.eu\/wp-content\/uploads\/2025\/02\/RVE-8.jpg 1920w, https:\/\/rve.eu\/wp-content\/uploads\/2025\/02\/RVE-8-300x169.jpg 300w, https:\/\/rve.eu\/wp-content\/uploads\/2025\/02\/RVE-8-1024x576.jpg 1024w, https:\/\/rve.eu\/wp-content\/uploads\/2025\/02\/RVE-8-768x432.jpg 768w, https:\/\/rve.eu\/wp-content\/uploads\/2025\/02\/RVE-8-1536x864.jpg 1536w\" sizes=\"(max-width: 1920px) 100vw, 1920px\" \/>                                \n                                    <span>Von A bis Z organisiert und betreut<\/span>\n                            <\/div>\n                    <div class=\"usp\">\n                                    <img decoding=\"async\" width=\"1620\" height=\"1080\" src=\"https:\/\/rve.eu\/wp-content\/uploads\/2025\/02\/Waarom-RVE-2.jpg\" class=\"attachment-full size-full\" alt=\"\" srcset=\"https:\/\/rve.eu\/wp-content\/uploads\/2025\/02\/Waarom-RVE-2.jpg 1620w, https:\/\/rve.eu\/wp-content\/uploads\/2025\/02\/Waarom-RVE-2-300x200.jpg 300w, https:\/\/rve.eu\/wp-content\/uploads\/2025\/02\/Waarom-RVE-2-1024x683.jpg 1024w, https:\/\/rve.eu\/wp-content\/uploads\/2025\/02\/Waarom-RVE-2-768x512.jpg 768w, https:\/\/rve.eu\/wp-content\/uploads\/2025\/02\/Waarom-RVE-2-1536x1024.jpg 1536w\" sizes=\"(max-width: 1620px) 100vw, 1620px\" \/>                                \n                                    <span>W\u00f6chentlich ein gepflegtes Erscheinungsbild<\/span>\n                            <\/div>\n                    <div class=\"usp\">\n                                    <img loading=\"lazy\" decoding=\"async\" width=\"1620\" height=\"1080\" src=\"https:\/\/rve.eu\/wp-content\/uploads\/2025\/02\/Waarom-RVE-3.jpg\" class=\"attachment-full size-full\" alt=\"\" srcset=\"https:\/\/rve.eu\/wp-content\/uploads\/2025\/02\/Waarom-RVE-3.jpg 1620w, https:\/\/rve.eu\/wp-content\/uploads\/2025\/02\/Waarom-RVE-3-300x200.jpg 300w, https:\/\/rve.eu\/wp-content\/uploads\/2025\/02\/Waarom-RVE-3-1024x683.jpg 1024w, https:\/\/rve.eu\/wp-content\/uploads\/2025\/02\/Waarom-RVE-3-768x512.jpg 768w, https:\/\/rve.eu\/wp-content\/uploads\/2025\/02\/Waarom-RVE-3-1536x1024.jpg 1536w\" sizes=\"(max-width: 1620px) 100vw, 1620px\" \/>                                \n                                    <span>Durchdacht und mit Blick f\u00fcrs Detail<\/span>\n                            <\/div>\n                    <div class=\"usp\">\n                                    <img loading=\"lazy\" decoding=\"async\" width=\"1620\" height=\"1080\" src=\"https:\/\/rve.eu\/wp-content\/uploads\/2025\/02\/Waarom-RVE-5.jpg\" class=\"attachment-full size-full\" alt=\"\" srcset=\"https:\/\/rve.eu\/wp-content\/uploads\/2025\/02\/Waarom-RVE-5.jpg 1620w, https:\/\/rve.eu\/wp-content\/uploads\/2025\/02\/Waarom-RVE-5-300x200.jpg 300w, https:\/\/rve.eu\/wp-content\/uploads\/2025\/02\/Waarom-RVE-5-1024x683.jpg 1024w, https:\/\/rve.eu\/wp-content\/uploads\/2025\/02\/Waarom-RVE-5-768x512.jpg 768w, https:\/\/rve.eu\/wp-content\/uploads\/2025\/02\/Waarom-RVE-5-1536x1024.jpg 1536w\" sizes=\"(max-width: 1620px) 100vw, 1620px\" \/>                                \n                                    <span>Immer frisch<\/span>\n                            <\/div>\n                    <div class=\"usp\">\n                                    <img loading=\"lazy\" decoding=\"async\" width=\"1620\" height=\"1080\" src=\"https:\/\/rve.eu\/wp-content\/uploads\/2025\/02\/Waarom-RVE-4.jpg\" class=\"attachment-full size-full\" alt=\"\" srcset=\"https:\/\/rve.eu\/wp-content\/uploads\/2025\/02\/Waarom-RVE-4.jpg 1620w, https:\/\/rve.eu\/wp-content\/uploads\/2025\/02\/Waarom-RVE-4-300x200.jpg 300w, https:\/\/rve.eu\/wp-content\/uploads\/2025\/02\/Waarom-RVE-4-1024x683.jpg 1024w, https:\/\/rve.eu\/wp-content\/uploads\/2025\/02\/Waarom-RVE-4-768x512.jpg 768w, https:\/\/rve.eu\/wp-content\/uploads\/2025\/02\/Waarom-RVE-4-1536x1024.jpg 1536w\" sizes=\"(max-width: 1620px) 100vw, 1620px\" \/>                                \n                                    <span>Attraktiv f\u00fcr den Verbraucher<\/span>\n                            <\/div>\n                    <div class=\"usp\">\n                                    <img loading=\"lazy\" decoding=\"async\" width=\"1620\" height=\"1080\" src=\"https:\/\/rve.eu\/wp-content\/uploads\/2025\/02\/Waarom-RVE-1.jpg\" class=\"attachment-full size-full\" alt=\"\" srcset=\"https:\/\/rve.eu\/wp-content\/uploads\/2025\/02\/Waarom-RVE-1.jpg 1620w, https:\/\/rve.eu\/wp-content\/uploads\/2025\/02\/Waarom-RVE-1-300x200.jpg 300w, https:\/\/rve.eu\/wp-content\/uploads\/2025\/02\/Waarom-RVE-1-1024x683.jpg 1024w, https:\/\/rve.eu\/wp-content\/uploads\/2025\/02\/Waarom-RVE-1-768x512.jpg 768w, https:\/\/rve.eu\/wp-content\/uploads\/2025\/02\/Waarom-RVE-1-1536x1024.jpg 1536w\" sizes=\"(max-width: 1620px) 100vw, 1620px\" \/>                                \n                                    <span>Immer ein pers\u00f6nlicher RVE-Ansprechpartner<\/span>\n                            <\/div>\n            <\/div>\t\t\t\t<\/div>\n\t\t\t\t<\/div>\n\t\t\t\t<\/div>\n\t\t\t\t\t<\/div>\n\t\t\t\t<\/div>\n\t\t<div class=\"elementor-element elementor-element-7138ca4 e-flex e-con-boxed e-con e-parent\" data-id=\"7138ca4\" data-element_type=\"container\" data-e-type=\"container\">\n\t\t\t\t\t<div class=\"e-con-inner\">\n\t\t<div class=\"elementor-element elementor-element-ded5494 e-con-full e-flex e-con e-child\" data-id=\"ded5494\" data-element_type=\"container\" data-e-type=\"container\">\n\t\t<div class=\"elementor-element elementor-element-f446e8b e-con-full e-flex e-con e-child\" data-id=\"f446e8b\" data-element_type=\"container\" data-e-type=\"container\" data-settings=\"{&quot;background_background&quot;:&quot;classic&quot;,&quot;background_motion_fx_motion_fx_scrolling&quot;:&quot;yes&quot;,&quot;background_motion_fx_scale_effect&quot;:&quot;yes&quot;,&quot;background_motion_fx_scale_speed&quot;:{&quot;unit&quot;:&quot;px&quot;,&quot;size&quot;:1,&quot;sizes&quot;:[]},&quot;background_motion_fx_scale_range&quot;:{&quot;unit&quot;:&quot;%&quot;,&quot;size&quot;:&quot;&quot;,&quot;sizes&quot;:{&quot;start&quot;:0,&quot;end&quot;:100}},&quot;background_motion_fx_scale_direction&quot;:&quot;out-in&quot;,&quot;background_motion_fx_devices&quot;:[&quot;desktop&quot;,&quot;tablet&quot;,&quot;mobile&quot;]}\">\n\t\t\t\t<\/div>\n\t\t<div class=\"elementor-element elementor-element-6de4228 e-con-full e-flex e-con e-child\" data-id=\"6de4228\" data-element_type=\"container\" data-e-type=\"container\" data-settings=\"{&quot;background_background&quot;:&quot;classic&quot;}\">\n\t\t\t\t<\/div>\n\t\t<div class=\"elementor-element elementor-element-808c543 e-con-full e-flex e-con e-child\" data-id=\"808c543\" data-element_type=\"container\" data-e-type=\"container\" data-settings=\"{&quot;background_background&quot;:&quot;classic&quot;}\">\n\t\t\t\t<div class=\"elementor-element elementor-element-ca5d044 elementor-widget elementor-widget-heading\" data-id=\"ca5d044\" data-element_type=\"widget\" data-e-type=\"widget\" data-widget_type=\"heading.default\">\n\t\t\t\t<div class=\"elementor-widget-container\">\n\t\t\t\t\t<h3 class=\"elementor-heading-title elementor-size-default\">F\u00fcr eine bessere Welt<\/h3>\t\t\t\t<\/div>\n\t\t\t\t<\/div>\n\t\t\t\t<div class=\"elementor-element elementor-element-0de78a8 elementor-widget elementor-widget-text-editor\" data-id=\"0de78a8\" data-element_type=\"widget\" data-e-type=\"widget\" data-widget_type=\"text-editor.default\">\n\t\t\t\t<div class=\"elementor-widget-container\">\n\t\t\t\t\t\t\t\t\t<p>Bei RVE kombinieren wir Wachstum mit einem starken Fokus auf Nachhaltigkeit und Verantwortung. Durch kritisches Pr\u00fcfen und kontinuierliches Verbessern unserer Betriebsf\u00fchrung \u00fcbernehmen wir Verantwortung f\u00fcr unsere Auswirkungen auf Mensch und Umwelt. Entdecken Sie, wie wir unsere Ziele auf dem Gebiet der Nachhaltigkeit erreichen.  <\/p>\t\t\t\t\t\t\t\t<\/div>\n\t\t\t\t<\/div>\n\t\t\t\t<div class=\"elementor-element elementor-element-c60d200 elementor-widget elementor-widget-button\" data-id=\"c60d200\" data-element_type=\"widget\" data-e-type=\"widget\" data-widget_type=\"button.default\">\n\t\t\t\t<div class=\"elementor-widget-container\">\n\t\t\t\t\t\t\t\t\t<div class=\"elementor-button-wrapper\">\n\t\t\t\t\t<a class=\"elementor-button elementor-button-link elementor-size-sm\" href=\"https:\/\/rve.eu\/de\/nachhaltigkeit\/\">\n\t\t\t\t\t\t<span class=\"elementor-button-content-wrapper\">\n\t\t\t\t\t\t\t\t\t<span class=\"elementor-button-text\">Nachhaltigkeit<\/span>\n\t\t\t\t\t<\/span>\n\t\t\t\t\t<\/a>\n\t\t\t\t<\/div>\n\t\t\t\t\t\t\t\t<\/div>\n\t\t\t\t<\/div>\n\t\t\t\t<\/div>\n\t\t\t\t<\/div>\n\t\t\t\t\t<\/div>\n\t\t\t\t<\/div>\n\t\t<div class=\"elementor-element elementor-element-773713a e-flex e-con-boxed e-con e-parent\" data-id=\"773713a\" data-element_type=\"container\" data-e-type=\"container\">\n\t\t\t\t\t<div class=\"e-con-inner\">\n\t\t<div class=\"elementor-element elementor-element-395e991 e-con-full e-flex e-con e-child\" data-id=\"395e991\" data-element_type=\"container\" data-e-type=\"container\">\n\t\t\t\t<div class=\"elementor-element elementor-element-9fe011a elementor-widget elementor-widget-heading\" data-id=\"9fe011a\" data-element_type=\"widget\" data-e-type=\"widget\" data-widget_type=\"heading.default\">\n\t\t\t\t<div class=\"elementor-widget-container\">\n\t\t\t\t\t<h2 class=\"elementor-heading-title elementor-size-default\">Die ultimative Pr\u00e4sentation im Gesch\u00e4ft<\/h2>\t\t\t\t<\/div>\n\t\t\t\t<\/div>\n\t\t\t\t<div class=\"elementor-element elementor-element-d0b984e elementor-widget elementor-widget-text-editor\" data-id=\"d0b984e\" data-element_type=\"widget\" data-e-type=\"widget\" data-widget_type=\"text-editor.default\">\n\t\t\t\t<div class=\"elementor-widget-container\">\n\t\t\t\t\t\t\t\t\t<p>Die Blumen, Pflanzen und Arrangements von RVE sind an sich schon wundersch\u00f6n. Mit unserem Verbraucherlabel <strong>Erv\u00e9y\u00e9<\/strong> gehen wir aber noch einen Schritt weiter. Unseren Kunden bieten wir z.B. unterschiedliche Marketingmaterialien an, die den Verkauf im Gesch\u00e4ft f\u00f6rdern und zu Impulsk\u00e4ufen anregen.<br> <\/p><p>Dieses Werbematerial schlie\u00dft nahtlos an die Verpackungen und den einzigartigen Look-and-Feel von Erv\u00e9y\u00e9 an: zierlich, robust und ansprechend. Diese Materialien verst\u00e4rken nicht nur die Sch\u00f6nheit der Produkte, sondern auch das Markenerlebnis im Gesch\u00e4ft, was zu einer optimalen Pr\u00e4sentation und h\u00f6heren Ums\u00e4tzen beitr\u00e4gt. <\/p>\t\t\t\t\t\t\t\t<\/div>\n\t\t\t\t<\/div>\n\t\t\t\t<div class=\"elementor-element elementor-element-164694b elementor-widget elementor-widget-button\" data-id=\"164694b\" data-element_type=\"widget\" data-e-type=\"widget\" data-widget_type=\"button.default\">\n\t\t\t\t<div class=\"elementor-widget-container\">\n\t\t\t\t\t\t\t\t\t<div class=\"elementor-button-wrapper\">\n\t\t\t\t\t<a class=\"elementor-button elementor-button-link elementor-size-sm\" href=\"https:\/\/rve.eu\/wp-content\/uploads\/2025\/02\/Impression-Erveye-.pdf\" target=\"_blank\">\n\t\t\t\t\t\t<span class=\"elementor-button-content-wrapper\">\n\t\t\t\t\t\t\t\t\t<span class=\"elementor-button-text\">Bekijk winkelpresentaties<\/span>\n\t\t\t\t\t<\/span>\n\t\t\t\t\t<\/a>\n\t\t\t\t<\/div>\n\t\t\t\t\t\t\t\t<\/div>\n\t\t\t\t<\/div>\n\t\t\t\t<\/div>\n\t\t\t\t\t<\/div>\n\t\t\t\t<\/div>\n\t\t<div class=\"elementor-element elementor-element-79e90f1 e-flex e-con-boxed e-con e-parent\" data-id=\"79e90f1\" data-element_type=\"container\" data-e-type=\"container\">\n\t\t\t\t\t<div class=\"e-con-inner\">\n\t\t<div class=\"elementor-element elementor-element-c1ce71f e-con-full e-flex e-con e-child\" data-id=\"c1ce71f\" data-element_type=\"container\" data-e-type=\"container\">\n\t\t<div class=\"elementor-element elementor-element-b180362 e-con-full e-flex e-con e-child\" data-id=\"b180362\" data-element_type=\"container\" data-e-type=\"container\" data-settings=\"{&quot;background_background&quot;:&quot;classic&quot;}\">\n\t\t<div class=\"elementor-element elementor-element-a2945da e-con-full e-flex e-con e-child\" data-id=\"a2945da\" data-element_type=\"container\" data-e-type=\"container\">\n\t\t\t\t<div class=\"elementor-element elementor-element-03d7ac2 elementor-widget elementor-widget-heading\" data-id=\"03d7ac2\" data-element_type=\"widget\" data-e-type=\"widget\" data-widget_type=\"heading.default\">\n\t\t\t\t<div class=\"elementor-widget-container\">\n\t\t\t\t\t<h2 class=\"elementor-heading-title elementor-size-default\">Auch Kunde werden?<br><\/h2>\t\t\t\t<\/div>\n\t\t\t\t<\/div>\n\t\t\t\t<div class=\"elementor-element elementor-element-6f7cb19 elementor-widget elementor-widget-text-editor\" data-id=\"6f7cb19\" data-element_type=\"widget\" data-e-type=\"widget\" data-widget_type=\"text-editor.default\">\n\t\t\t\t<div class=\"elementor-widget-container\">\n\t\t\t\t\t\t\t\t\t<p>Lassen Sie RVE Ihr Blumen- und Pflanzenregal zu einem wunderbaren und gewinnbringenden Ganzen transformieren. Wir nehmen Ihnen alles ab und sorgen f\u00fcr das gesamte Paket \u2013 vom Einkauf bis zur Pr\u00e4sentation im Gesch\u00e4ft! <\/p>\t\t\t\t\t\t\t\t<\/div>\n\t\t\t\t<\/div>\n\t\t\t\t<div class=\"elementor-element elementor-element-a29f9f9 elementor-button-warning elementor-widget elementor-widget-button\" data-id=\"a29f9f9\" data-element_type=\"widget\" data-e-type=\"widget\" data-widget_type=\"button.default\">\n\t\t\t\t<div class=\"elementor-widget-container\">\n\t\t\t\t\t\t\t\t\t<div class=\"elementor-button-wrapper\">\n\t\t\t\t\t<a class=\"elementor-button elementor-button-link elementor-size-sm\" href=\"https:\/\/rve.eu\/de\/kontakt\/\">\n\t\t\t\t\t\t<span class=\"elementor-button-content-wrapper\">\n\t\t\t\t\t\t\t\t\t<span class=\"elementor-button-text\">Kontakt aufnehmen<\/span>\n\t\t\t\t\t<\/span>\n\t\t\t\t\t<\/a>\n\t\t\t\t<\/div>\n\t\t\t\t\t\t\t\t<\/div>\n\t\t\t\t<\/div>\n\t\t\t\t<\/div>\n\t\t<div class=\"elementor-element elementor-element-116ea9b e-con-full e-flex e-con e-child\" data-id=\"116ea9b\" data-element_type=\"container\" data-e-type=\"container\" data-settings=\"{&quot;background_background&quot;:&quot;classic&quot;}\">\n\t\t\t\t<\/div>\n\t\t\t\t<\/div>\n\t\t\t\t<\/div>\n\t\t\t\t\t<\/div>\n\t\t\t\t<\/div>\n\t\t\t\t<\/div>\n\t\t","protected":false},"excerpt":{"rendered":"<p>RVE Kunde werden Sind Sie auf der Suche nach einem Full-Service-Lieferanten von hochwertigen Blumen und Pflanzen? Entdecken Sie, wie wir Ihr Verkaufsregal in ein gewinnbringendes und farbenfrohes Ganzes verwandeln. Brosch\u00fcre herunterladen Kontakt Die Vorteile von Full-Service RVE ist Ihr zuverl\u00e4ssiger Partner f\u00fcr Blumen und Pflanzen. Mit unserer bew\u00e4hrten Vorgehensweise erzielen wir bei mehr als 2.500 [&hellip;]<\/p>\n","protected":false},"author":1,"featured_media":0,"parent":1367,"menu_order":0,"comment_status":"closed","ping_status":"closed","template":"elementor_header_footer","meta":{"_acf_changed":false,"footnotes":""},"class_list":["post-1381","page","type-page","status-publish","hentry"],"acf":[],"_links":{"self":[{"href":"https:\/\/rve.eu\/de\/wp-json\/wp\/v2\/pages\/1381","targetHints":{"allow":["GET"]}}],"collection":[{"href":"https:\/\/rve.eu\/de\/wp-json\/wp\/v2\/pages"}],"about":[{"href":"https:\/\/rve.eu\/de\/wp-json\/wp\/v2\/types\/page"}],"author":[{"embeddable":true,"href":"https:\/\/rve.eu\/de\/wp-json\/wp\/v2\/users\/1"}],"replies":[{"embeddable":true,"href":"https:\/\/rve.eu\/de\/wp-json\/wp\/v2\/comments?post=1381"}],"version-history":[{"count":2,"href":"https:\/\/rve.eu\/de\/wp-json\/wp\/v2\/pages\/1381\/revisions"}],"predecessor-version":[{"id":1623,"href":"https:\/\/rve.eu\/de\/wp-json\/wp\/v2\/pages\/1381\/revisions\/1623"}],"up":[{"embeddable":true,"href":"https:\/\/rve.eu\/de\/wp-json\/wp\/v2\/pages\/1367"}],"wp:attachment":[{"href":"https:\/\/rve.eu\/de\/wp-json\/wp\/v2\/media?parent=1381"}],"curies":[{"name":"wp","href":"https:\/\/api.w.org\/{rel}","templated":true}]}}