{"id":1409,"date":"2025-01-31T14:04:42","date_gmt":"2025-01-31T14:04:42","guid":{"rendered":"https:\/\/rve.eu\/was-wir-tun\/lieferant-werden\/"},"modified":"2025-03-03T08:49:41","modified_gmt":"2025-03-03T08:49:41","slug":"lieferant-werden","status":"publish","type":"page","link":"https:\/\/rve.eu\/de\/was-wir-tun\/lieferant-werden\/","title":{"rendered":"Lieferant werden"},"content":{"rendered":"\t\t<div data-elementor-type=\"wp-page\" data-elementor-id=\"1409\" class=\"elementor elementor-1409 elementor-392\" data-elementor-post-type=\"page\">\n\t\t\t\t<div class=\"elementor-element elementor-element-7aaf3a8 e-con-full e-flex e-con e-parent\" data-id=\"7aaf3a8\" data-element_type=\"container\" data-e-type=\"container\">\n\t\t\t\t<div class=\"elementor-element elementor-element-85c99a9 elementor-widget elementor-widget-rve-brandbox\" data-id=\"85c99a9\" data-element_type=\"widget\" data-e-type=\"widget\" data-widget_type=\"rve-brandbox.default\">\n\t\t\t\t<div class=\"elementor-widget-container\">\n\t\t\t\t\t<div class=\"brandbox\">\n            <nav aria-label=\"breadcrumbs\" class=\"rank-math-breadcrumb\"><p><span class=\"last\">RVE<\/span><\/p><\/nav>    \n    <div class=\"container\">\n        <div class=\"brandbox-content\">\n                            <h1>Lieferant <i>werden<\/i><\/h1>\n            \n                            <p>Z\u00fcchten Sie sch\u00f6ne Produkte und m\u00f6chten Sie wissen, ob Sie diese an RVE liefern k\u00f6nnen? Entdecken Sie, wie wir einander helfen k\u00f6nnen! <\/p>\n            \n            <div class=\"brandbox-btn\">\n                \n                                    <a class=\"btn-primary\" href=\"https:\/\/rve.eu\/wp-content\/uploads\/2025\/02\/Brochure_English.pdf\" target=\"_blank\" download-icon=\"\">Brosch\u00fcre herunterladen<\/a>\n                \n                                    <a class=\"btn-secondary\" href=\"https:\/\/rve.eu\/de\/kontakt\/\">Kontakt<\/a>\n                            <\/div>\n        <\/div>\n    <\/div>\n\n    <div class=\"brandbox-media\">\n                    <img fetchpriority=\"high\" decoding=\"async\" width=\"1440\" height=\"1080\" src=\"https:\/\/rve.eu\/wp-content\/uploads\/2025\/02\/Headerfoto-leverancier-worden.jpeg\" class=\"attachment-full size-full\" alt=\"\" srcset=\"https:\/\/rve.eu\/wp-content\/uploads\/2025\/02\/Headerfoto-leverancier-worden.jpeg 1440w, https:\/\/rve.eu\/wp-content\/uploads\/2025\/02\/Headerfoto-leverancier-worden-300x225.jpeg 300w, https:\/\/rve.eu\/wp-content\/uploads\/2025\/02\/Headerfoto-leverancier-worden-1024x768.jpeg 1024w, https:\/\/rve.eu\/wp-content\/uploads\/2025\/02\/Headerfoto-leverancier-worden-768x576.jpeg 768w\" sizes=\"(max-width: 1440px) 100vw, 1440px\" \/>        \n            <\/div>\n<\/div>\t\t\t\t<\/div>\n\t\t\t\t<\/div>\n\t\t\t\t<\/div>\n\t\t<div class=\"elementor-element elementor-element-2fa0d03 e-flex e-con-boxed e-con e-parent\" data-id=\"2fa0d03\" data-element_type=\"container\" data-e-type=\"container\">\n\t\t\t\t\t<div class=\"e-con-inner\">\n\t\t<div class=\"elementor-element elementor-element-15dd864 e-con-full e-flex e-con e-child\" data-id=\"15dd864\" data-element_type=\"container\" data-e-type=\"container\">\n\t\t\t\t<div class=\"elementor-element elementor-element-5f2d3fe elementor-widget elementor-widget-heading\" data-id=\"5f2d3fe\" data-element_type=\"widget\" data-e-type=\"widget\" data-widget_type=\"heading.default\">\n\t\t\t\t<div class=\"elementor-widget-container\">\n\t\t\t\t\t<h2 class=\"elementor-heading-title elementor-size-default\">Gemeinsam f\u00fcr das beste Ergebnis<\/h2>\t\t\t\t<\/div>\n\t\t\t\t<\/div>\n\t\t\t\t<div class=\"elementor-element elementor-element-c1534d0 elementor-widget elementor-widget-text-editor\" data-id=\"c1534d0\" data-element_type=\"widget\" data-e-type=\"widget\" data-widget_type=\"text-editor.default\">\n\t\t\t\t<div class=\"elementor-widget-container\">\n\t\t\t\t\t\t\t\t\t<p>Die wunderbaren Produkte, die wir bei unseren Z\u00fcchtern kaufen, machen den Unterschied. Auf der Basis von Daten, fr\u00fcheren Erfolgen, kalkulierten Risiken und der Kraft der Jahreszeiten erzielen wir das optimale Ergebnis f\u00fcr unsere Kunden. Dies tun wir nicht allein, sondern gemeinsam! Als Fachspezialisten finden wir es wichtig, einander \u00fcber wichtige Entwicklungen auf den Gebieten Qualit\u00e4t, Nachhaltigkeit und Sortiment auf dem Laufenden zu halten. RVE steht f\u00fcr ehrlichen Handel und ehrliche Preise, mit dem Fokus auf die langfristige Perspektive.    <\/p><p>Angesichts der 2.500 Superm\u00e4rkten, die von RVE w\u00f6chentlich beliefert werden, k\u00f6nnen Z\u00fcchter sich darauf verlassen, dass wir f\u00fcr einen kr\u00e4ftigen Umsatz sorgen. Wir stellen hohe Anforderungen an unsere Z\u00fcchter auf dem Gebiet von Nachhaltigkeit und Qualit\u00e4t und arbeiten gerne zusammen, um weitere Verbesserungen zu erzielen. Unsere Produkte verpacken wir in <strong>Erv\u00e9y\u00e9<\/strong>-Verpackungen, die RVE den Z\u00fcchtern speziell bereitstellt. Wir stehen f\u00fcr ehrlichen Handel und ehrliche Preise, mit dem Fokus auf die langfristige Perspektive!   <\/p>\t\t\t\t\t\t\t\t<\/div>\n\t\t\t\t<\/div>\n\t\t\t\t<\/div>\n\t\t\t\t\t<\/div>\n\t\t\t\t<\/div>\n\t\t<div class=\"elementor-element elementor-element-cdb87af e-flex e-con-boxed e-con e-parent\" data-id=\"cdb87af\" data-element_type=\"container\" data-e-type=\"container\">\n\t\t\t\t\t<div class=\"e-con-inner\">\n\t\t<div class=\"elementor-element elementor-element-5df6880 e-grid e-con-full e-con e-child\" data-id=\"5df6880\" data-element_type=\"container\" data-e-type=\"container\">\n\t\t<div class=\"elementor-element elementor-element-c0ccedf e-con-full e-flex e-con e-child\" data-id=\"c0ccedf\" data-element_type=\"container\" data-e-type=\"container\" data-settings=\"{&quot;background_background&quot;:&quot;classic&quot;,&quot;background_motion_fx_motion_fx_scrolling&quot;:&quot;yes&quot;,&quot;background_motion_fx_translateY_effect&quot;:&quot;yes&quot;,&quot;background_motion_fx_translateY_speed&quot;:{&quot;unit&quot;:&quot;px&quot;,&quot;size&quot;:1,&quot;sizes&quot;:[]},&quot;background_motion_fx_translateY_affectedRange&quot;:{&quot;unit&quot;:&quot;%&quot;,&quot;size&quot;:&quot;&quot;,&quot;sizes&quot;:{&quot;start&quot;:0,&quot;end&quot;:100}},&quot;background_motion_fx_devices&quot;:[&quot;desktop&quot;,&quot;tablet&quot;,&quot;mobile&quot;]}\">\n\t\t\t\t<\/div>\n\t\t<div class=\"elementor-element elementor-element-9c9a5b7 e-con-full e-flex e-con e-child\" data-id=\"9c9a5b7\" data-element_type=\"container\" data-e-type=\"container\" data-settings=\"{&quot;background_background&quot;:&quot;classic&quot;,&quot;background_motion_fx_motion_fx_scrolling&quot;:&quot;yes&quot;,&quot;background_motion_fx_translateY_effect&quot;:&quot;yes&quot;,&quot;background_motion_fx_translateY_speed&quot;:{&quot;unit&quot;:&quot;px&quot;,&quot;size&quot;:2,&quot;sizes&quot;:[]},&quot;background_motion_fx_translateY_affectedRange&quot;:{&quot;unit&quot;:&quot;%&quot;,&quot;size&quot;:&quot;&quot;,&quot;sizes&quot;:{&quot;start&quot;:0,&quot;end&quot;:100}},&quot;background_motion_fx_devices&quot;:[&quot;desktop&quot;,&quot;tablet&quot;,&quot;mobile&quot;]}\">\n\t\t\t\t<\/div>\n\t\t<div class=\"elementor-element elementor-element-32d3dbc e-con-full e-flex e-con e-child\" data-id=\"32d3dbc\" data-element_type=\"container\" data-e-type=\"container\" data-settings=\"{&quot;background_background&quot;:&quot;classic&quot;,&quot;background_motion_fx_motion_fx_scrolling&quot;:&quot;yes&quot;,&quot;background_motion_fx_translateY_effect&quot;:&quot;yes&quot;,&quot;background_motion_fx_translateY_speed&quot;:{&quot;unit&quot;:&quot;px&quot;,&quot;size&quot;:1.5,&quot;sizes&quot;:[]},&quot;background_motion_fx_translateY_affectedRange&quot;:{&quot;unit&quot;:&quot;%&quot;,&quot;size&quot;:&quot;&quot;,&quot;sizes&quot;:{&quot;start&quot;:0,&quot;end&quot;:100}},&quot;background_motion_fx_devices&quot;:[&quot;desktop&quot;,&quot;tablet&quot;,&quot;mobile&quot;]}\">\n\t\t\t\t<\/div>\n\t\t<div class=\"elementor-element elementor-element-de347ad e-con-full e-flex e-con e-child\" data-id=\"de347ad\" data-element_type=\"container\" data-e-type=\"container\" data-settings=\"{&quot;background_background&quot;:&quot;classic&quot;}\">\n\t\t\t\t<div class=\"elementor-element elementor-element-30c3f93 elementor-widget elementor-widget-heading\" data-id=\"30c3f93\" data-element_type=\"widget\" data-e-type=\"widget\" data-widget_type=\"heading.default\">\n\t\t\t\t<div class=\"elementor-widget-container\">\n\t\t\t\t\t<h3 class=\"elementor-heading-title elementor-size-default\">F\u00fcr eine bessere Welt<\/h3>\t\t\t\t<\/div>\n\t\t\t\t<\/div>\n\t\t\t\t<div class=\"elementor-element elementor-element-d103c6c elementor-widget elementor-widget-text-editor\" data-id=\"d103c6c\" data-element_type=\"widget\" data-e-type=\"widget\" data-widget_type=\"text-editor.default\">\n\t\t\t\t<div class=\"elementor-widget-container\">\n\t\t\t\t\t\t\t\t\t<p>Bei RVE kombinieren wir Wachstum mit einem starken Fokus auf Nachhaltigkeit und Verantwortung. Durch kritisches Pr\u00fcfen und Verbessern unserer Betriebsf\u00fchrung \u00fcbernehmen wir Verantwortung f\u00fcr unsere Auswirkungen auf Mensch und Umwelt. Entdecken Sie, wie wir unsere Ziele auf dem Gebiet der Nachhaltigkeit erreichen.  <\/p>\t\t\t\t\t\t\t\t<\/div>\n\t\t\t\t<\/div>\n\t\t\t\t<div class=\"elementor-element elementor-element-036e7a0 elementor-widget elementor-widget-button\" data-id=\"036e7a0\" data-element_type=\"widget\" data-e-type=\"widget\" data-widget_type=\"button.default\">\n\t\t\t\t<div class=\"elementor-widget-container\">\n\t\t\t\t\t\t\t\t\t<div class=\"elementor-button-wrapper\">\n\t\t\t\t\t<a class=\"elementor-button elementor-button-link elementor-size-sm\" href=\"https:\/\/rve.eu\/de\/nachhaltigkeit\/\">\n\t\t\t\t\t\t<span class=\"elementor-button-content-wrapper\">\n\t\t\t\t\t\t\t\t\t<span class=\"elementor-button-text\">Nachhaltigkeit<\/span>\n\t\t\t\t\t<\/span>\n\t\t\t\t\t<\/a>\n\t\t\t\t<\/div>\n\t\t\t\t\t\t\t\t<\/div>\n\t\t\t\t<\/div>\n\t\t\t\t<\/div>\n\t\t\t\t<\/div>\n\t\t\t\t\t<\/div>\n\t\t\t\t<\/div>\n\t\t<div class=\"elementor-element elementor-element-b84b4cf e-flex e-con-boxed e-con e-parent\" data-id=\"b84b4cf\" data-element_type=\"container\" data-e-type=\"container\">\n\t\t\t\t\t<div class=\"e-con-inner\">\n\t\t<div class=\"elementor-element elementor-element-bd1fab0 e-con-full e-flex e-con e-child\" data-id=\"bd1fab0\" data-element_type=\"container\" data-e-type=\"container\">\n\t\t<div class=\"elementor-element elementor-element-c9afbc6 e-con-full e-flex e-con e-child\" data-id=\"c9afbc6\" data-element_type=\"container\" data-e-type=\"container\" data-settings=\"{&quot;background_background&quot;:&quot;classic&quot;}\">\n\t\t<div class=\"elementor-element elementor-element-08dcc57 e-con-full e-flex e-con e-child\" data-id=\"08dcc57\" data-element_type=\"container\" data-e-type=\"container\">\n\t\t\t\t<div class=\"elementor-element elementor-element-34917c6 elementor-widget elementor-widget-heading\" data-id=\"34917c6\" data-element_type=\"widget\" data-e-type=\"widget\" data-widget_type=\"heading.default\">\n\t\t\t\t<div class=\"elementor-widget-container\">\n\t\t\t\t\t<h2 class=\"elementor-heading-title elementor-size-default\">Auch Lieferant werden?<\/h2>\t\t\t\t<\/div>\n\t\t\t\t<\/div>\n\t\t\t\t<div class=\"elementor-element elementor-element-bbe3caa elementor-widget elementor-widget-text-editor\" data-id=\"bbe3caa\" data-element_type=\"widget\" data-e-type=\"widget\" data-widget_type=\"text-editor.default\">\n\t\t\t\t<div class=\"elementor-widget-container\">\n\t\t\t\t\t\t\t\t\t<p>M\u00f6chten Sie wissen, ob wir in unserem Sortiment Platz f\u00fcr Ihre Produkte haben?<\/p>\t\t\t\t\t\t\t\t<\/div>\n\t\t\t\t<\/div>\n\t\t\t\t<div class=\"elementor-element elementor-element-01b5f82 elementor-widget elementor-widget-button\" data-id=\"01b5f82\" data-element_type=\"widget\" data-e-type=\"widget\" data-widget_type=\"button.default\">\n\t\t\t\t<div class=\"elementor-widget-container\">\n\t\t\t\t\t\t\t\t\t<div class=\"elementor-button-wrapper\">\n\t\t\t\t\t<a class=\"elementor-button elementor-button-link elementor-size-sm\" href=\"https:\/\/rve.eu\/de\/kontakt\/\">\n\t\t\t\t\t\t<span class=\"elementor-button-content-wrapper\">\n\t\t\t\t\t\t\t\t\t<span class=\"elementor-button-text\">Kontakt aufnehmen<\/span>\n\t\t\t\t\t<\/span>\n\t\t\t\t\t<\/a>\n\t\t\t\t<\/div>\n\t\t\t\t\t\t\t\t<\/div>\n\t\t\t\t<\/div>\n\t\t\t\t<\/div>\n\t\t<div class=\"elementor-element elementor-element-6a652b0 e-con-full e-flex e-con e-child\" data-id=\"6a652b0\" data-element_type=\"container\" data-e-type=\"container\" data-settings=\"{&quot;background_background&quot;:&quot;classic&quot;}\">\n\t\t\t\t<\/div>\n\t\t\t\t<\/div>\n\t\t\t\t<\/div>\n\t\t\t\t\t<\/div>\n\t\t\t\t<\/div>\n\t\t\t\t<\/div>\n\t\t","protected":false},"excerpt":{"rendered":"<p>RVE Lieferant werden Z\u00fcchten Sie sch\u00f6ne Produkte und m\u00f6chten Sie wissen, ob Sie diese an RVE liefern k\u00f6nnen? Entdecken Sie, wie wir einander helfen k\u00f6nnen! Brosch\u00fcre herunterladen Kontakt Gemeinsam f\u00fcr das beste Ergebnis Die wunderbaren Produkte, die wir bei unseren Z\u00fcchtern kaufen, machen den Unterschied. Auf der Basis von Daten, fr\u00fcheren Erfolgen, kalkulierten Risiken und [&hellip;]<\/p>\n","protected":false},"author":1,"featured_media":0,"parent":1367,"menu_order":0,"comment_status":"closed","ping_status":"closed","template":"elementor_header_footer","meta":{"_acf_changed":false,"footnotes":""},"class_list":["post-1409","page","type-page","status-publish","hentry"],"acf":[],"_links":{"self":[{"href":"https:\/\/rve.eu\/de\/wp-json\/wp\/v2\/pages\/1409","targetHints":{"allow":["GET"]}}],"collection":[{"href":"https:\/\/rve.eu\/de\/wp-json\/wp\/v2\/pages"}],"about":[{"href":"https:\/\/rve.eu\/de\/wp-json\/wp\/v2\/types\/page"}],"author":[{"embeddable":true,"href":"https:\/\/rve.eu\/de\/wp-json\/wp\/v2\/users\/1"}],"replies":[{"embeddable":true,"href":"https:\/\/rve.eu\/de\/wp-json\/wp\/v2\/comments?post=1409"}],"version-history":[{"count":3,"href":"https:\/\/rve.eu\/de\/wp-json\/wp\/v2\/pages\/1409\/revisions"}],"predecessor-version":[{"id":1626,"href":"https:\/\/rve.eu\/de\/wp-json\/wp\/v2\/pages\/1409\/revisions\/1626"}],"up":[{"embeddable":true,"href":"https:\/\/rve.eu\/de\/wp-json\/wp\/v2\/pages\/1367"}],"wp:attachment":[{"href":"https:\/\/rve.eu\/de\/wp-json\/wp\/v2\/media?parent=1409"}],"curies":[{"name":"wp","href":"https:\/\/api.w.org\/{rel}","templated":true}]}}