{"id":1308,"date":"2025-02-13T13:00:16","date_gmt":"2025-02-13T13:00:16","guid":{"rendered":"https:\/\/rve.eu\/what-we-do\/erveye\/"},"modified":"2025-03-03T08:16:55","modified_gmt":"2025-03-03T08:16:55","slug":"erveye","status":"publish","type":"page","link":"https:\/\/rve.eu\/en\/what-we-do\/erveye\/","title":{"rendered":"Erv\u00e9y\u00e9"},"content":{"rendered":"\t\t<div data-elementor-type=\"wp-page\" data-elementor-id=\"1308\" class=\"elementor elementor-1308 elementor-477\" data-elementor-post-type=\"page\">\n\t\t\t\t<div class=\"elementor-element elementor-element-32c83dc e-con-full e-flex e-con e-parent\" data-id=\"32c83dc\" data-element_type=\"container\" data-e-type=\"container\">\n\t\t\t\t<div class=\"elementor-element elementor-element-581d2da elementor-widget elementor-widget-rve-brandbox\" data-id=\"581d2da\" data-element_type=\"widget\" data-e-type=\"widget\" data-widget_type=\"rve-brandbox.default\">\n\t\t\t\t<div class=\"elementor-widget-container\">\n\t\t\t\t\t<div class=\"brandbox\">\n            <nav aria-label=\"breadcrumbs\" class=\"rank-math-breadcrumb\"><p><span class=\"last\">RVE<\/span><\/p><\/nav>    \n    <div class=\"container\">\n        <div class=\"brandbox-content\">\n                            <h1>The world of <i>Erv\u00e9y\u00e9<\/i><\/h1>\n            \n                            <p>Our passion for flowers and plants comes together in Erv\u00e9y\u00e9. We devote great care to compiling our range and ensuring fresh stock on the shop floor. Everything comes together in Erv\u00e9y\u00e9: a luxury flower and plant label for supermarkets.   <\/p>\n            \n            <div class=\"brandbox-btn\">\n                \n                                    <a class=\"btn-primary\" href=\"https:\/\/erveye.com\/\" target=\"_blank\" rel=\"noopener\">Erv\u00e9y\u00e9.com<\/a>\n                \n                                    <a class=\"btn-secondary\" href=\"https:\/\/rve.eu\/wp-content\/uploads\/2025\/02\/Impression-Erveye-.pdf\" target=\"_blank\">Download brochure<\/a>\n                            <\/div>\n        <\/div>\n    <\/div>\n\n    <div class=\"brandbox-media\">\n                    <img fetchpriority=\"high\" decoding=\"async\" width=\"1522\" height=\"1080\" src=\"https:\/\/rve.eu\/wp-content\/uploads\/2025\/02\/Headerfoto-Erveye.png\" class=\"attachment-full size-full\" alt=\"\" srcset=\"https:\/\/rve.eu\/wp-content\/uploads\/2025\/02\/Headerfoto-Erveye.png 1522w, https:\/\/rve.eu\/wp-content\/uploads\/2025\/02\/Headerfoto-Erveye-300x213.png 300w, https:\/\/rve.eu\/wp-content\/uploads\/2025\/02\/Headerfoto-Erveye-1024x727.png 1024w, https:\/\/rve.eu\/wp-content\/uploads\/2025\/02\/Headerfoto-Erveye-768x545.png 768w\" sizes=\"(max-width: 1522px) 100vw, 1522px\" \/>        \n            <\/div>\n<\/div>\t\t\t\t<\/div>\n\t\t\t\t<\/div>\n\t\t\t\t<\/div>\n\t\t<div class=\"elementor-element elementor-element-59b275a e-flex e-con-boxed e-con e-parent\" data-id=\"59b275a\" data-element_type=\"container\" data-e-type=\"container\">\n\t\t\t\t\t<div class=\"e-con-inner\">\n\t\t<div class=\"elementor-element elementor-element-6622c35 e-con-full e-flex e-con e-child\" data-id=\"6622c35\" data-element_type=\"container\" data-e-type=\"container\">\n\t\t\t\t<div class=\"elementor-element elementor-element-5124a6c elementor-widget elementor-widget-heading\" data-id=\"5124a6c\" data-element_type=\"widget\" data-e-type=\"widget\" data-widget_type=\"heading.default\">\n\t\t\t\t<div class=\"elementor-widget-container\">\n\t\t\t\t\t<h2 class=\"elementor-heading-title elementor-size-default\">Unique label for retailers<\/h2>\t\t\t\t<\/div>\n\t\t\t\t<\/div>\n\t\t\t\t<div class=\"elementor-element elementor-element-733b2d5 elementor-widget elementor-widget-text-editor\" data-id=\"733b2d5\" data-element_type=\"widget\" data-e-type=\"widget\" data-widget_type=\"text-editor.default\">\n\t\t\t\t<div class=\"elementor-widget-container\">\n\t\t\t\t\t\t\t\t\t<p>The flowers, plants and arrangements that RVE offers are beautiful in their own right. With the consumer label Erv\u00e9y\u00e9 we take it even further: a uniform, complete and tidy display featuring the most stunning products in beautiful packaging. Erv\u00e9y\u00e9 adds value and beauty to your display.  <\/p>\t\t\t\t\t\t\t\t<\/div>\n\t\t\t\t<\/div>\n\t\t\t\t<\/div>\n\t\t\t\t\t<\/div>\n\t\t\t\t<\/div>\n\t\t<div class=\"elementor-element elementor-element-b18b534 e-flex e-con-boxed e-con e-parent\" data-id=\"b18b534\" data-element_type=\"container\" data-e-type=\"container\">\n\t\t\t\t\t<div class=\"e-con-inner\">\n\t\t<div class=\"elementor-element elementor-element-db63e25 e-grid e-con-boxed e-con e-child\" data-id=\"db63e25\" data-element_type=\"container\" data-e-type=\"container\">\n\t\t\t\t\t<div class=\"e-con-inner\">\n\t\t\t\t<div class=\"elementor-element elementor-element-22ba289 elementor-widget elementor-widget-image\" data-id=\"22ba289\" data-element_type=\"widget\" data-e-type=\"widget\" data-widget_type=\"image.default\">\n\t\t\t\t<div class=\"elementor-widget-container\">\n\t\t\t\t\t\t\t\t\t\t\t\t\t\t\t<img decoding=\"async\" width=\"683\" height=\"1024\" src=\"https:\/\/rve.eu\/wp-content\/uploads\/2025\/02\/Erveye-2-Groot-683x1024.jpg\" class=\"attachment-large size-large wp-image-1043\" alt=\"\" srcset=\"https:\/\/rve.eu\/wp-content\/uploads\/2025\/02\/Erveye-2-Groot-683x1024.jpg 683w, https:\/\/rve.eu\/wp-content\/uploads\/2025\/02\/Erveye-2-Groot-200x300.jpg 200w, https:\/\/rve.eu\/wp-content\/uploads\/2025\/02\/Erveye-2-Groot-768x1151.jpg 768w, https:\/\/rve.eu\/wp-content\/uploads\/2025\/02\/Erveye-2-Groot-1025x1536.jpg 1025w, https:\/\/rve.eu\/wp-content\/uploads\/2025\/02\/Erveye-2-Groot.jpg 1080w\" sizes=\"(max-width: 683px) 100vw, 683px\" \/>\t\t\t\t\t\t\t\t\t\t\t\t\t\t\t<\/div>\n\t\t\t\t<\/div>\n\t\t\t\t<div class=\"elementor-element elementor-element-77aeb11 elementor-widget elementor-widget-image\" data-id=\"77aeb11\" data-element_type=\"widget\" data-e-type=\"widget\" data-widget_type=\"image.default\">\n\t\t\t\t<div class=\"elementor-widget-container\">\n\t\t\t\t\t\t\t\t\t\t\t\t\t\t\t<img decoding=\"async\" width=\"800\" height=\"534\" src=\"https:\/\/rve.eu\/wp-content\/uploads\/2025\/02\/Erveye-1-1-1024x683.jpg\" class=\"attachment-large size-large wp-image-1040\" alt=\"\" srcset=\"https:\/\/rve.eu\/wp-content\/uploads\/2025\/02\/Erveye-1-1-1024x683.jpg 1024w, https:\/\/rve.eu\/wp-content\/uploads\/2025\/02\/Erveye-1-1-300x200.jpg 300w, https:\/\/rve.eu\/wp-content\/uploads\/2025\/02\/Erveye-1-1-768x512.jpg 768w, https:\/\/rve.eu\/wp-content\/uploads\/2025\/02\/Erveye-1-1-1536x1025.jpg 1536w, https:\/\/rve.eu\/wp-content\/uploads\/2025\/02\/Erveye-1-1.jpg 1619w\" sizes=\"(max-width: 800px) 100vw, 800px\" \/>\t\t\t\t\t\t\t\t\t\t\t\t\t\t\t<\/div>\n\t\t\t\t<\/div>\n\t\t\t\t<div class=\"elementor-element elementor-element-4905c83 elementor-widget elementor-widget-image\" data-id=\"4905c83\" data-element_type=\"widget\" data-e-type=\"widget\" data-widget_type=\"image.default\">\n\t\t\t\t<div class=\"elementor-widget-container\">\n\t\t\t\t\t\t\t\t\t\t\t\t\t\t\t<img loading=\"lazy\" decoding=\"async\" width=\"800\" height=\"534\" src=\"https:\/\/rve.eu\/wp-content\/uploads\/2025\/02\/Erveye-3-2-1024x683.jpg\" class=\"attachment-large size-large wp-image-1046\" alt=\"\" srcset=\"https:\/\/rve.eu\/wp-content\/uploads\/2025\/02\/Erveye-3-2-1024x683.jpg 1024w, https:\/\/rve.eu\/wp-content\/uploads\/2025\/02\/Erveye-3-2-300x200.jpg 300w, https:\/\/rve.eu\/wp-content\/uploads\/2025\/02\/Erveye-3-2-768x512.jpg 768w, https:\/\/rve.eu\/wp-content\/uploads\/2025\/02\/Erveye-3-2-1536x1025.jpg 1536w, https:\/\/rve.eu\/wp-content\/uploads\/2025\/02\/Erveye-3-2.jpg 1619w\" sizes=\"(max-width: 800px) 100vw, 800px\" \/>\t\t\t\t\t\t\t\t\t\t\t\t\t\t\t<\/div>\n\t\t\t\t<\/div>\n\t\t\t\t<div class=\"elementor-element elementor-element-e69dfbb elementor-widget elementor-widget-image\" data-id=\"e69dfbb\" data-element_type=\"widget\" data-e-type=\"widget\" data-widget_type=\"image.default\">\n\t\t\t\t<div class=\"elementor-widget-container\">\n\t\t\t\t\t\t\t\t\t\t\t\t\t\t\t<img loading=\"lazy\" decoding=\"async\" width=\"800\" height=\"534\" src=\"https:\/\/rve.eu\/wp-content\/uploads\/2025\/02\/Erveye-4-1-1024x683.jpg\" class=\"attachment-large size-large wp-image-1049\" alt=\"\" srcset=\"https:\/\/rve.eu\/wp-content\/uploads\/2025\/02\/Erveye-4-1-1024x683.jpg 1024w, https:\/\/rve.eu\/wp-content\/uploads\/2025\/02\/Erveye-4-1-300x200.jpg 300w, https:\/\/rve.eu\/wp-content\/uploads\/2025\/02\/Erveye-4-1-768x512.jpg 768w, https:\/\/rve.eu\/wp-content\/uploads\/2025\/02\/Erveye-4-1-1536x1025.jpg 1536w, https:\/\/rve.eu\/wp-content\/uploads\/2025\/02\/Erveye-4-1.jpg 1619w\" sizes=\"(max-width: 800px) 100vw, 800px\" \/>\t\t\t\t\t\t\t\t\t\t\t\t\t\t\t<\/div>\n\t\t\t\t<\/div>\n\t\t\t\t\t<\/div>\n\t\t\t\t<\/div>\n\t\t<div class=\"elementor-element elementor-element-422b672 e-con-full e-flex e-con e-child\" data-id=\"422b672\" data-element_type=\"container\" data-e-type=\"container\">\n\t\t<div class=\"elementor-element elementor-element-909cdba e-con-full e-flex e-con e-child\" data-id=\"909cdba\" data-element_type=\"container\" data-e-type=\"container\" data-settings=\"{&quot;background_background&quot;:&quot;classic&quot;,&quot;background_motion_fx_motion_fx_scrolling&quot;:&quot;yes&quot;,&quot;background_motion_fx_scale_effect&quot;:&quot;yes&quot;,&quot;background_motion_fx_scale_speed&quot;:{&quot;unit&quot;:&quot;px&quot;,&quot;size&quot;:1,&quot;sizes&quot;:[]},&quot;background_motion_fx_scale_range&quot;:{&quot;unit&quot;:&quot;%&quot;,&quot;size&quot;:&quot;&quot;,&quot;sizes&quot;:{&quot;start&quot;:0,&quot;end&quot;:100}},&quot;background_motion_fx_scale_direction&quot;:&quot;out-in&quot;,&quot;background_motion_fx_devices&quot;:[&quot;desktop&quot;,&quot;tablet&quot;,&quot;mobile&quot;]}\">\n\t\t<div class=\"elementor-element elementor-element-7de5ab5 e-con-full e-flex e-con e-child\" data-id=\"7de5ab5\" data-element_type=\"container\" data-e-type=\"container\" data-settings=\"{&quot;background_background&quot;:&quot;classic&quot;}\">\n\t\t\t\t<div class=\"elementor-element elementor-element-cf1a124 elementor-widget elementor-widget-heading\" data-id=\"cf1a124\" data-element_type=\"widget\" data-e-type=\"widget\" data-widget_type=\"heading.default\">\n\t\t\t\t<div class=\"elementor-widget-container\">\n\t\t\t\t\t<h3 class=\"elementor-heading-title elementor-size-default\">Welcome to our world<\/h3>\t\t\t\t<\/div>\n\t\t\t\t<\/div>\n\t\t\t\t<div class=\"elementor-element elementor-element-293add3 elementor-widget elementor-widget-text-editor\" data-id=\"293add3\" data-element_type=\"widget\" data-e-type=\"widget\" data-widget_type=\"text-editor.default\">\n\t\t\t\t<div class=\"elementor-widget-container\">\n\t\t\t\t\t\t\t\t\t<p>There is something special about flowers and plants. They fit with every part of life: love, celebration, gratitude or sadness. And the great thing is that even on a normal day, flowers and plants are there for you. They provide the feeling of coming home, and little moments of happiness when you least expect it. Discover Erv\u00e9y\u00e9.    <strong> <\/strong><\/p>\t\t\t\t\t\t\t\t<\/div>\n\t\t\t\t<\/div>\n\t\t\t\t<div class=\"elementor-element elementor-element-979254e elementor-button-success elementor-widget elementor-widget-button\" data-id=\"979254e\" data-element_type=\"widget\" data-e-type=\"widget\" data-widget_type=\"button.default\">\n\t\t\t\t<div class=\"elementor-widget-container\">\n\t\t\t\t\t\t\t\t\t<div class=\"elementor-button-wrapper\">\n\t\t\t\t\t<a class=\"elementor-button elementor-button-link elementor-size-sm\" href=\"https:\/\/erveye.com\/\" target=\"_blank\" rel=\"noopener\">\n\t\t\t\t\t\t<span class=\"elementor-button-content-wrapper\">\n\t\t\t\t\t\t<span class=\"elementor-button-icon\">\n\t\t\t\t<svg xmlns=\"http:\/\/www.w3.org\/2000\/svg\" width=\"16\" height=\"12\" viewBox=\"0 0 16 12\" fill=\"none\"><path d=\"M12.15 6.72548H1C0.716667 6.72548 0.479167 6.62964 0.2875 6.43798C0.0958333 6.24631 0 6.00881 0 5.72548C0 5.44214 0.0958333 5.20464 0.2875 5.01298C0.479167 4.82131 0.716667 4.72548 1 4.72548H12.15L9.3 1.87548C9.1 1.67548 9.00417 1.44214 9.0125 1.17548C9.02083 0.908809 9.11667 0.675476 9.3 0.475476C9.5 0.275476 9.7375 0.171309 10.0125 0.162976C10.2875 0.154642 10.525 0.250476 10.725 0.450476L15.3 5.02548C15.4 5.12548 15.4708 5.23381 15.5125 5.35048C15.5542 5.46714 15.575 5.59214 15.575 5.72548C15.575 5.85881 15.5542 5.98381 15.5125 6.10048C15.4708 6.21714 15.4 6.32548 15.3 6.42548L10.725 11.0005C10.525 11.2005 10.2875 11.2963 10.0125 11.288C9.7375 11.2796 9.5 11.1755 9.3 10.9755C9.11667 10.7755 9.02083 10.5421 9.0125 10.2755C9.00417 10.0088 9.1 9.77548 9.3 9.57548L12.15 6.72548Z\" fill=\"white\"><\/path><\/svg>\t\t\t<\/span>\n\t\t\t\t\t\t\t\t\t<span class=\"elementor-button-text\">Step into the world of Erv\u00e9y\u00e9<\/span>\n\t\t\t\t\t<\/span>\n\t\t\t\t\t<\/a>\n\t\t\t\t<\/div>\n\t\t\t\t\t\t\t\t<\/div>\n\t\t\t\t<\/div>\n\t\t\t\t<\/div>\n\t\t\t\t<\/div>\n\t\t\t\t<\/div>\n\t\t\t\t\t<\/div>\n\t\t\t\t<\/div>\n\t\t\t\t<\/div>\n\t\t","protected":false},"excerpt":{"rendered":"<p>RVE The world of Erv\u00e9y\u00e9 Our passion for flowers and plants comes together in Erv\u00e9y\u00e9. We devote great care to compiling our range and ensuring fresh stock on the shop floor. Everything comes together in Erv\u00e9y\u00e9: a luxury flower and plant label for supermarkets. Erv\u00e9y\u00e9.com Download brochure Unique label for retailers The flowers, plants and [&hellip;]<\/p>\n","protected":false},"author":1,"featured_media":0,"parent":1293,"menu_order":0,"comment_status":"closed","ping_status":"closed","template":"elementor_header_footer","meta":{"_acf_changed":false,"footnotes":""},"class_list":["post-1308","page","type-page","status-publish","hentry"],"acf":[],"_links":{"self":[{"href":"https:\/\/rve.eu\/en\/wp-json\/wp\/v2\/pages\/1308","targetHints":{"allow":["GET"]}}],"collection":[{"href":"https:\/\/rve.eu\/en\/wp-json\/wp\/v2\/pages"}],"about":[{"href":"https:\/\/rve.eu\/en\/wp-json\/wp\/v2\/types\/page"}],"author":[{"embeddable":true,"href":"https:\/\/rve.eu\/en\/wp-json\/wp\/v2\/users\/1"}],"replies":[{"embeddable":true,"href":"https:\/\/rve.eu\/en\/wp-json\/wp\/v2\/comments?post=1308"}],"version-history":[{"count":2,"href":"https:\/\/rve.eu\/en\/wp-json\/wp\/v2\/pages\/1308\/revisions"}],"predecessor-version":[{"id":1615,"href":"https:\/\/rve.eu\/en\/wp-json\/wp\/v2\/pages\/1308\/revisions\/1615"}],"up":[{"embeddable":true,"href":"https:\/\/rve.eu\/en\/wp-json\/wp\/v2\/pages\/1293"}],"wp:attachment":[{"href":"https:\/\/rve.eu\/en\/wp-json\/wp\/v2\/media?parent=1308"}],"curies":[{"name":"wp","href":"https:\/\/api.w.org\/{rel}","templated":true}]}}