{"id":1359,"date":"2025-01-24T09:41:03","date_gmt":"2025-01-24T09:41:03","guid":{"rendered":"https:\/\/rve.eu\/durabilite\/"},"modified":"2025-02-28T13:58:58","modified_gmt":"2025-02-28T13:58:58","slug":"durabilite","status":"publish","type":"page","link":"https:\/\/rve.eu\/fr\/durabilite\/","title":{"rendered":"Durabilit\u00e9"},"content":{"rendered":"\t\t<div data-elementor-type=\"wp-page\" data-elementor-id=\"1359\" class=\"elementor elementor-1359 elementor-258\" data-elementor-post-type=\"page\">\n\t\t\t\t<div class=\"elementor-element elementor-element-93b8301 e-con-full e-flex e-con e-parent\" data-id=\"93b8301\" data-element_type=\"container\" data-e-type=\"container\">\n\t\t\t\t<div class=\"elementor-element elementor-element-2b36218 elementor-widget elementor-widget-rve-brandbox\" data-id=\"2b36218\" data-element_type=\"widget\" data-e-type=\"widget\" data-widget_type=\"rve-brandbox.default\">\n\t\t\t\t<div class=\"elementor-widget-container\">\n\t\t\t\t\t<div class=\"brandbox\">\n            <nav aria-label=\"breadcrumbs\" class=\"rank-math-breadcrumb\"><p><span class=\"last\">RVE<\/span><\/p><\/nav>    \n    <div class=\"container\">\n        <div class=\"brandbox-content\">\n                            <h1>Nos <i>choix<\/i> durables<\/h1>\n            \n                            <p>C\u2019est avec les plus grands soins que nous composons notre assortiment et veillons \u00e0 ce que les produits soient toujours frais sur le point de vente. Par amour pour la nature, l\u2019environnement et nos collaborateurs. Notre cha\u00eene d\u2019approvisionnement est organis\u00e9e de la fa\u00e7on la plus efficace et durable possible, dans un souci de protection de la plan\u00e8te.  <\/p>\n            \n            <div class=\"brandbox-btn\">\n                \n                \n                            <\/div>\n        <\/div>\n    <\/div>\n\n    <div class=\"brandbox-media\">\n                    <img fetchpriority=\"high\" decoding=\"async\" width=\"1620\" height=\"1080\" src=\"https:\/\/rve.eu\/wp-content\/uploads\/2025\/02\/Headerfoto-duurzaamheid.jpg\" class=\"attachment-full size-full\" alt=\"\" srcset=\"https:\/\/rve.eu\/wp-content\/uploads\/2025\/02\/Headerfoto-duurzaamheid.jpg 1620w, https:\/\/rve.eu\/wp-content\/uploads\/2025\/02\/Headerfoto-duurzaamheid-300x200.jpg 300w, https:\/\/rve.eu\/wp-content\/uploads\/2025\/02\/Headerfoto-duurzaamheid-1024x683.jpg 1024w, https:\/\/rve.eu\/wp-content\/uploads\/2025\/02\/Headerfoto-duurzaamheid-768x512.jpg 768w, https:\/\/rve.eu\/wp-content\/uploads\/2025\/02\/Headerfoto-duurzaamheid-1536x1024.jpg 1536w\" sizes=\"(max-width: 1620px) 100vw, 1620px\" \/>        \n            <\/div>\n<\/div>\t\t\t\t<\/div>\n\t\t\t\t<\/div>\n\t\t\t\t<\/div>\n\t\t<div class=\"elementor-element elementor-element-113e1b5 e-flex e-con-boxed e-con e-parent\" data-id=\"113e1b5\" data-element_type=\"container\" data-e-type=\"container\">\n\t\t\t\t\t<div class=\"e-con-inner\">\n\t\t<div class=\"elementor-element elementor-element-629cdd6 e-con-full e-flex e-con e-child\" data-id=\"629cdd6\" data-element_type=\"container\" data-e-type=\"container\">\n\t\t\t\t<div class=\"elementor-element elementor-element-1765330 elementor-widget elementor-widget-heading\" data-id=\"1765330\" data-element_type=\"widget\" data-e-type=\"widget\" data-widget_type=\"heading.default\">\n\t\t\t\t<div class=\"elementor-widget-container\">\n\t\t\t\t\t<h2 class=\"elementor-heading-title elementor-size-default\">Envisageons l\u2019avenir de fa\u00e7on responsable<\/h2>\t\t\t\t<\/div>\n\t\t\t\t<\/div>\n\t\t\t\t<div class=\"elementor-element elementor-element-7326f28 elementor-widget elementor-widget-text-editor\" data-id=\"7326f28\" data-element_type=\"widget\" data-e-type=\"widget\" data-widget_type=\"text-editor.default\">\n\t\t\t\t<div class=\"elementor-widget-container\">\n\t\t\t\t\t\t\t\t\t<p>L\u2019expression \u00ab un monde meilleur commence par toi-m\u00eame \u00bb peut sembler \u00eatre un clich\u00e9, mais elle est la v\u00e9rit\u00e9 m\u00eame. RVE assume la responsabilit\u00e9 d\u2019une organisation du trajet aussi durable et efficace que possible. Pour atteindre ces objectifs, nous sommes affili\u00e9s \u00e0 la <a href=\"https:\/\/www.fsi2025.com\/\" target=\"_blank\" rel=\"noopener\">FSI (Floriculture Sustainability Initiative) <\/a>et conformes \u00e0 la CSRD. Nos objectifs commerciaux durables sont align\u00e9s sur les crit\u00e8res internationaux ESG. C\u2019est ainsi que nous faisons chaque jour un pas de plus vers un avenir meilleur.    <\/p>\t\t\t\t\t\t\t\t<\/div>\n\t\t\t\t<\/div>\n\t\t\t\t<\/div>\n\t\t\t\t\t<\/div>\n\t\t\t\t<\/div>\n\t\t<div class=\"elementor-element elementor-element-19fd345 e-flex e-con-boxed e-con e-parent\" data-id=\"19fd345\" data-element_type=\"container\" data-e-type=\"container\">\n\t\t\t\t\t<div class=\"e-con-inner\">\n\t\t<div class=\"elementor-element elementor-element-990254e e-con-full e-flex e-con e-child\" data-id=\"990254e\" data-element_type=\"container\" data-e-type=\"container\">\n\t\t<div class=\"elementor-element elementor-element-9652080 e-con-full e-flex e-con e-child\" data-id=\"9652080\" data-element_type=\"container\" data-e-type=\"container\" data-settings=\"{&quot;background_background&quot;:&quot;classic&quot;,&quot;sticky&quot;:&quot;top&quot;,&quot;sticky_offset&quot;:200,&quot;sticky_offset_mobile&quot;:150,&quot;sticky_effects_offset&quot;:200,&quot;sticky_parent&quot;:&quot;yes&quot;,&quot;sticky_on&quot;:[&quot;desktop&quot;,&quot;tablet&quot;,&quot;mobile&quot;],&quot;sticky_anchor_link_offset&quot;:0}\">\n\t\t\t\t<div class=\"elementor-element elementor-element-39ab83c elementor-widget elementor-widget-image\" data-id=\"39ab83c\" data-element_type=\"widget\" data-e-type=\"widget\" data-widget_type=\"image.default\">\n\t\t\t\t<div class=\"elementor-widget-container\">\n\t\t\t\t\t\t\t\t\t\t\t\t\t\t\t<img decoding=\"async\" width=\"175\" height=\"176\" src=\"https:\/\/rve.eu\/wp-content\/uploads\/2025\/02\/Frame-93.png\" class=\"attachment-large size-large wp-image-1216\" alt=\"\" srcset=\"https:\/\/rve.eu\/wp-content\/uploads\/2025\/02\/Frame-93.png 175w, https:\/\/rve.eu\/wp-content\/uploads\/2025\/02\/Frame-93-150x150.png 150w\" sizes=\"(max-width: 175px) 100vw, 175px\" \/>\t\t\t\t\t\t\t\t\t\t\t\t\t\t\t<\/div>\n\t\t\t\t<\/div>\n\t\t<div class=\"elementor-element elementor-element-f49cf38 e-con-full e-flex e-con e-child\" data-id=\"f49cf38\" data-element_type=\"container\" data-e-type=\"container\">\n\t\t\t\t<div class=\"elementor-element elementor-element-ca6a6fb elementor-widget elementor-widget-heading\" data-id=\"ca6a6fb\" data-element_type=\"widget\" data-e-type=\"widget\" data-widget_type=\"heading.default\">\n\t\t\t\t<div class=\"elementor-widget-container\">\n\t\t\t\t\t<h3 class=\"elementor-heading-title elementor-size-default\">\u00c9nergie<\/h3>\t\t\t\t<\/div>\n\t\t\t\t<\/div>\n\t\t\t\t<div class=\"elementor-element elementor-element-0c89953 elementor-widget elementor-widget-text-editor\" data-id=\"0c89953\" data-element_type=\"widget\" data-e-type=\"widget\" data-widget_type=\"text-editor.default\">\n\t\t\t\t<div class=\"elementor-widget-container\">\n\t\t\t\t\t\t\t\t\t<p>Nos nouveau site, dans l\u2019\u00e9difice de Hoek Group, est couvert d\u2019une toiture \u00e9cologique novatrice \u00e9quip\u00e9e de milliers de panneaux solaires et en partie d\u2019une couverture de mousse. Cette couverture de mousse favorise la biodiversit\u00e9 et attire abeilles et autres insectes. Hoek Group continue en outre d\u2019investir dans les d\u00e9veloppements durables pour r\u00e9duire encore notre empreinte carbone.  <\/p>\t\t\t\t\t\t\t\t<\/div>\n\t\t\t\t<\/div>\n\t\t\t\t<\/div>\n\t\t\t\t<\/div>\n\t\t<div class=\"elementor-element elementor-element-59aba95 e-con-full e-flex e-con e-child\" data-id=\"59aba95\" data-element_type=\"container\" data-e-type=\"container\" data-settings=\"{&quot;background_background&quot;:&quot;classic&quot;,&quot;sticky&quot;:&quot;top&quot;,&quot;sticky_offset&quot;:220,&quot;sticky_offset_mobile&quot;:170,&quot;sticky_parent&quot;:&quot;yes&quot;,&quot;sticky_on&quot;:[&quot;desktop&quot;,&quot;tablet&quot;,&quot;mobile&quot;],&quot;sticky_effects_offset&quot;:0,&quot;sticky_anchor_link_offset&quot;:0}\">\n\t\t\t\t<div class=\"elementor-element elementor-element-6fec98e elementor-widget elementor-widget-image\" data-id=\"6fec98e\" data-element_type=\"widget\" data-e-type=\"widget\" data-widget_type=\"image.default\">\n\t\t\t\t<div class=\"elementor-widget-container\">\n\t\t\t\t\t\t\t\t\t\t\t\t\t\t\t<img decoding=\"async\" width=\"175\" height=\"182\" src=\"https:\/\/rve.eu\/wp-content\/uploads\/2025\/02\/Group-60-1.png\" class=\"attachment-large size-large wp-image-1200\" alt=\"\" \/>\t\t\t\t\t\t\t\t\t\t\t\t\t\t\t<\/div>\n\t\t\t\t<\/div>\n\t\t<div class=\"elementor-element elementor-element-b30d5d0 e-con-full e-flex e-con e-child\" data-id=\"b30d5d0\" data-element_type=\"container\" data-e-type=\"container\">\n\t\t\t\t<div class=\"elementor-element elementor-element-d2952a1 elementor-widget elementor-widget-heading\" data-id=\"d2952a1\" data-element_type=\"widget\" data-e-type=\"widget\" data-widget_type=\"heading.default\">\n\t\t\t\t<div class=\"elementor-widget-container\">\n\t\t\t\t\t<h3 class=\"elementor-heading-title elementor-size-default\">Eau<\/h3>\t\t\t\t<\/div>\n\t\t\t\t<\/div>\n\t\t\t\t<div class=\"elementor-element elementor-element-ff1e6f3 elementor-widget elementor-widget-text-editor\" data-id=\"ff1e6f3\" data-element_type=\"widget\" data-e-type=\"widget\" data-widget_type=\"text-editor.default\">\n\t\t\t\t<div class=\"elementor-widget-container\">\n\t\t\t\t\t\t\t\t\t<p>RVE livre les marchandises pr\u00eates \u00e0 la vente, ce qui signifie que les fleurs sont transport\u00e9es les pieds dans l\u2019eau. La quantit\u00e9 exacte d\u2019eau que n\u00e9cessite chaque produit est mesur\u00e9e. RVE stimule les initiatives des producteurs et fournisseurs visant \u00e0 r\u00e9duire la consommation d&rsquo;eau.  <\/p>\t\t\t\t\t\t\t\t<\/div>\n\t\t\t\t<\/div>\n\t\t\t\t<\/div>\n\t\t\t\t<\/div>\n\t\t<div class=\"elementor-element elementor-element-687e86e e-con-full e-flex e-con e-child\" data-id=\"687e86e\" data-element_type=\"container\" data-e-type=\"container\" data-settings=\"{&quot;background_background&quot;:&quot;classic&quot;,&quot;sticky&quot;:&quot;top&quot;,&quot;sticky_offset&quot;:240,&quot;sticky_offset_mobile&quot;:190,&quot;sticky_effects_offset&quot;:200,&quot;sticky_parent&quot;:&quot;yes&quot;,&quot;sticky_on&quot;:[&quot;desktop&quot;,&quot;tablet&quot;,&quot;mobile&quot;],&quot;sticky_anchor_link_offset&quot;:0}\">\n\t\t\t\t<div class=\"elementor-element elementor-element-a13e53e elementor-widget elementor-widget-image\" data-id=\"a13e53e\" data-element_type=\"widget\" data-e-type=\"widget\" data-widget_type=\"image.default\">\n\t\t\t\t<div class=\"elementor-widget-container\">\n\t\t\t\t\t\t\t\t\t\t\t\t\t\t\t<img loading=\"lazy\" decoding=\"async\" width=\"175\" height=\"182\" src=\"https:\/\/rve.eu\/wp-content\/uploads\/2025\/02\/Laag_1-1.png\" class=\"attachment-large size-large wp-image-1204\" alt=\"\" \/>\t\t\t\t\t\t\t\t\t\t\t\t\t\t\t<\/div>\n\t\t\t\t<\/div>\n\t\t<div class=\"elementor-element elementor-element-55da413 e-con-full e-flex e-con e-child\" data-id=\"55da413\" data-element_type=\"container\" data-e-type=\"container\">\n\t\t\t\t<div class=\"elementor-element elementor-element-0385f6e elementor-widget elementor-widget-heading\" data-id=\"0385f6e\" data-element_type=\"widget\" data-e-type=\"widget\" data-widget_type=\"heading.default\">\n\t\t\t\t<div class=\"elementor-widget-container\">\n\t\t\t\t\t<h3 class=\"elementor-heading-title elementor-size-default\">Distribution<\/h3>\t\t\t\t<\/div>\n\t\t\t\t<\/div>\n\t\t\t\t<div class=\"elementor-element elementor-element-063fb55 elementor-widget elementor-widget-text-editor\" data-id=\"063fb55\" data-element_type=\"widget\" data-e-type=\"widget\" data-widget_type=\"text-editor.default\">\n\t\t\t\t<div class=\"elementor-widget-container\">\n\t\t\t\t\t\t\t\t\t<p>Le transport des fleurs et plantes est au c\u0153ur des activit\u00e9s de RVE. Un parc automobile organis\u00e9 de la fa\u00e7on la plus durable possible est donc une priorit\u00e9 absolue. Nos camions satisfont aux exigences environnementales les plus s\u00e9v\u00e8res. La planification des trajets a lieu de mani\u00e8re aussi efficace que possible afin que chaque kilom\u00e8tre soit exploit\u00e9 de fa\u00e7on optimale.   <\/p>\t\t\t\t\t\t\t\t<\/div>\n\t\t\t\t<\/div>\n\t\t\t\t<\/div>\n\t\t\t\t<\/div>\n\t\t<div class=\"elementor-element elementor-element-9140f92 e-con-full e-flex e-con e-child\" data-id=\"9140f92\" data-element_type=\"container\" data-e-type=\"container\" data-settings=\"{&quot;background_background&quot;:&quot;classic&quot;,&quot;sticky&quot;:&quot;top&quot;,&quot;sticky_offset&quot;:260,&quot;sticky_offset_mobile&quot;:210,&quot;sticky_parent&quot;:&quot;yes&quot;,&quot;sticky_on&quot;:[&quot;desktop&quot;,&quot;tablet&quot;,&quot;mobile&quot;],&quot;sticky_effects_offset&quot;:0,&quot;sticky_anchor_link_offset&quot;:0}\">\n\t\t\t\t<div class=\"elementor-element elementor-element-2c40c28 elementor-widget elementor-widget-image\" data-id=\"2c40c28\" data-element_type=\"widget\" data-e-type=\"widget\" data-widget_type=\"image.default\">\n\t\t\t\t<div class=\"elementor-widget-container\">\n\t\t\t\t\t\t\t\t\t\t\t\t\t\t\t<img loading=\"lazy\" decoding=\"async\" width=\"175\" height=\"182\" src=\"https:\/\/rve.eu\/wp-content\/uploads\/2025\/02\/Group-62-1.png\" class=\"attachment-large size-large wp-image-1208\" alt=\"\" \/>\t\t\t\t\t\t\t\t\t\t\t\t\t\t\t<\/div>\n\t\t\t\t<\/div>\n\t\t<div class=\"elementor-element elementor-element-f7222c9 e-con-full e-flex e-con e-child\" data-id=\"f7222c9\" data-element_type=\"container\" data-e-type=\"container\">\n\t\t\t\t<div class=\"elementor-element elementor-element-1ada258 elementor-widget elementor-widget-heading\" data-id=\"1ada258\" data-element_type=\"widget\" data-e-type=\"widget\" data-widget_type=\"heading.default\">\n\t\t\t\t<div class=\"elementor-widget-container\">\n\t\t\t\t\t<h3 class=\"elementor-heading-title elementor-size-default\">Emballages<\/h3>\t\t\t\t<\/div>\n\t\t\t\t<\/div>\n\t\t\t\t<div class=\"elementor-element elementor-element-260f6f9 elementor-widget elementor-widget-text-editor\" data-id=\"260f6f9\" data-element_type=\"widget\" data-e-type=\"widget\" data-widget_type=\"text-editor.default\">\n\t\t\t\t<div class=\"elementor-widget-container\">\n\t\t\t\t\t\t\t\t\t<p>Dans le domaine des emballages durables, nous d\u00e9ployons tous les efforts possibles, en coop\u00e9ration avec les fournisseurs et producteurs. Nos produits sont emball\u00e9s dans des mat\u00e9riaux \u00e0 100 % recyclables. Nous nous effor\u00e7ons de n\u2019utiliser que des mat\u00e9riaux naturels et recycl\u00e9s (sans ajout de nouvelles mati\u00e8res premi\u00e8res).  <\/p>\t\t\t\t\t\t\t\t<\/div>\n\t\t\t\t<\/div>\n\t\t\t\t<\/div>\n\t\t\t\t<\/div>\n\t\t<div class=\"elementor-element elementor-element-ebf319e e-con-full e-flex e-con e-child\" data-id=\"ebf319e\" data-element_type=\"container\" data-e-type=\"container\" data-settings=\"{&quot;background_background&quot;:&quot;classic&quot;,&quot;sticky&quot;:&quot;top&quot;,&quot;sticky_offset&quot;:260,&quot;sticky_parent&quot;:&quot;yes&quot;,&quot;sticky_on&quot;:[&quot;desktop&quot;,&quot;tablet&quot;,&quot;mobile&quot;],&quot;sticky_effects_offset&quot;:0,&quot;sticky_anchor_link_offset&quot;:0}\">\n\t\t\t\t<div class=\"elementor-element elementor-element-5f97abb elementor-widget elementor-widget-image\" data-id=\"5f97abb\" data-element_type=\"widget\" data-e-type=\"widget\" data-widget_type=\"image.default\">\n\t\t\t\t<div class=\"elementor-widget-container\">\n\t\t\t\t\t\t\t\t\t\t\t\t\t\t\t<img loading=\"lazy\" decoding=\"async\" width=\"175\" height=\"182\" src=\"https:\/\/rve.eu\/wp-content\/uploads\/2025\/02\/Group-63.png\" class=\"attachment-large size-large wp-image-1212\" alt=\"\" \/>\t\t\t\t\t\t\t\t\t\t\t\t\t\t\t<\/div>\n\t\t\t\t<\/div>\n\t\t<div class=\"elementor-element elementor-element-1c90955 e-con-full e-flex e-con e-child\" data-id=\"1c90955\" data-element_type=\"container\" data-e-type=\"container\">\n\t\t\t\t<div class=\"elementor-element elementor-element-a96c6dd elementor-widget elementor-widget-heading\" data-id=\"a96c6dd\" data-element_type=\"widget\" data-e-type=\"widget\" data-widget_type=\"heading.default\">\n\t\t\t\t<div class=\"elementor-widget-container\">\n\t\t\t\t\t<h3 class=\"elementor-heading-title elementor-size-default\">Aspects sociaux<\/h3>\t\t\t\t<\/div>\n\t\t\t\t<\/div>\n\t\t\t\t<div class=\"elementor-element elementor-element-ae45b43 elementor-widget elementor-widget-text-editor\" data-id=\"ae45b43\" data-element_type=\"widget\" data-e-type=\"widget\" data-widget_type=\"text-editor.default\">\n\t\t\t\t<div class=\"elementor-widget-container\">\n\t\t\t\t\t\t\t\t\t<p>Nous ne sommes pas seulement pr\u00e9occup\u00e9s par la nature et l\u2019environnement mais aussi par l\u2019\u00e9tablissement d\u2019une relation durable avec nos collaborateurs. Il est important qu\u2019ils se sentent bien dans leur peau et puissent trouver un agr\u00e9able \u00e9quilibre entre travail et vie priv\u00e9e. <\/p>\t\t\t\t\t\t\t\t<\/div>\n\t\t\t\t<\/div>\n\t\t\t\t<\/div>\n\t\t\t\t<\/div>\n\t\t\t\t<\/div>\n\t\t\t\t\t<\/div>\n\t\t\t\t<\/div>\n\t\t<div class=\"elementor-element elementor-element-3f30544 e-flex e-con-boxed e-con e-parent\" data-id=\"3f30544\" data-element_type=\"container\" data-e-type=\"container\">\n\t\t\t\t\t<div class=\"e-con-inner\">\n\t\t<div class=\"elementor-element elementor-element-53c8220 e-con-full e-flex e-con e-child\" data-id=\"53c8220\" data-element_type=\"container\" data-e-type=\"container\">\n\t\t<div class=\"elementor-element elementor-element-370ef8b e-con-full e-flex e-con e-child\" data-id=\"370ef8b\" data-element_type=\"container\" data-e-type=\"container\" data-settings=\"{&quot;background_background&quot;:&quot;classic&quot;,&quot;background_motion_fx_motion_fx_scrolling&quot;:&quot;yes&quot;,&quot;background_motion_fx_scale_effect&quot;:&quot;yes&quot;,&quot;background_motion_fx_scale_speed&quot;:{&quot;unit&quot;:&quot;px&quot;,&quot;size&quot;:1,&quot;sizes&quot;:[]},&quot;background_motion_fx_scale_range&quot;:{&quot;unit&quot;:&quot;%&quot;,&quot;size&quot;:&quot;&quot;,&quot;sizes&quot;:{&quot;start&quot;:0,&quot;end&quot;:100}},&quot;background_motion_fx_scale_direction&quot;:&quot;out-in&quot;,&quot;background_motion_fx_devices&quot;:[&quot;desktop&quot;,&quot;tablet&quot;,&quot;mobile&quot;]}\">\n\t\t\t\t<\/div>\n\t\t<div class=\"elementor-element elementor-element-2513088 e-con-full e-flex e-con e-child\" data-id=\"2513088\" data-element_type=\"container\" data-e-type=\"container\" data-settings=\"{&quot;background_background&quot;:&quot;classic&quot;}\">\n\t\t\t\t<\/div>\n\t\t<div class=\"elementor-element elementor-element-19fb8c1 e-con-full e-flex e-con e-child\" data-id=\"19fb8c1\" data-element_type=\"container\" data-e-type=\"container\" data-settings=\"{&quot;background_background&quot;:&quot;classic&quot;}\">\n\t\t\t\t<div class=\"elementor-element elementor-element-fcbfc78 elementor-widget elementor-widget-heading\" data-id=\"fcbfc78\" data-element_type=\"widget\" data-e-type=\"widget\" data-widget_type=\"heading.default\">\n\t\t\t\t<div class=\"elementor-widget-container\">\n\t\t\t\t\t<h3 class=\"elementor-heading-title elementor-size-default\">Ensemble pour un monde meilleur<\/h3>\t\t\t\t<\/div>\n\t\t\t\t<\/div>\n\t\t\t\t<div class=\"elementor-element elementor-element-7326eb2 elementor-widget elementor-widget-text-editor\" data-id=\"7326eb2\" data-element_type=\"widget\" data-e-type=\"widget\" data-widget_type=\"text-editor.default\">\n\t\t\t\t<div class=\"elementor-widget-container\">\n\t\t\t\t\t\t\t\t\t<p>Avec presque 40 ans d\u2019exp\u00e9rience dans l\u2019achat, le transport et la pr\u00e9sentation de fleurs et plantes, vous pouvez nous consid\u00e9rer comme de v\u00e9ritables sp\u00e9cialistes. Notre \u00e9quipe de plus de 150 collaborateurs \u0153uvre chaque jour au service de nos clients aux Pays-Bas et \u00e0 l\u2019\u00e9tranger. Faites la connaissance de RVE.  <br><br><\/p>\t\t\t\t\t\t\t\t<\/div>\n\t\t\t\t<\/div>\n\t\t\t\t<div class=\"elementor-element elementor-element-a18aa65 elementor-widget elementor-widget-button\" data-id=\"a18aa65\" data-element_type=\"widget\" data-e-type=\"widget\" data-widget_type=\"button.default\">\n\t\t\t\t<div class=\"elementor-widget-container\">\n\t\t\t\t\t\t\t\t\t<div class=\"elementor-button-wrapper\">\n\t\t\t\t\t<a class=\"elementor-button elementor-button-link elementor-size-sm\" href=\"https:\/\/rve.eu\/fr\/lentreprise\/\">\n\t\t\t\t\t\t<span class=\"elementor-button-content-wrapper\">\n\t\t\t\t\t\t\t\t\t<span class=\"elementor-button-text\">L'entreprise<\/span>\n\t\t\t\t\t<\/span>\n\t\t\t\t\t<\/a>\n\t\t\t\t<\/div>\n\t\t\t\t\t\t\t\t<\/div>\n\t\t\t\t<\/div>\n\t\t\t\t<\/div>\n\t\t\t\t<\/div>\n\t\t\t\t\t<\/div>\n\t\t\t\t<\/div>\n\t\t\t\t<\/div>\n\t\t","protected":false},"excerpt":{"rendered":"<p>RVE Nos choix durables C\u2019est avec les plus grands soins que nous composons notre assortiment et veillons \u00e0 ce que les produits soient toujours frais sur le point de vente. Par amour pour la nature, l\u2019environnement et nos collaborateurs. Notre cha\u00eene d\u2019approvisionnement est organis\u00e9e de la fa\u00e7on la plus efficace et durable possible, dans un [&hellip;]<\/p>\n","protected":false},"author":1,"featured_media":0,"parent":0,"menu_order":0,"comment_status":"closed","ping_status":"closed","template":"elementor_header_footer","meta":{"_acf_changed":false,"footnotes":""},"class_list":["post-1359","page","type-page","status-publish","hentry"],"acf":[],"_links":{"self":[{"href":"https:\/\/rve.eu\/fr\/wp-json\/wp\/v2\/pages\/1359","targetHints":{"allow":["GET"]}}],"collection":[{"href":"https:\/\/rve.eu\/fr\/wp-json\/wp\/v2\/pages"}],"about":[{"href":"https:\/\/rve.eu\/fr\/wp-json\/wp\/v2\/types\/page"}],"author":[{"embeddable":true,"href":"https:\/\/rve.eu\/fr\/wp-json\/wp\/v2\/users\/1"}],"replies":[{"embeddable":true,"href":"https:\/\/rve.eu\/fr\/wp-json\/wp\/v2\/comments?post=1359"}],"version-history":[{"count":2,"href":"https:\/\/rve.eu\/fr\/wp-json\/wp\/v2\/pages\/1359\/revisions"}],"predecessor-version":[{"id":1606,"href":"https:\/\/rve.eu\/fr\/wp-json\/wp\/v2\/pages\/1359\/revisions\/1606"}],"wp:attachment":[{"href":"https:\/\/rve.eu\/fr\/wp-json\/wp\/v2\/media?parent=1359"}],"curies":[{"name":"wp","href":"https:\/\/api.w.org\/{rel}","templated":true}]}}