{"id":1375,"date":"2025-02-13T13:00:16","date_gmt":"2025-02-13T13:00:16","guid":{"rendered":"https:\/\/rve.eu\/ce-que-nous-faisons\/erveye\/"},"modified":"2025-03-03T08:19:39","modified_gmt":"2025-03-03T08:19:39","slug":"erveye","status":"publish","type":"page","link":"https:\/\/rve.eu\/fr\/ce-que-nous-faisons\/erveye\/","title":{"rendered":"Erv\u00e9y\u00e9"},"content":{"rendered":"\t\t<div data-elementor-type=\"wp-page\" data-elementor-id=\"1375\" class=\"elementor elementor-1375 elementor-477\" data-elementor-post-type=\"page\">\n\t\t\t\t<div class=\"elementor-element elementor-element-32c83dc e-con-full e-flex e-con e-parent\" data-id=\"32c83dc\" data-element_type=\"container\" data-e-type=\"container\">\n\t\t\t\t<div class=\"elementor-element elementor-element-581d2da elementor-widget elementor-widget-rve-brandbox\" data-id=\"581d2da\" data-element_type=\"widget\" data-e-type=\"widget\" data-widget_type=\"rve-brandbox.default\">\n\t\t\t\t<div class=\"elementor-widget-container\">\n\t\t\t\t\t<div class=\"brandbox\">\n            <nav aria-label=\"breadcrumbs\" class=\"rank-math-breadcrumb\"><p><span class=\"last\">RVE<\/span><\/p><\/nav>    \n    <div class=\"container\">\n        <div class=\"brandbox-content\">\n                            <h1>Le monde <i>d\u2019Erv\u00e9y\u00e9<\/i><\/h1>\n            \n                            <p>Notre passion pour les fleurs et plantes se cristallise chez Erv\u00e9y\u00e9. C\u2019est avec les plus grands soins que nous composons notre assortiment et veillons \u00e0 ce que les produits soient toujours frais sur le point de vente. Tout se rassemble dans Erv\u00e9y\u00e9 : un label de luxe pour fleurs et plantes dans les supermarch\u00e9s.   <\/p>\n            \n            <div class=\"brandbox-btn\">\n                \n                                    <a class=\"btn-primary\" href=\"https:\/\/erveye.com\/\" target=\"_blank\" rel=\"noopener\">Erv\u00e9y\u00e9.com<\/a>\n                \n                                    <a class=\"btn-secondary\" href=\"https:\/\/rve.eu\/wp-content\/uploads\/2025\/02\/Impression-Erveye-.pdf\" target=\"_blank\">T\u00e9l\u00e9chargez la brochure<\/a>\n                            <\/div>\n        <\/div>\n    <\/div>\n\n    <div class=\"brandbox-media\">\n                    <img fetchpriority=\"high\" decoding=\"async\" width=\"1522\" height=\"1080\" src=\"https:\/\/rve.eu\/wp-content\/uploads\/2025\/02\/Headerfoto-Erveye.png\" class=\"attachment-full size-full\" alt=\"\" srcset=\"https:\/\/rve.eu\/wp-content\/uploads\/2025\/02\/Headerfoto-Erveye.png 1522w, https:\/\/rve.eu\/wp-content\/uploads\/2025\/02\/Headerfoto-Erveye-300x213.png 300w, https:\/\/rve.eu\/wp-content\/uploads\/2025\/02\/Headerfoto-Erveye-1024x727.png 1024w, https:\/\/rve.eu\/wp-content\/uploads\/2025\/02\/Headerfoto-Erveye-768x545.png 768w\" sizes=\"(max-width: 1522px) 100vw, 1522px\" \/>        \n            <\/div>\n<\/div>\t\t\t\t<\/div>\n\t\t\t\t<\/div>\n\t\t\t\t<\/div>\n\t\t<div class=\"elementor-element elementor-element-59b275a e-flex e-con-boxed e-con e-parent\" data-id=\"59b275a\" data-element_type=\"container\" data-e-type=\"container\">\n\t\t\t\t\t<div class=\"e-con-inner\">\n\t\t<div class=\"elementor-element elementor-element-6622c35 e-con-full e-flex e-con e-child\" data-id=\"6622c35\" data-element_type=\"container\" data-e-type=\"container\">\n\t\t\t\t<div class=\"elementor-element elementor-element-5124a6c elementor-widget elementor-widget-heading\" data-id=\"5124a6c\" data-element_type=\"widget\" data-e-type=\"widget\" data-widget_type=\"heading.default\">\n\t\t\t\t<div class=\"elementor-widget-container\">\n\t\t\t\t\t<h2 class=\"elementor-heading-title elementor-size-default\">Label unique pour les d\u00e9taillants<\/h2>\t\t\t\t<\/div>\n\t\t\t\t<\/div>\n\t\t\t\t<div class=\"elementor-element elementor-element-733b2d5 elementor-widget elementor-widget-text-editor\" data-id=\"733b2d5\" data-element_type=\"widget\" data-e-type=\"widget\" data-widget_type=\"text-editor.default\">\n\t\t\t\t<div class=\"elementor-widget-container\">\n\t\t\t\t\t\t\t\t\t<p>Les fleurs, plantes et compositions propos\u00e9es par RVE sont d\u00e9j\u00e0 naturellement superbes. Avec leur label grand public Erv\u00e9y\u00e9, nous faisons un pas de plus pour un rayon uniforme, complet et soign\u00e9 pourvu des plus beaux produits dans un magnifique emballage. Erv\u00e9y\u00e9 ajoute de la valeur et de la beaut\u00e9 votre rayon.  <\/p>\t\t\t\t\t\t\t\t<\/div>\n\t\t\t\t<\/div>\n\t\t\t\t<\/div>\n\t\t\t\t\t<\/div>\n\t\t\t\t<\/div>\n\t\t<div class=\"elementor-element elementor-element-b18b534 e-flex e-con-boxed e-con e-parent\" data-id=\"b18b534\" data-element_type=\"container\" data-e-type=\"container\">\n\t\t\t\t\t<div class=\"e-con-inner\">\n\t\t<div class=\"elementor-element elementor-element-db63e25 e-grid e-con-boxed e-con e-child\" data-id=\"db63e25\" data-element_type=\"container\" data-e-type=\"container\">\n\t\t\t\t\t<div class=\"e-con-inner\">\n\t\t\t\t<div class=\"elementor-element elementor-element-22ba289 elementor-widget elementor-widget-image\" data-id=\"22ba289\" data-element_type=\"widget\" data-e-type=\"widget\" data-widget_type=\"image.default\">\n\t\t\t\t<div class=\"elementor-widget-container\">\n\t\t\t\t\t\t\t\t\t\t\t\t\t\t\t<img decoding=\"async\" width=\"683\" height=\"1024\" src=\"https:\/\/rve.eu\/wp-content\/uploads\/2025\/02\/Erveye-2-Groot-683x1024.jpg\" class=\"attachment-large size-large wp-image-1044\" alt=\"\" srcset=\"https:\/\/rve.eu\/wp-content\/uploads\/2025\/02\/Erveye-2-Groot-683x1024.jpg 683w, https:\/\/rve.eu\/wp-content\/uploads\/2025\/02\/Erveye-2-Groot-200x300.jpg 200w, https:\/\/rve.eu\/wp-content\/uploads\/2025\/02\/Erveye-2-Groot-768x1151.jpg 768w, https:\/\/rve.eu\/wp-content\/uploads\/2025\/02\/Erveye-2-Groot-1025x1536.jpg 1025w, https:\/\/rve.eu\/wp-content\/uploads\/2025\/02\/Erveye-2-Groot.jpg 1080w\" sizes=\"(max-width: 683px) 100vw, 683px\" \/>\t\t\t\t\t\t\t\t\t\t\t\t\t\t\t<\/div>\n\t\t\t\t<\/div>\n\t\t\t\t<div class=\"elementor-element elementor-element-77aeb11 elementor-widget elementor-widget-image\" data-id=\"77aeb11\" data-element_type=\"widget\" data-e-type=\"widget\" data-widget_type=\"image.default\">\n\t\t\t\t<div class=\"elementor-widget-container\">\n\t\t\t\t\t\t\t\t\t\t\t\t\t\t\t<img decoding=\"async\" width=\"800\" height=\"534\" src=\"https:\/\/rve.eu\/wp-content\/uploads\/2025\/02\/Erveye-1-1-1024x683.jpg\" class=\"attachment-large size-large wp-image-1041\" alt=\"\" srcset=\"https:\/\/rve.eu\/wp-content\/uploads\/2025\/02\/Erveye-1-1-1024x683.jpg 1024w, https:\/\/rve.eu\/wp-content\/uploads\/2025\/02\/Erveye-1-1-300x200.jpg 300w, https:\/\/rve.eu\/wp-content\/uploads\/2025\/02\/Erveye-1-1-768x512.jpg 768w, https:\/\/rve.eu\/wp-content\/uploads\/2025\/02\/Erveye-1-1-1536x1025.jpg 1536w, https:\/\/rve.eu\/wp-content\/uploads\/2025\/02\/Erveye-1-1.jpg 1619w\" sizes=\"(max-width: 800px) 100vw, 800px\" \/>\t\t\t\t\t\t\t\t\t\t\t\t\t\t\t<\/div>\n\t\t\t\t<\/div>\n\t\t\t\t<div class=\"elementor-element elementor-element-4905c83 elementor-widget elementor-widget-image\" data-id=\"4905c83\" data-element_type=\"widget\" data-e-type=\"widget\" data-widget_type=\"image.default\">\n\t\t\t\t<div class=\"elementor-widget-container\">\n\t\t\t\t\t\t\t\t\t\t\t\t\t\t\t<img loading=\"lazy\" decoding=\"async\" width=\"800\" height=\"534\" src=\"https:\/\/rve.eu\/wp-content\/uploads\/2025\/02\/Erveye-3-2-1024x683.jpg\" class=\"attachment-large size-large wp-image-1047\" alt=\"\" srcset=\"https:\/\/rve.eu\/wp-content\/uploads\/2025\/02\/Erveye-3-2-1024x683.jpg 1024w, https:\/\/rve.eu\/wp-content\/uploads\/2025\/02\/Erveye-3-2-300x200.jpg 300w, https:\/\/rve.eu\/wp-content\/uploads\/2025\/02\/Erveye-3-2-768x512.jpg 768w, https:\/\/rve.eu\/wp-content\/uploads\/2025\/02\/Erveye-3-2-1536x1025.jpg 1536w, https:\/\/rve.eu\/wp-content\/uploads\/2025\/02\/Erveye-3-2.jpg 1619w\" sizes=\"(max-width: 800px) 100vw, 800px\" \/>\t\t\t\t\t\t\t\t\t\t\t\t\t\t\t<\/div>\n\t\t\t\t<\/div>\n\t\t\t\t<div class=\"elementor-element elementor-element-e69dfbb elementor-widget elementor-widget-image\" data-id=\"e69dfbb\" data-element_type=\"widget\" data-e-type=\"widget\" data-widget_type=\"image.default\">\n\t\t\t\t<div class=\"elementor-widget-container\">\n\t\t\t\t\t\t\t\t\t\t\t\t\t\t\t<img loading=\"lazy\" decoding=\"async\" width=\"800\" height=\"534\" src=\"https:\/\/rve.eu\/wp-content\/uploads\/2025\/02\/Erveye-4-1-1024x683.jpg\" class=\"attachment-large size-large wp-image-1050\" alt=\"\" srcset=\"https:\/\/rve.eu\/wp-content\/uploads\/2025\/02\/Erveye-4-1-1024x683.jpg 1024w, https:\/\/rve.eu\/wp-content\/uploads\/2025\/02\/Erveye-4-1-300x200.jpg 300w, https:\/\/rve.eu\/wp-content\/uploads\/2025\/02\/Erveye-4-1-768x512.jpg 768w, https:\/\/rve.eu\/wp-content\/uploads\/2025\/02\/Erveye-4-1-1536x1025.jpg 1536w, https:\/\/rve.eu\/wp-content\/uploads\/2025\/02\/Erveye-4-1.jpg 1619w\" sizes=\"(max-width: 800px) 100vw, 800px\" \/>\t\t\t\t\t\t\t\t\t\t\t\t\t\t\t<\/div>\n\t\t\t\t<\/div>\n\t\t\t\t\t<\/div>\n\t\t\t\t<\/div>\n\t\t<div class=\"elementor-element elementor-element-422b672 e-con-full e-flex e-con e-child\" data-id=\"422b672\" data-element_type=\"container\" data-e-type=\"container\">\n\t\t<div class=\"elementor-element elementor-element-909cdba e-con-full e-flex e-con e-child\" data-id=\"909cdba\" data-element_type=\"container\" data-e-type=\"container\" data-settings=\"{&quot;background_background&quot;:&quot;classic&quot;,&quot;background_motion_fx_motion_fx_scrolling&quot;:&quot;yes&quot;,&quot;background_motion_fx_scale_effect&quot;:&quot;yes&quot;,&quot;background_motion_fx_scale_speed&quot;:{&quot;unit&quot;:&quot;px&quot;,&quot;size&quot;:1,&quot;sizes&quot;:[]},&quot;background_motion_fx_scale_range&quot;:{&quot;unit&quot;:&quot;%&quot;,&quot;size&quot;:&quot;&quot;,&quot;sizes&quot;:{&quot;start&quot;:0,&quot;end&quot;:100}},&quot;background_motion_fx_scale_direction&quot;:&quot;out-in&quot;,&quot;background_motion_fx_devices&quot;:[&quot;desktop&quot;,&quot;tablet&quot;,&quot;mobile&quot;]}\">\n\t\t<div class=\"elementor-element elementor-element-7de5ab5 e-con-full e-flex e-con e-child\" data-id=\"7de5ab5\" data-element_type=\"container\" data-e-type=\"container\" data-settings=\"{&quot;background_background&quot;:&quot;classic&quot;}\">\n\t\t\t\t<div class=\"elementor-element elementor-element-cf1a124 elementor-widget elementor-widget-heading\" data-id=\"cf1a124\" data-element_type=\"widget\" data-e-type=\"widget\" data-widget_type=\"heading.default\">\n\t\t\t\t<div class=\"elementor-widget-container\">\n\t\t\t\t\t<h3 class=\"elementor-heading-title elementor-size-default\">Bienvenue dans notre monde<\/h3>\t\t\t\t<\/div>\n\t\t\t\t<\/div>\n\t\t\t\t<div class=\"elementor-element elementor-element-293add3 elementor-widget elementor-widget-text-editor\" data-id=\"293add3\" data-element_type=\"widget\" data-e-type=\"widget\" data-widget_type=\"text-editor.default\">\n\t\t\t\t<div class=\"elementor-widget-container\">\n\t\t\t\t\t\t\t\t\t<p>Les fleurs et plantes ont quelque chose de sp\u00e9cial. Elles s\u2019adaptent \u00e0 chaque moment de notre vie : l\u2019amour, la f\u00eate, la gratitude ou le chagrin. Et elles sont aussi l\u00e0 pour vous \u00e0 n\u2019importe quel moment, durant les jours ordinaires. Elles vous r\u00e9servent un accueil chaleureux \u00e0 la maison et vous offrent de petits moments de bonheur lorsque vous ne vous y attendez pas. D\u00e9couvrez Erv\u00e9y\u00e9.    <strong> <\/strong><\/p>\t\t\t\t\t\t\t\t<\/div>\n\t\t\t\t<\/div>\n\t\t\t\t<div class=\"elementor-element elementor-element-979254e elementor-button-success elementor-widget elementor-widget-button\" data-id=\"979254e\" data-element_type=\"widget\" data-e-type=\"widget\" data-widget_type=\"button.default\">\n\t\t\t\t<div class=\"elementor-widget-container\">\n\t\t\t\t\t\t\t\t\t<div class=\"elementor-button-wrapper\">\n\t\t\t\t\t<a class=\"elementor-button elementor-button-link elementor-size-sm\" href=\"https:\/\/erveye.com\/\" target=\"_blank\" rel=\"noopener\">\n\t\t\t\t\t\t<span class=\"elementor-button-content-wrapper\">\n\t\t\t\t\t\t<span class=\"elementor-button-icon\">\n\t\t\t\t<svg xmlns=\"http:\/\/www.w3.org\/2000\/svg\" width=\"16\" height=\"12\" viewBox=\"0 0 16 12\" fill=\"none\"><path d=\"M12.15 6.72548H1C0.716667 6.72548 0.479167 6.62964 0.2875 6.43798C0.0958333 6.24631 0 6.00881 0 5.72548C0 5.44214 0.0958333 5.20464 0.2875 5.01298C0.479167 4.82131 0.716667 4.72548 1 4.72548H12.15L9.3 1.87548C9.1 1.67548 9.00417 1.44214 9.0125 1.17548C9.02083 0.908809 9.11667 0.675476 9.3 0.475476C9.5 0.275476 9.7375 0.171309 10.0125 0.162976C10.2875 0.154642 10.525 0.250476 10.725 0.450476L15.3 5.02548C15.4 5.12548 15.4708 5.23381 15.5125 5.35048C15.5542 5.46714 15.575 5.59214 15.575 5.72548C15.575 5.85881 15.5542 5.98381 15.5125 6.10048C15.4708 6.21714 15.4 6.32548 15.3 6.42548L10.725 11.0005C10.525 11.2005 10.2875 11.2963 10.0125 11.288C9.7375 11.2796 9.5 11.1755 9.3 10.9755C9.11667 10.7755 9.02083 10.5421 9.0125 10.2755C9.00417 10.0088 9.1 9.77548 9.3 9.57548L12.15 6.72548Z\" fill=\"white\"><\/path><\/svg>\t\t\t<\/span>\n\t\t\t\t\t\t\t\t\t<span class=\"elementor-button-text\">Entrez dans le monde d\u2019Erv\u00e9y\u00e9<\/span>\n\t\t\t\t\t<\/span>\n\t\t\t\t\t<\/a>\n\t\t\t\t<\/div>\n\t\t\t\t\t\t\t\t<\/div>\n\t\t\t\t<\/div>\n\t\t\t\t<\/div>\n\t\t\t\t<\/div>\n\t\t\t\t<\/div>\n\t\t\t\t\t<\/div>\n\t\t\t\t<\/div>\n\t\t\t\t<\/div>\n\t\t","protected":false},"excerpt":{"rendered":"<p>RVE Le monde d\u2019Erv\u00e9y\u00e9 Notre passion pour les fleurs et plantes se cristallise chez Erv\u00e9y\u00e9. C\u2019est avec les plus grands soins que nous composons notre assortiment et veillons \u00e0 ce que les produits soient toujours frais sur le point de vente. Tout se rassemble dans Erv\u00e9y\u00e9 : un label de luxe pour fleurs et plantes [&hellip;]<\/p>\n","protected":false},"author":1,"featured_media":0,"parent":1371,"menu_order":0,"comment_status":"closed","ping_status":"closed","template":"elementor_header_footer","meta":{"_acf_changed":false,"footnotes":""},"class_list":["post-1375","page","type-page","status-publish","hentry"],"acf":[],"_links":{"self":[{"href":"https:\/\/rve.eu\/fr\/wp-json\/wp\/v2\/pages\/1375","targetHints":{"allow":["GET"]}}],"collection":[{"href":"https:\/\/rve.eu\/fr\/wp-json\/wp\/v2\/pages"}],"about":[{"href":"https:\/\/rve.eu\/fr\/wp-json\/wp\/v2\/types\/page"}],"author":[{"embeddable":true,"href":"https:\/\/rve.eu\/fr\/wp-json\/wp\/v2\/users\/1"}],"replies":[{"embeddable":true,"href":"https:\/\/rve.eu\/fr\/wp-json\/wp\/v2\/comments?post=1375"}],"version-history":[{"count":2,"href":"https:\/\/rve.eu\/fr\/wp-json\/wp\/v2\/pages\/1375\/revisions"}],"predecessor-version":[{"id":1616,"href":"https:\/\/rve.eu\/fr\/wp-json\/wp\/v2\/pages\/1375\/revisions\/1616"}],"up":[{"embeddable":true,"href":"https:\/\/rve.eu\/fr\/wp-json\/wp\/v2\/pages\/1371"}],"wp:attachment":[{"href":"https:\/\/rve.eu\/fr\/wp-json\/wp\/v2\/media?parent=1375"}],"curies":[{"name":"wp","href":"https:\/\/api.w.org\/{rel}","templated":true}]}}