{"id":1383,"date":"2025-02-14T08:25:45","date_gmt":"2025-02-14T08:25:45","guid":{"rendered":"https:\/\/rve.eu\/ce-que-nous-faisons\/devenir-client\/"},"modified":"2025-03-03T08:31:54","modified_gmt":"2025-03-03T08:31:54","slug":"devenir-client","status":"publish","type":"page","link":"https:\/\/rve.eu\/fr\/ce-que-nous-faisons\/devenir-client\/","title":{"rendered":"Devenir client"},"content":{"rendered":"\t\t<div data-elementor-type=\"wp-page\" data-elementor-id=\"1383\" class=\"elementor elementor-1383 elementor-677\" data-elementor-post-type=\"page\">\n\t\t\t\t<div class=\"elementor-element elementor-element-aed261a e-con-full e-flex e-con e-parent\" data-id=\"aed261a\" data-element_type=\"container\" data-e-type=\"container\">\n\t\t\t\t<div class=\"elementor-element elementor-element-5f32bba elementor-widget elementor-widget-rve-brandbox\" data-id=\"5f32bba\" data-element_type=\"widget\" data-e-type=\"widget\" data-widget_type=\"rve-brandbox.default\">\n\t\t\t\t<div class=\"elementor-widget-container\">\n\t\t\t\t\t<div class=\"brandbox\">\n            <nav aria-label=\"breadcrumbs\" class=\"rank-math-breadcrumb\"><p><span class=\"last\">RVE<\/span><\/p><\/nav>    \n    <div class=\"container\">\n        <div class=\"brandbox-content\">\n                            <h1>Devenir <i>client<\/i><\/h1>\n            \n                            <p>\u00c0 la recherche d\u2019un fournisseur de plantes et fleurs de qualit\u00e9 sup\u00e9rieure offrant un service int\u00e9gr\u00e9 ? D\u00e9couvrez comment nous pouvons transformer vos rayons en source fleurie de tr\u00e8s jolis profits. \n<\/p>\n            \n            <div class=\"brandbox-btn\">\n                \n                                    <a class=\"btn-primary\" href=\"https:\/\/rve.eu\/wp-content\/uploads\/2025\/02\/Brochure_France.pdf\" target=\"_blank\" download-icon=\"\">T\u00e9l\u00e9chargez la brochure<\/a>\n                \n                                    <a class=\"btn-secondary\" href=\"https:\/\/rve.eu\/fr\/contact\/\">Contact<\/a>\n                            <\/div>\n        <\/div>\n    <\/div>\n\n    <div class=\"brandbox-media\">\n                    <img fetchpriority=\"high\" decoding=\"async\" width=\"1620\" height=\"1080\" src=\"https:\/\/rve.eu\/wp-content\/uploads\/2025\/02\/Header-klant-worden.jpg\" class=\"attachment-full size-full\" alt=\"\" srcset=\"https:\/\/rve.eu\/wp-content\/uploads\/2025\/02\/Header-klant-worden.jpg 1620w, https:\/\/rve.eu\/wp-content\/uploads\/2025\/02\/Header-klant-worden-300x200.jpg 300w, https:\/\/rve.eu\/wp-content\/uploads\/2025\/02\/Header-klant-worden-1024x683.jpg 1024w, https:\/\/rve.eu\/wp-content\/uploads\/2025\/02\/Header-klant-worden-768x512.jpg 768w, https:\/\/rve.eu\/wp-content\/uploads\/2025\/02\/Header-klant-worden-1536x1024.jpg 1536w\" sizes=\"(max-width: 1620px) 100vw, 1620px\" \/>        \n            <\/div>\n<\/div>\t\t\t\t<\/div>\n\t\t\t\t<\/div>\n\t\t\t\t<\/div>\n\t\t<div class=\"elementor-element elementor-element-1d67434 e-flex e-con-boxed e-con e-parent\" data-id=\"1d67434\" data-element_type=\"container\" data-e-type=\"container\">\n\t\t\t\t\t<div class=\"e-con-inner\">\n\t\t<div class=\"elementor-element elementor-element-c1edfae e-con-full e-flex e-con e-child\" data-id=\"c1edfae\" data-element_type=\"container\" data-e-type=\"container\">\n\t\t\t\t<div class=\"elementor-element elementor-element-31d2c7d elementor-widget elementor-widget-heading\" data-id=\"31d2c7d\" data-element_type=\"widget\" data-e-type=\"widget\" data-widget_type=\"heading.default\">\n\t\t\t\t<div class=\"elementor-widget-container\">\n\t\t\t\t\t<h2 class=\"elementor-heading-title elementor-size-default\">La force du service int\u00e9gr\u00e9<\/h2>\t\t\t\t<\/div>\n\t\t\t\t<\/div>\n\t\t\t\t<div class=\"elementor-element elementor-element-135f53c elementor-widget elementor-widget-text-editor\" data-id=\"135f53c\" data-element_type=\"widget\" data-e-type=\"widget\" data-widget_type=\"text-editor.default\">\n\t\t\t\t<div class=\"elementor-widget-container\">\n\t\t\t\t\t\t\t\t\t<p>RVE est votre partenaire fiable pour les fleurs et les plantes. Avec une approche \u00e9prouv\u00e9e, nous r\u00e9alisons une augmentation des ventes dans plus de 2 500 magasins en Allemagne, en Belgique et aux Pays-Bas, tandis que nous assumons la totalit\u00e9 du risque commercial. <\/p><p>Nos collaborateurs exp\u00e9riment\u00e9s livrent chaque semaine des produits frais et veillent \u00e0 une pr\u00e9sentation soign\u00e9e et attractive sur le point de vente. C\u2019est gr\u00e2ce \u00e0 une analyse intelligente des r\u00e9sultats et une connaissance approfondie du march\u00e9 que nous pouvons toujours proposer le bon produit au bon moment. Nous apportons ainsi \u00e0 votre rayon fleurs et plantes une valeur ajout\u00e9e lucrative et attractive pour votre magasin.  <\/p>\t\t\t\t\t\t\t\t<\/div>\n\t\t\t\t<\/div>\n\t\t\t\t<\/div>\n\t\t\t\t\t<\/div>\n\t\t\t\t<\/div>\n\t\t<div class=\"elementor-element elementor-element-1a9ce234 e-flex e-con-boxed e-con e-parent\" data-id=\"1a9ce234\" data-element_type=\"container\" data-e-type=\"container\" data-settings=\"{&quot;background_background&quot;:&quot;classic&quot;}\">\n\t\t\t\t\t<div class=\"e-con-inner\">\n\t\t<div class=\"elementor-element elementor-element-489c96a4 e-con-full e-flex e-con e-child\" data-id=\"489c96a4\" data-element_type=\"container\" data-e-type=\"container\">\n\t\t\t\t<div class=\"elementor-element elementor-element-6589a2d4 elementor-widget elementor-widget-heading\" data-id=\"6589a2d4\" data-element_type=\"widget\" data-e-type=\"widget\" data-widget_type=\"heading.default\">\n\t\t\t\t<div class=\"elementor-widget-container\">\n\t\t\t\t\t<h2 class=\"elementor-heading-title elementor-size-default\">Pourquoi RVE<\/h2>\t\t\t\t<\/div>\n\t\t\t\t<\/div>\n\t\t\t\t<div class=\"elementor-element elementor-element-4745a7a5 elementor-button-info elementor-widget elementor-widget-button\" data-id=\"4745a7a5\" data-element_type=\"widget\" data-e-type=\"widget\" data-widget_type=\"button.default\">\n\t\t\t\t<div class=\"elementor-widget-container\">\n\t\t\t\t\t\t\t\t\t<div class=\"elementor-button-wrapper\">\n\t\t\t\t\t<a class=\"elementor-button elementor-button-link elementor-size-sm\" href=\"https:\/\/rve.eu\/fr\/lentreprise\/\">\n\t\t\t\t\t\t<span class=\"elementor-button-content-wrapper\">\n\t\t\t\t\t\t\t\t\t<span class=\"elementor-button-text\">Notre histoire<\/span>\n\t\t\t\t\t<\/span>\n\t\t\t\t\t<\/a>\n\t\t\t\t<\/div>\n\t\t\t\t\t\t\t\t<\/div>\n\t\t\t\t<\/div>\n\t\t\t\t<\/div>\n\t\t<div class=\"elementor-element elementor-element-3053a5b5 e-con-full e-flex e-con e-child\" data-id=\"3053a5b5\" data-element_type=\"container\" data-e-type=\"container\">\n\t\t\t\t<div class=\"elementor-element elementor-element-77945df elementor-widget elementor-widget-global elementor-global-1714 elementor-global-1427 elementor-widget-rve-usp\" data-id=\"77945df\" data-element_type=\"widget\" data-e-type=\"widget\" data-widget_type=\"rve-usp.default\">\n\t\t\t\t<div class=\"elementor-widget-container\">\n\t\t\t\t\t<div class=\"usps\">\n                        <div class=\"usp\">\n                                    <img decoding=\"async\" width=\"1920\" height=\"1080\" src=\"https:\/\/rve.eu\/wp-content\/uploads\/2025\/02\/RVE-8.jpg\" class=\"attachment-full size-full\" alt=\"\" srcset=\"https:\/\/rve.eu\/wp-content\/uploads\/2025\/02\/RVE-8.jpg 1920w, https:\/\/rve.eu\/wp-content\/uploads\/2025\/02\/RVE-8-300x169.jpg 300w, https:\/\/rve.eu\/wp-content\/uploads\/2025\/02\/RVE-8-1024x576.jpg 1024w, https:\/\/rve.eu\/wp-content\/uploads\/2025\/02\/RVE-8-768x432.jpg 768w, https:\/\/rve.eu\/wp-content\/uploads\/2025\/02\/RVE-8-1536x864.jpg 1536w\" sizes=\"(max-width: 1920px) 100vw, 1920px\" \/>                                \n                                    <span>Organis\u00e9 et pris en charge de A \u00e0 Z<\/span>\n                            <\/div>\n                    <div class=\"usp\">\n                                    <img decoding=\"async\" width=\"1620\" height=\"1080\" src=\"https:\/\/rve.eu\/wp-content\/uploads\/2025\/02\/Waarom-RVE-2.jpg\" class=\"attachment-full size-full\" alt=\"\" srcset=\"https:\/\/rve.eu\/wp-content\/uploads\/2025\/02\/Waarom-RVE-2.jpg 1620w, https:\/\/rve.eu\/wp-content\/uploads\/2025\/02\/Waarom-RVE-2-300x200.jpg 300w, https:\/\/rve.eu\/wp-content\/uploads\/2025\/02\/Waarom-RVE-2-1024x683.jpg 1024w, https:\/\/rve.eu\/wp-content\/uploads\/2025\/02\/Waarom-RVE-2-768x512.jpg 768w, https:\/\/rve.eu\/wp-content\/uploads\/2025\/02\/Waarom-RVE-2-1536x1024.jpg 1536w\" sizes=\"(max-width: 1620px) 100vw, 1620px\" \/>                                \n                                    <span>Une apparence soign\u00e9e chaque semaine<\/span>\n                            <\/div>\n                    <div class=\"usp\">\n                                    <img loading=\"lazy\" decoding=\"async\" width=\"1620\" height=\"1080\" src=\"https:\/\/rve.eu\/wp-content\/uploads\/2025\/02\/Waarom-RVE-3.jpg\" class=\"attachment-full size-full\" alt=\"\" srcset=\"https:\/\/rve.eu\/wp-content\/uploads\/2025\/02\/Waarom-RVE-3.jpg 1620w, https:\/\/rve.eu\/wp-content\/uploads\/2025\/02\/Waarom-RVE-3-300x200.jpg 300w, https:\/\/rve.eu\/wp-content\/uploads\/2025\/02\/Waarom-RVE-3-1024x683.jpg 1024w, https:\/\/rve.eu\/wp-content\/uploads\/2025\/02\/Waarom-RVE-3-768x512.jpg 768w, https:\/\/rve.eu\/wp-content\/uploads\/2025\/02\/Waarom-RVE-3-1536x1024.jpg 1536w\" sizes=\"(max-width: 1620px) 100vw, 1620px\" \/>                                \n                                    <span>R\u00e9fl\u00e9chi et avec un \u0153il pour le d\u00e9tail<\/span>\n                            <\/div>\n                    <div class=\"usp\">\n                                    <img loading=\"lazy\" decoding=\"async\" width=\"1620\" height=\"1080\" src=\"https:\/\/rve.eu\/wp-content\/uploads\/2025\/02\/Waarom-RVE-5.jpg\" class=\"attachment-full size-full\" alt=\"\" srcset=\"https:\/\/rve.eu\/wp-content\/uploads\/2025\/02\/Waarom-RVE-5.jpg 1620w, https:\/\/rve.eu\/wp-content\/uploads\/2025\/02\/Waarom-RVE-5-300x200.jpg 300w, https:\/\/rve.eu\/wp-content\/uploads\/2025\/02\/Waarom-RVE-5-1024x683.jpg 1024w, https:\/\/rve.eu\/wp-content\/uploads\/2025\/02\/Waarom-RVE-5-768x512.jpg 768w, https:\/\/rve.eu\/wp-content\/uploads\/2025\/02\/Waarom-RVE-5-1536x1024.jpg 1536w\" sizes=\"(max-width: 1620px) 100vw, 1620px\" \/>                                \n                                    <span>Toujours frais<\/span>\n                            <\/div>\n                    <div class=\"usp\">\n                                    <img loading=\"lazy\" decoding=\"async\" width=\"1620\" height=\"1080\" src=\"https:\/\/rve.eu\/wp-content\/uploads\/2025\/02\/Waarom-RVE-4.jpg\" class=\"attachment-full size-full\" alt=\"\" srcset=\"https:\/\/rve.eu\/wp-content\/uploads\/2025\/02\/Waarom-RVE-4.jpg 1620w, https:\/\/rve.eu\/wp-content\/uploads\/2025\/02\/Waarom-RVE-4-300x200.jpg 300w, https:\/\/rve.eu\/wp-content\/uploads\/2025\/02\/Waarom-RVE-4-1024x683.jpg 1024w, https:\/\/rve.eu\/wp-content\/uploads\/2025\/02\/Waarom-RVE-4-768x512.jpg 768w, https:\/\/rve.eu\/wp-content\/uploads\/2025\/02\/Waarom-RVE-4-1536x1024.jpg 1536w\" sizes=\"(max-width: 1620px) 100vw, 1620px\" \/>                                \n                                    <span>Attractif pour le consommateur<\/span>\n                            <\/div>\n                    <div class=\"usp\">\n                                    <img loading=\"lazy\" decoding=\"async\" width=\"1620\" height=\"1080\" src=\"https:\/\/rve.eu\/wp-content\/uploads\/2025\/02\/Waarom-RVE-1.jpg\" class=\"attachment-full size-full\" alt=\"\" srcset=\"https:\/\/rve.eu\/wp-content\/uploads\/2025\/02\/Waarom-RVE-1.jpg 1620w, https:\/\/rve.eu\/wp-content\/uploads\/2025\/02\/Waarom-RVE-1-300x200.jpg 300w, https:\/\/rve.eu\/wp-content\/uploads\/2025\/02\/Waarom-RVE-1-1024x683.jpg 1024w, https:\/\/rve.eu\/wp-content\/uploads\/2025\/02\/Waarom-RVE-1-768x512.jpg 768w, https:\/\/rve.eu\/wp-content\/uploads\/2025\/02\/Waarom-RVE-1-1536x1024.jpg 1536w\" sizes=\"(max-width: 1620px) 100vw, 1620px\" \/>                                \n                                    <span>Toujours un contact RVE d\u00e9di\u00e9<\/span>\n                            <\/div>\n            <\/div>\t\t\t\t<\/div>\n\t\t\t\t<\/div>\n\t\t\t\t<\/div>\n\t\t\t\t\t<\/div>\n\t\t\t\t<\/div>\n\t\t<div class=\"elementor-element elementor-element-7138ca4 e-flex e-con-boxed e-con e-parent\" data-id=\"7138ca4\" data-element_type=\"container\" data-e-type=\"container\">\n\t\t\t\t\t<div class=\"e-con-inner\">\n\t\t<div class=\"elementor-element elementor-element-ded5494 e-con-full e-flex e-con e-child\" data-id=\"ded5494\" data-element_type=\"container\" data-e-type=\"container\">\n\t\t<div class=\"elementor-element elementor-element-f446e8b e-con-full e-flex e-con e-child\" data-id=\"f446e8b\" data-element_type=\"container\" data-e-type=\"container\" data-settings=\"{&quot;background_background&quot;:&quot;classic&quot;,&quot;background_motion_fx_motion_fx_scrolling&quot;:&quot;yes&quot;,&quot;background_motion_fx_scale_effect&quot;:&quot;yes&quot;,&quot;background_motion_fx_scale_speed&quot;:{&quot;unit&quot;:&quot;px&quot;,&quot;size&quot;:1,&quot;sizes&quot;:[]},&quot;background_motion_fx_scale_range&quot;:{&quot;unit&quot;:&quot;%&quot;,&quot;size&quot;:&quot;&quot;,&quot;sizes&quot;:{&quot;start&quot;:0,&quot;end&quot;:100}},&quot;background_motion_fx_scale_direction&quot;:&quot;out-in&quot;,&quot;background_motion_fx_devices&quot;:[&quot;desktop&quot;,&quot;tablet&quot;,&quot;mobile&quot;]}\">\n\t\t\t\t<\/div>\n\t\t<div class=\"elementor-element elementor-element-6de4228 e-con-full e-flex e-con e-child\" data-id=\"6de4228\" data-element_type=\"container\" data-e-type=\"container\" data-settings=\"{&quot;background_background&quot;:&quot;classic&quot;}\">\n\t\t\t\t<\/div>\n\t\t<div class=\"elementor-element elementor-element-808c543 e-con-full e-flex e-con e-child\" data-id=\"808c543\" data-element_type=\"container\" data-e-type=\"container\" data-settings=\"{&quot;background_background&quot;:&quot;classic&quot;}\">\n\t\t\t\t<div class=\"elementor-element elementor-element-ca5d044 elementor-widget elementor-widget-heading\" data-id=\"ca5d044\" data-element_type=\"widget\" data-e-type=\"widget\" data-widget_type=\"heading.default\">\n\t\t\t\t<div class=\"elementor-widget-container\">\n\t\t\t\t\t<h3 class=\"elementor-heading-title elementor-size-default\">Pour un monde meilleur<\/h3>\t\t\t\t<\/div>\n\t\t\t\t<\/div>\n\t\t\t\t<div class=\"elementor-element elementor-element-0de78a8 elementor-widget elementor-widget-text-editor\" data-id=\"0de78a8\" data-element_type=\"widget\" data-e-type=\"widget\" data-widget_type=\"text-editor.default\">\n\t\t\t\t<div class=\"elementor-widget-container\">\n\t\t\t\t\t\t\t\t\t<p>Chez RVE, nous combinons croissance et d\u00e9fense prioritaire de la durabilit\u00e9 et de la responsabilit\u00e9. En portant un regard critique sur la gestion de notre entreprise et en l\u2019adaptant en permanence, nous assumons la responsabilit\u00e9 de notre impact sur les personnes et l\u2019environnement. D\u00e9couvrez comment nous concr\u00e9tisons nos ambitions dans le domaine de la durabilit\u00e9.  <\/p>\t\t\t\t\t\t\t\t<\/div>\n\t\t\t\t<\/div>\n\t\t\t\t<div class=\"elementor-element elementor-element-c60d200 elementor-widget elementor-widget-button\" data-id=\"c60d200\" data-element_type=\"widget\" data-e-type=\"widget\" data-widget_type=\"button.default\">\n\t\t\t\t<div class=\"elementor-widget-container\">\n\t\t\t\t\t\t\t\t\t<div class=\"elementor-button-wrapper\">\n\t\t\t\t\t<a class=\"elementor-button elementor-button-link elementor-size-sm\" href=\"https:\/\/rve.eu\/fr\/durabilite\/\">\n\t\t\t\t\t\t<span class=\"elementor-button-content-wrapper\">\n\t\t\t\t\t\t\t\t\t<span class=\"elementor-button-text\">Durabilit\u00e9<\/span>\n\t\t\t\t\t<\/span>\n\t\t\t\t\t<\/a>\n\t\t\t\t<\/div>\n\t\t\t\t\t\t\t\t<\/div>\n\t\t\t\t<\/div>\n\t\t\t\t<\/div>\n\t\t\t\t<\/div>\n\t\t\t\t\t<\/div>\n\t\t\t\t<\/div>\n\t\t<div class=\"elementor-element elementor-element-773713a e-flex e-con-boxed e-con e-parent\" data-id=\"773713a\" data-element_type=\"container\" data-e-type=\"container\">\n\t\t\t\t\t<div class=\"e-con-inner\">\n\t\t<div class=\"elementor-element elementor-element-395e991 e-con-full e-flex e-con e-child\" data-id=\"395e991\" data-element_type=\"container\" data-e-type=\"container\">\n\t\t\t\t<div class=\"elementor-element elementor-element-9fe011a elementor-widget elementor-widget-heading\" data-id=\"9fe011a\" data-element_type=\"widget\" data-e-type=\"widget\" data-widget_type=\"heading.default\">\n\t\t\t\t<div class=\"elementor-widget-container\">\n\t\t\t\t\t<h2 class=\"elementor-heading-title elementor-size-default\">Pr\u00e9sentation ultime sur le point de vente<\/h2>\t\t\t\t<\/div>\n\t\t\t\t<\/div>\n\t\t\t\t<div class=\"elementor-element elementor-element-d0b984e elementor-widget elementor-widget-text-editor\" data-id=\"d0b984e\" data-element_type=\"widget\" data-e-type=\"widget\" data-widget_type=\"text-editor.default\">\n\t\t\t\t<div class=\"elementor-widget-container\">\n\t\t\t\t\t\t\t\t\t<p>Les fleurs, plantes et compositions propos\u00e9es par RVE sont d\u00e9j\u00e0 naturellement superbes.<br>Avec notre label grand public <strong>Erv\u00e9y\u00e9<\/strong>, nous franchissons une \u00e9tape suppl\u00e9mentaire. Le mat\u00e9riel de PLV diversifi\u00e9 que nous mettons \u00e0 disposition permet de stimuler les ventes dans le magasin et d\u2019augmenter le nombre des achats d\u2019impulsion. <\/p><p>Ce mat\u00e9riel de promotion est parfaitement adapt\u00e9 aux emballages et \u00e0 l\u2019ambiance v\u00e9hicul\u00e9e par Erv\u00e9y\u00e9: \u00e9l\u00e9gant, puissant et attractif. Du mat\u00e9riel qui souligne non seulement la beaut\u00e9 des produits mais aussi l\u2019exp\u00e9rience de la marque dans le magasin, ce qui contribue \u00e0 une pr\u00e9sentation optimale et \u00e0 de meilleurs r\u00e9sultats commerciaux. <\/p>\t\t\t\t\t\t\t\t<\/div>\n\t\t\t\t<\/div>\n\t\t\t\t<div class=\"elementor-element elementor-element-164694b elementor-widget elementor-widget-button\" data-id=\"164694b\" data-element_type=\"widget\" data-e-type=\"widget\" data-widget_type=\"button.default\">\n\t\t\t\t<div class=\"elementor-widget-container\">\n\t\t\t\t\t\t\t\t\t<div class=\"elementor-button-wrapper\">\n\t\t\t\t\t<a class=\"elementor-button elementor-button-link elementor-size-sm\" href=\"https:\/\/rve.eu\/wp-content\/uploads\/2025\/02\/Impression-Erveye-.pdf\" target=\"_blank\">\n\t\t\t\t\t\t<span class=\"elementor-button-content-wrapper\">\n\t\t\t\t\t\t\t\t\t<span class=\"elementor-button-text\">Voir les pr\u00e9sentations<\/span>\n\t\t\t\t\t<\/span>\n\t\t\t\t\t<\/a>\n\t\t\t\t<\/div>\n\t\t\t\t\t\t\t\t<\/div>\n\t\t\t\t<\/div>\n\t\t\t\t<\/div>\n\t\t\t\t\t<\/div>\n\t\t\t\t<\/div>\n\t\t<div class=\"elementor-element elementor-element-79e90f1 e-flex e-con-boxed e-con e-parent\" data-id=\"79e90f1\" data-element_type=\"container\" data-e-type=\"container\">\n\t\t\t\t\t<div class=\"e-con-inner\">\n\t\t<div class=\"elementor-element elementor-element-c1ce71f e-con-full e-flex e-con e-child\" data-id=\"c1ce71f\" data-element_type=\"container\" data-e-type=\"container\">\n\t\t<div class=\"elementor-element elementor-element-b180362 e-con-full e-flex e-con e-child\" data-id=\"b180362\" data-element_type=\"container\" data-e-type=\"container\" data-settings=\"{&quot;background_background&quot;:&quot;classic&quot;}\">\n\t\t<div class=\"elementor-element elementor-element-a2945da e-con-full e-flex e-con e-child\" data-id=\"a2945da\" data-element_type=\"container\" data-e-type=\"container\">\n\t\t\t\t<div class=\"elementor-element elementor-element-03d7ac2 elementor-widget elementor-widget-heading\" data-id=\"03d7ac2\" data-element_type=\"widget\" data-e-type=\"widget\" data-widget_type=\"heading.default\">\n\t\t\t\t<div class=\"elementor-widget-container\">\n\t\t\t\t\t<h2 class=\"elementor-heading-title elementor-size-default\">\u00c9galement devenir client ?<\/h2>\t\t\t\t<\/div>\n\t\t\t\t<\/div>\n\t\t\t\t<div class=\"elementor-element elementor-element-6f7cb19 elementor-widget elementor-widget-text-editor\" data-id=\"6f7cb19\" data-element_type=\"widget\" data-e-type=\"widget\" data-widget_type=\"text-editor.default\">\n\t\t\t\t<div class=\"elementor-widget-container\">\n\t\t\t\t\t\t\t\t\t<p>Laissez RVE transformer votre rayon fleurs et plantes en ensemble lucratif et attractif. Nous nous chargeons de tout le trajet \u2013 de l\u2019achat \u00e0 la pr\u00e9sentation sur le point de vente ! <\/p>\t\t\t\t\t\t\t\t<\/div>\n\t\t\t\t<\/div>\n\t\t\t\t<div class=\"elementor-element elementor-element-a29f9f9 elementor-button-warning elementor-widget elementor-widget-button\" data-id=\"a29f9f9\" data-element_type=\"widget\" data-e-type=\"widget\" data-widget_type=\"button.default\">\n\t\t\t\t<div class=\"elementor-widget-container\">\n\t\t\t\t\t\t\t\t\t<div class=\"elementor-button-wrapper\">\n\t\t\t\t\t<a class=\"elementor-button elementor-button-link elementor-size-sm\" href=\"https:\/\/rve.eu\/fr\/contact\/\">\n\t\t\t\t\t\t<span class=\"elementor-button-content-wrapper\">\n\t\t\t\t\t\t\t\t\t<span class=\"elementor-button-text\">Prendre contact<\/span>\n\t\t\t\t\t<\/span>\n\t\t\t\t\t<\/a>\n\t\t\t\t<\/div>\n\t\t\t\t\t\t\t\t<\/div>\n\t\t\t\t<\/div>\n\t\t\t\t<\/div>\n\t\t<div class=\"elementor-element elementor-element-116ea9b e-con-full e-flex e-con e-child\" data-id=\"116ea9b\" data-element_type=\"container\" data-e-type=\"container\" data-settings=\"{&quot;background_background&quot;:&quot;classic&quot;}\">\n\t\t\t\t<\/div>\n\t\t\t\t<\/div>\n\t\t\t\t<\/div>\n\t\t\t\t\t<\/div>\n\t\t\t\t<\/div>\n\t\t\t\t<\/div>\n\t\t","protected":false},"excerpt":{"rendered":"<p>RVE Devenir client \u00c0 la recherche d\u2019un fournisseur de plantes et fleurs de qualit\u00e9 sup\u00e9rieure offrant un service int\u00e9gr\u00e9 ? D\u00e9couvrez comment nous pouvons transformer vos rayons en source fleurie de tr\u00e8s jolis profits. T\u00e9l\u00e9chargez la brochure Contact La force du service int\u00e9gr\u00e9 RVE est votre partenaire fiable pour les fleurs et les plantes. Avec [&hellip;]<\/p>\n","protected":false},"author":1,"featured_media":0,"parent":1371,"menu_order":0,"comment_status":"closed","ping_status":"closed","template":"elementor_header_footer","meta":{"_acf_changed":false,"footnotes":""},"class_list":["post-1383","page","type-page","status-publish","hentry"],"acf":[],"_links":{"self":[{"href":"https:\/\/rve.eu\/fr\/wp-json\/wp\/v2\/pages\/1383","targetHints":{"allow":["GET"]}}],"collection":[{"href":"https:\/\/rve.eu\/fr\/wp-json\/wp\/v2\/pages"}],"about":[{"href":"https:\/\/rve.eu\/fr\/wp-json\/wp\/v2\/types\/page"}],"author":[{"embeddable":true,"href":"https:\/\/rve.eu\/fr\/wp-json\/wp\/v2\/users\/1"}],"replies":[{"embeddable":true,"href":"https:\/\/rve.eu\/fr\/wp-json\/wp\/v2\/comments?post=1383"}],"version-history":[{"count":2,"href":"https:\/\/rve.eu\/fr\/wp-json\/wp\/v2\/pages\/1383\/revisions"}],"predecessor-version":[{"id":1621,"href":"https:\/\/rve.eu\/fr\/wp-json\/wp\/v2\/pages\/1383\/revisions\/1621"}],"up":[{"embeddable":true,"href":"https:\/\/rve.eu\/fr\/wp-json\/wp\/v2\/pages\/1371"}],"wp:attachment":[{"href":"https:\/\/rve.eu\/fr\/wp-json\/wp\/v2\/media?parent=1383"}],"curies":[{"name":"wp","href":"https:\/\/api.w.org\/{rel}","templated":true}]}}