{"id":1403,"date":"2025-01-31T14:04:42","date_gmt":"2025-01-31T14:04:42","guid":{"rendered":"https:\/\/rve.eu\/ce-que-nous-faisons\/devenir-fournisseur\/"},"modified":"2025-03-03T08:46:27","modified_gmt":"2025-03-03T08:46:27","slug":"devenir-fournisseur","status":"publish","type":"page","link":"https:\/\/rve.eu\/fr\/ce-que-nous-faisons\/devenir-fournisseur\/","title":{"rendered":"Devenir fournisseur"},"content":{"rendered":"\t\t<div data-elementor-type=\"wp-page\" data-elementor-id=\"1403\" class=\"elementor elementor-1403 elementor-392\" data-elementor-post-type=\"page\">\n\t\t\t\t<div class=\"elementor-element elementor-element-7aaf3a8 e-con-full e-flex e-con e-parent\" data-id=\"7aaf3a8\" data-element_type=\"container\" data-e-type=\"container\">\n\t\t\t\t<div class=\"elementor-element elementor-element-85c99a9 elementor-widget elementor-widget-rve-brandbox\" data-id=\"85c99a9\" data-element_type=\"widget\" data-e-type=\"widget\" data-widget_type=\"rve-brandbox.default\">\n\t\t\t\t<div class=\"elementor-widget-container\">\n\t\t\t\t\t<div class=\"brandbox\">\n            <nav aria-label=\"breadcrumbs\" class=\"rank-math-breadcrumb\"><p><span class=\"last\">RVE<\/span><\/p><\/nav>    \n    <div class=\"container\">\n        <div class=\"brandbox-content\">\n                            <h1>Devenir <i>fournisseur<\/i><\/h1>\n            \n                            <p>Vous cultivez de beaux produits et voulez savoir si vous pourriez les livrer \u00e0 RVE ? D\u00e9couvrez ce que nous pouvons signifier l\u2019un pour l\u2019autre ! <\/p>\n            \n            <div class=\"brandbox-btn\">\n                \n                                    <a class=\"btn-primary\" href=\"https:\/\/rve.eu\/wp-content\/uploads\/2025\/02\/Brochure_France.pdf\" target=\"_blank\" download-icon=\"\">T\u00e9l\u00e9chargez la brochure<\/a>\n                \n                                    <a class=\"btn-secondary\" href=\"https:\/\/rve.eu\/fr\/contact\/\">Contact<\/a>\n                            <\/div>\n        <\/div>\n    <\/div>\n\n    <div class=\"brandbox-media\">\n                    <img fetchpriority=\"high\" decoding=\"async\" width=\"1440\" height=\"1080\" src=\"https:\/\/rve.eu\/wp-content\/uploads\/2025\/02\/Headerfoto-leverancier-worden.jpeg\" class=\"attachment-full size-full\" alt=\"\" srcset=\"https:\/\/rve.eu\/wp-content\/uploads\/2025\/02\/Headerfoto-leverancier-worden.jpeg 1440w, https:\/\/rve.eu\/wp-content\/uploads\/2025\/02\/Headerfoto-leverancier-worden-300x225.jpeg 300w, https:\/\/rve.eu\/wp-content\/uploads\/2025\/02\/Headerfoto-leverancier-worden-1024x768.jpeg 1024w, https:\/\/rve.eu\/wp-content\/uploads\/2025\/02\/Headerfoto-leverancier-worden-768x576.jpeg 768w\" sizes=\"(max-width: 1440px) 100vw, 1440px\" \/>        \n            <\/div>\n<\/div>\t\t\t\t<\/div>\n\t\t\t\t<\/div>\n\t\t\t\t<\/div>\n\t\t<div class=\"elementor-element elementor-element-2fa0d03 e-flex e-con-boxed e-con e-parent\" data-id=\"2fa0d03\" data-element_type=\"container\" data-e-type=\"container\">\n\t\t\t\t\t<div class=\"e-con-inner\">\n\t\t<div class=\"elementor-element elementor-element-15dd864 e-con-full e-flex e-con e-child\" data-id=\"15dd864\" data-element_type=\"container\" data-e-type=\"container\">\n\t\t\t\t<div class=\"elementor-element elementor-element-5f2d3fe elementor-widget elementor-widget-heading\" data-id=\"5f2d3fe\" data-element_type=\"widget\" data-e-type=\"widget\" data-widget_type=\"heading.default\">\n\t\t\t\t<div class=\"elementor-widget-container\">\n\t\t\t\t\t<h2 class=\"elementor-heading-title elementor-size-default\">Ensemble pour le meilleur r\u00e9sultat<\/h2>\t\t\t\t<\/div>\n\t\t\t\t<\/div>\n\t\t\t\t<div class=\"elementor-element elementor-element-c1534d0 elementor-widget elementor-widget-text-editor\" data-id=\"c1534d0\" data-element_type=\"widget\" data-e-type=\"widget\" data-widget_type=\"text-editor.default\">\n\t\t\t\t<div class=\"elementor-widget-container\">\n\t\t\t\t\t\t\t\t\t<p>Les superbes produits que nous achetons chez nos producteurs font la diff\u00e9rence. C&rsquo;est sur la base des informations collect\u00e9es, des succ\u00e8s ant\u00e9rieurs, de notre audace commerciale et de la dynamique des saisons que nous obtenons pour nos clients les meilleurs r\u00e9sultats. Et ce n&rsquo;est pas le fruit d\u2019un travail solitaire, mais d\u2019une coop\u00e9ration ! En tant que sp\u00e9cialistes, nous trouvons qu\u2019il est essentiel de nous informer mutuellement sur les d\u00e9veloppements qui surviennent dans le domaine de la qualit\u00e9, de la durabilit\u00e9 et de l\u2019assortiment. RVE privil\u00e9gie le commerce \u00e9quitable et le juste prix dans la perspective d\u2019une coop\u00e9ration \u00e0 long terme.    <\/p><p>Avec 2 500 supermarch\u00e9s livr\u00e9s chaque semaine par RVE, les producteurs peuvent compter sur des ventes cons\u00e9quentes. Nous fixons de s\u00e9v\u00e8res exigences \u00e0 nos producteurs dans le domaine de la durabilit\u00e9 et de la qualit\u00e9 et coop\u00e9rons volontiers avec eux pour progresser ensemble. Nos produits sont conditionn\u00e9s dans des emballages <strong>Erv\u00e9y\u00e9<\/strong>, sp\u00e9cialement fabriqu\u00e9s par RVE pour les producteurs. RVE privil\u00e9gie le commerce \u00e9quitable et le juste prix dans la perspective d\u2019une coop\u00e9ration \u00e0 long terme !   <\/p>\t\t\t\t\t\t\t\t<\/div>\n\t\t\t\t<\/div>\n\t\t\t\t<\/div>\n\t\t\t\t\t<\/div>\n\t\t\t\t<\/div>\n\t\t<div class=\"elementor-element elementor-element-cdb87af e-flex e-con-boxed e-con e-parent\" data-id=\"cdb87af\" data-element_type=\"container\" data-e-type=\"container\">\n\t\t\t\t\t<div class=\"e-con-inner\">\n\t\t<div class=\"elementor-element elementor-element-5df6880 e-grid e-con-full e-con e-child\" data-id=\"5df6880\" data-element_type=\"container\" data-e-type=\"container\">\n\t\t<div class=\"elementor-element elementor-element-c0ccedf e-con-full e-flex e-con e-child\" data-id=\"c0ccedf\" data-element_type=\"container\" data-e-type=\"container\" data-settings=\"{&quot;background_background&quot;:&quot;classic&quot;,&quot;background_motion_fx_motion_fx_scrolling&quot;:&quot;yes&quot;,&quot;background_motion_fx_translateY_effect&quot;:&quot;yes&quot;,&quot;background_motion_fx_translateY_speed&quot;:{&quot;unit&quot;:&quot;px&quot;,&quot;size&quot;:1,&quot;sizes&quot;:[]},&quot;background_motion_fx_translateY_affectedRange&quot;:{&quot;unit&quot;:&quot;%&quot;,&quot;size&quot;:&quot;&quot;,&quot;sizes&quot;:{&quot;start&quot;:0,&quot;end&quot;:100}},&quot;background_motion_fx_devices&quot;:[&quot;desktop&quot;,&quot;tablet&quot;,&quot;mobile&quot;]}\">\n\t\t\t\t<\/div>\n\t\t<div class=\"elementor-element elementor-element-9c9a5b7 e-con-full e-flex e-con e-child\" data-id=\"9c9a5b7\" data-element_type=\"container\" data-e-type=\"container\" data-settings=\"{&quot;background_background&quot;:&quot;classic&quot;,&quot;background_motion_fx_motion_fx_scrolling&quot;:&quot;yes&quot;,&quot;background_motion_fx_translateY_effect&quot;:&quot;yes&quot;,&quot;background_motion_fx_translateY_speed&quot;:{&quot;unit&quot;:&quot;px&quot;,&quot;size&quot;:2,&quot;sizes&quot;:[]},&quot;background_motion_fx_translateY_affectedRange&quot;:{&quot;unit&quot;:&quot;%&quot;,&quot;size&quot;:&quot;&quot;,&quot;sizes&quot;:{&quot;start&quot;:0,&quot;end&quot;:100}},&quot;background_motion_fx_devices&quot;:[&quot;desktop&quot;,&quot;tablet&quot;,&quot;mobile&quot;]}\">\n\t\t\t\t<\/div>\n\t\t<div class=\"elementor-element elementor-element-32d3dbc e-con-full e-flex e-con e-child\" data-id=\"32d3dbc\" data-element_type=\"container\" data-e-type=\"container\" data-settings=\"{&quot;background_background&quot;:&quot;classic&quot;,&quot;background_motion_fx_motion_fx_scrolling&quot;:&quot;yes&quot;,&quot;background_motion_fx_translateY_effect&quot;:&quot;yes&quot;,&quot;background_motion_fx_translateY_speed&quot;:{&quot;unit&quot;:&quot;px&quot;,&quot;size&quot;:1.5,&quot;sizes&quot;:[]},&quot;background_motion_fx_translateY_affectedRange&quot;:{&quot;unit&quot;:&quot;%&quot;,&quot;size&quot;:&quot;&quot;,&quot;sizes&quot;:{&quot;start&quot;:0,&quot;end&quot;:100}},&quot;background_motion_fx_devices&quot;:[&quot;desktop&quot;,&quot;tablet&quot;,&quot;mobile&quot;]}\">\n\t\t\t\t<\/div>\n\t\t<div class=\"elementor-element elementor-element-de347ad e-con-full e-flex e-con e-child\" data-id=\"de347ad\" data-element_type=\"container\" data-e-type=\"container\" data-settings=\"{&quot;background_background&quot;:&quot;classic&quot;}\">\n\t\t\t\t<div class=\"elementor-element elementor-element-30c3f93 elementor-widget elementor-widget-heading\" data-id=\"30c3f93\" data-element_type=\"widget\" data-e-type=\"widget\" data-widget_type=\"heading.default\">\n\t\t\t\t<div class=\"elementor-widget-container\">\n\t\t\t\t\t<h3 class=\"elementor-heading-title elementor-size-default\">Pour un monde meilleur<\/h3>\t\t\t\t<\/div>\n\t\t\t\t<\/div>\n\t\t\t\t<div class=\"elementor-element elementor-element-d103c6c elementor-widget elementor-widget-text-editor\" data-id=\"d103c6c\" data-element_type=\"widget\" data-e-type=\"widget\" data-widget_type=\"text-editor.default\">\n\t\t\t\t<div class=\"elementor-widget-container\">\n\t\t\t\t\t\t\t\t\t<p>Chez RVE, nous combinons croissance et d\u00e9fense prioritaire de la durabilit\u00e9 et de la responsabilit\u00e9. En portant un regard critique sur la gestion de notre entreprise et en l\u2019adaptant en permanence, nous assumons la responsabilit\u00e9 de notre impact sur les personnes et l\u2019environnement. D\u00e9couvrez comment nous concr\u00e9tisons nos ambitions dans le domaine de la durabilit\u00e9.  <\/p>\t\t\t\t\t\t\t\t<\/div>\n\t\t\t\t<\/div>\n\t\t\t\t<div class=\"elementor-element elementor-element-036e7a0 elementor-widget elementor-widget-button\" data-id=\"036e7a0\" data-element_type=\"widget\" data-e-type=\"widget\" data-widget_type=\"button.default\">\n\t\t\t\t<div class=\"elementor-widget-container\">\n\t\t\t\t\t\t\t\t\t<div class=\"elementor-button-wrapper\">\n\t\t\t\t\t<a class=\"elementor-button elementor-button-link elementor-size-sm\" href=\"https:\/\/rve.eu\/fr\/durabilite\/\">\n\t\t\t\t\t\t<span class=\"elementor-button-content-wrapper\">\n\t\t\t\t\t\t\t\t\t<span class=\"elementor-button-text\">Durabilit\u00e9<\/span>\n\t\t\t\t\t<\/span>\n\t\t\t\t\t<\/a>\n\t\t\t\t<\/div>\n\t\t\t\t\t\t\t\t<\/div>\n\t\t\t\t<\/div>\n\t\t\t\t<\/div>\n\t\t\t\t<\/div>\n\t\t\t\t\t<\/div>\n\t\t\t\t<\/div>\n\t\t<div class=\"elementor-element elementor-element-b84b4cf e-flex e-con-boxed e-con e-parent\" data-id=\"b84b4cf\" data-element_type=\"container\" data-e-type=\"container\">\n\t\t\t\t\t<div class=\"e-con-inner\">\n\t\t<div class=\"elementor-element elementor-element-bd1fab0 e-con-full e-flex e-con e-child\" data-id=\"bd1fab0\" data-element_type=\"container\" data-e-type=\"container\">\n\t\t<div class=\"elementor-element elementor-element-c9afbc6 e-con-full e-flex e-con e-child\" data-id=\"c9afbc6\" data-element_type=\"container\" data-e-type=\"container\" data-settings=\"{&quot;background_background&quot;:&quot;classic&quot;}\">\n\t\t<div class=\"elementor-element elementor-element-08dcc57 e-con-full e-flex e-con e-child\" data-id=\"08dcc57\" data-element_type=\"container\" data-e-type=\"container\">\n\t\t\t\t<div class=\"elementor-element elementor-element-34917c6 elementor-widget elementor-widget-heading\" data-id=\"34917c6\" data-element_type=\"widget\" data-e-type=\"widget\" data-widget_type=\"heading.default\">\n\t\t\t\t<div class=\"elementor-widget-container\">\n\t\t\t\t\t<h2 class=\"elementor-heading-title elementor-size-default\">Egalement devenir fournisseur ?<\/h2>\t\t\t\t<\/div>\n\t\t\t\t<\/div>\n\t\t\t\t<div class=\"elementor-element elementor-element-bbe3caa elementor-widget elementor-widget-text-editor\" data-id=\"bbe3caa\" data-element_type=\"widget\" data-e-type=\"widget\" data-widget_type=\"text-editor.default\">\n\t\t\t\t<div class=\"elementor-widget-container\">\n\t\t\t\t\t\t\t\t\t<p>Curieux de savoir si nous avons de la place pour vos produits dans notre assortiment ?<\/p>\t\t\t\t\t\t\t\t<\/div>\n\t\t\t\t<\/div>\n\t\t\t\t<div class=\"elementor-element elementor-element-01b5f82 elementor-widget elementor-widget-button\" data-id=\"01b5f82\" data-element_type=\"widget\" data-e-type=\"widget\" data-widget_type=\"button.default\">\n\t\t\t\t<div class=\"elementor-widget-container\">\n\t\t\t\t\t\t\t\t\t<div class=\"elementor-button-wrapper\">\n\t\t\t\t\t<a class=\"elementor-button elementor-button-link elementor-size-sm\" href=\"https:\/\/rve.eu\/fr\/contact\/\">\n\t\t\t\t\t\t<span class=\"elementor-button-content-wrapper\">\n\t\t\t\t\t\t\t\t\t<span class=\"elementor-button-text\">Prendre contact<\/span>\n\t\t\t\t\t<\/span>\n\t\t\t\t\t<\/a>\n\t\t\t\t<\/div>\n\t\t\t\t\t\t\t\t<\/div>\n\t\t\t\t<\/div>\n\t\t\t\t<\/div>\n\t\t<div class=\"elementor-element elementor-element-6a652b0 e-con-full e-flex e-con e-child\" data-id=\"6a652b0\" data-element_type=\"container\" data-e-type=\"container\" data-settings=\"{&quot;background_background&quot;:&quot;classic&quot;}\">\n\t\t\t\t<\/div>\n\t\t\t\t<\/div>\n\t\t\t\t<\/div>\n\t\t\t\t\t<\/div>\n\t\t\t\t<\/div>\n\t\t\t\t<\/div>\n\t\t","protected":false},"excerpt":{"rendered":"<p>RVE Devenir fournisseur Vous cultivez de beaux produits et voulez savoir si vous pourriez les livrer \u00e0 RVE ? D\u00e9couvrez ce que nous pouvons signifier l\u2019un pour l\u2019autre ! T\u00e9l\u00e9chargez la brochure Contact Ensemble pour le meilleur r\u00e9sultat Les superbes produits que nous achetons chez nos producteurs font la diff\u00e9rence. C&rsquo;est sur la base des [&hellip;]<\/p>\n","protected":false},"author":1,"featured_media":0,"parent":1371,"menu_order":0,"comment_status":"closed","ping_status":"closed","template":"elementor_header_footer","meta":{"_acf_changed":false,"footnotes":""},"class_list":["post-1403","page","type-page","status-publish","hentry"],"acf":[],"_links":{"self":[{"href":"https:\/\/rve.eu\/fr\/wp-json\/wp\/v2\/pages\/1403","targetHints":{"allow":["GET"]}}],"collection":[{"href":"https:\/\/rve.eu\/fr\/wp-json\/wp\/v2\/pages"}],"about":[{"href":"https:\/\/rve.eu\/fr\/wp-json\/wp\/v2\/types\/page"}],"author":[{"embeddable":true,"href":"https:\/\/rve.eu\/fr\/wp-json\/wp\/v2\/users\/1"}],"replies":[{"embeddable":true,"href":"https:\/\/rve.eu\/fr\/wp-json\/wp\/v2\/comments?post=1403"}],"version-history":[{"count":3,"href":"https:\/\/rve.eu\/fr\/wp-json\/wp\/v2\/pages\/1403\/revisions"}],"predecessor-version":[{"id":1625,"href":"https:\/\/rve.eu\/fr\/wp-json\/wp\/v2\/pages\/1403\/revisions\/1625"}],"up":[{"embeddable":true,"href":"https:\/\/rve.eu\/fr\/wp-json\/wp\/v2\/pages\/1371"}],"wp:attachment":[{"href":"https:\/\/rve.eu\/fr\/wp-json\/wp\/v2\/media?parent=1403"}],"curies":[{"name":"wp","href":"https:\/\/api.w.org\/{rel}","templated":true}]}}